{"id":1588,"date":"2020-05-17T04:32:17","date_gmt":"2020-05-17T00:32:17","guid":{"rendered":"https:\/\/keyshop.windowsandoffice.com\/?post_type=product&#038;p=1588"},"modified":"2026-01-13T20:50:00","modified_gmt":"2026-01-13T19:50:00","slug":"ms-project-2016-professional","status":"publish","type":"product","link":"https:\/\/keyshop.windowsandoffice.com\/de\/produkt\/ms-project-2016-professional\/","title":{"rendered":"Microsoft Project 2016 Professional Lizenz f\u00fcr 3 PCs"},"content":{"rendered":"<h2>Projekt 2016 Professionell<\/h2>\n<p>&nbsp;<\/p>\n<p>Microsoft Project Professional 2016 ist eine Unternehmenssoftware, mit der Konzerne, KMU und Start-ups ihre Projekte planen, \u00fcberwachen und erfolgreich umsetzen. Das Projektmanagementsystem stellt alle Funktionen von Project Standard bereit und bietet zus\u00e4tzliche L\u00f6sungen, um das Ressourcenmanagement zu koordinieren, den Personaleinsatz zu planen, mithilfe der Webanwendung Microsoft SharePoint in Teams auf unternehmensweiten Portalen zusammenzuarbeiten und Inhalte wie Arbeitszeittabellen zu \u00fcbersenden.<\/p>\n<p>&nbsp;<\/p>\n<p>Die wesentlichen Features von Microsoft Project Professional 2016 Projektmanager und Teammitglieder kooperieren in Microsoft Project Professional 2016 flexibel via SharePoint, Project Server oder Skype. Das Projektmanagementsystem f\u00fcr den Desktop l\u00e4sst sich mit allen Anwendungen und Cloud-Diensten von Microsoft verwenden und ist mit einer Client Access License (CAL), einer Clientzugriffslizenz f\u00fcr den Projektserver ausgestattet. Mit den Werkzeugen erstellen Projektgruppen Zeitpl\u00e4ne, Arbeits- und Kostenbudgets, Was-w\u00e4re-wenn-Analysen, Reports und grafische Aufbereitungen, die Daten zu aussagekr\u00e4ftigen Informationen verdichten sowie Trends und Abweichungen transparent anzeigen. Mit Microsoft Project Professional 2016 lassen sich s\u00e4mtliche Variablen und Schritte strukturiert erfassen, um zum Beispiel ein umfangreiches Software-Projekt, eine Marketing-Kampagne oder einen Messeauftritt zum anvisierten Termin fertigzustellen und w\u00e4hrend des Prozesses das Risiko einer Fehlplanung zu minimieren. Hierzu greifen Teams und Abteilungen auf schnell anpassbare Templates oder Schablonen mit flexiblen Import- und Export-Funktionen als auch auf verschiedene Instrumente zur Visualisierung wie Gantt-Balkendiagramme zur\u00fcck, die Abh\u00e4ngigkeiten aufzeigen, wiederkehrende Teilaufgaben zusammenfassen, die Kosten differenziert anzeigen und den Status des Projektzeitplanes veranschaulichen.<\/p>\n<h3><strong>Produktmerkmale<\/strong><\/h3>\n<p>Folgende Programmmerkmale erwarten Sie in Microsoft Project 2016:<\/p>\n<ul>\n<li>Leistungsstarke Anwendung zu Projektplanung und -steuerung<\/li>\n<li>Behalten Sie den \u00dcberblick \u00fcber Fortschritt und Kosten des Projekts<\/li>\n<li>Intuitive Benutzeroberfl\u00e4che<\/li>\n<li>Optimale Integration mit anderen Microsoft Produkten z.B. Office<\/li>\n<li>Umfangreiche Analyse und Reportfunktion<\/li>\n<li>Praxisorientiertes Smart-tool<\/li>\n<li>Konfigurierbare Ansicht f\u00fcr optimale Ergebnisse<\/li>\n<li>Individuelle datumsbasierte Auswertung<\/li>\n<\/ul>\n<h3><strong>Systemanforderungen:<\/strong><\/h3>\n<ul>\n<li>Windows 10, Windows 8.1, Windows 8, Windows 7 Service Pack 1, Windows Server 2016, Windows Server 2012 R2, Windows Server 2012, oder Windows Server 2008 R2.<\/li>\n<li>1 GHz oder schnellerer x86-bit oder x64-bit Prozessor mit SSE2 Befehlssatz<\/li>\n<li>2 GB Arbeitsspeicher<\/li>\n<li>3 GB verf\u00fcgbarer Arbeitsspeicher<\/li>\n<li>Grafikbeschleunigung setzt eine DirectX 10 kompatible Grafikkarte voraus.<\/li>\n<li>.NET 3.5 wird vorausgesetzt. Einige funktionen setzen die Installation von .NET 4.0, 4.5, or 4.6 CLR voraus.<\/li>\n<\/ul>\n<p>Passt besonders zu <a href=\"https:\/\/keyshop.windowsandoffice.com\/de\/produkt\/windows-10-pro\/\">Windows 10 Pro<\/a> und <a href=\"https:\/\/keyshop.windowsandoffice.com\/de\/produkt\/windows-10-home\/\">Windows Home.<\/a><\/p>\n<h3><strong>Unterst\u00fctzung:<\/strong><\/h3>\n<p>Sollten Fragen auftreten, z\u00f6gern Sie nicht uns <a href=\"mailto:keyshop@dl-winandoffice.com\">per E-Mail<\/a>zu kontaktieren. Unser Kundenservice ist rund um die Uhr f\u00fcr Sie erreichbar. So erhalten Sie sofortige Unterst\u00fctzung.<\/p>\n<p>Andererseits garantieren wir die Verf\u00fcgbarkeit aller unser Produkte. Daher werden Sie Ihre Bestellung immer p\u00fcnktlich erhalten.<\/p>\n<p>Unsere Firma hat \u00fcber 10 Jahre Erfahrung in der Branche. Das bedeutet, dass wir einen professionellen Service nach Ihren Vorstellungen anbieten. Also laden wir Sie ein, zu dem gro\u00dfen Kreis zufriedener Kunden zu z\u00e4hlen.<\/p>\n<p>Um unsere aktuellen News zu erhalten<strong>, <a href=\"https:\/\/news.dl-winandoffice.com\/en\/\" target=\"_blank\" rel=\"noopener noreferrer nofollow\">klicken Sie hier.<\/a><\/strong><\/p>\n<div id=\"gtx-trans\">\n<div class=\"gtx-trans-icon\"><\/div>\n<\/div>\n<div id=\"gtx-trans\">\n<div class=\"gtx-trans-icon\"><\/div>\n<\/div>","protected":false},"excerpt":{"rendered":"<p>Microsoft Project Professional 2016 ist eine Unternehmenssoftware, mit der Konzerne, KMU und Start-ups ihre Projekte planen, \u00fcberwachen und erfolgreich umsetzen. Das Projektmanagementsystem stellt alle Funktionen von Project Standard bereit und bietet zus\u00e4tzliche L\u00f6sungen, um das Ressourcenmanagement zu koordinieren, den Personaleinsatz zu planen, mithilfe der Webanwendung Microsoft SharePoint in Teams auf unternehmensweiten Portalen zusammenzuarbeiten und Inhalte wie Arbeitszeittabellen zu \u00fcbersenden.<\/p>\n<p><strong>\u00a0 \u00a0 \u00a0 \u00a0 \u00a0 \u00a0 \u00a0 \u00a0 \u00a0 \u00a0 Hinweis<\/strong><\/p>\n<ul>\n<li style=\"list-style-type: none;\">\n<ul>\n<li><strong>Project 2016 Professional ist nur mit Windows 10 und 11 kompatibel.<\/strong><\/li>\n<\/ul>\n<\/li>\n<\/ul>\n<ul>\n<li style=\"list-style-type: none;\">\n<ul>\n<li><strong>Project 2016 Professional ist NICHT kompatibel mit Apple-Betriebssystemen (MacOS, iPadOS, iOS), Chromebooks<\/strong><\/li>\n<\/ul>\n<\/li>\n<\/ul>","protected":false},"featured_media":115820,"comment_status":"open","ping_status":"closed","template":"","meta":{"_acf_changed":false},"product_brand":[],"product_cat":[40,57],"product_tag":[],"class_list":{"0":"post-1588","1":"product","2":"type-product","3":"status-publish","4":"has-post-thumbnail","6":"product_cat-msoffice","7":"product_cat-project","9":"first","10":"instock","11":"sale","12":"virtual","13":"taxable","14":"purchasable","15":"product-type-simple"},"acf":[],"_links":{"self":[{"href":"https:\/\/keyshop.windowsandoffice.com\/de\/wp-json\/wp\/v2\/product\/1588","targetHints":{"allow":["GET"]}}],"collection":[{"href":"https:\/\/keyshop.windowsandoffice.com\/de\/wp-json\/wp\/v2\/product"}],"about":[{"href":"https:\/\/keyshop.windowsandoffice.com\/de\/wp-json\/wp\/v2\/types\/product"}],"replies":[{"embeddable":true,"href":"https:\/\/keyshop.windowsandoffice.com\/de\/wp-json\/wp\/v2\/comments?post=1588"}],"wp:featuredmedia":[{"embeddable":true,"href":"https:\/\/keyshop.windowsandoffice.com\/de\/wp-json\/wp\/v2\/media\/115820"}],"wp:attachment":[{"href":"https:\/\/keyshop.windowsandoffice.com\/de\/wp-json\/wp\/v2\/media?parent=1588"}],"wp:term":[{"taxonomy":"product_brand","embeddable":true,"href":"https:\/\/keyshop.windowsandoffice.com\/de\/wp-json\/wp\/v2\/product_brand?post=1588"},{"taxonomy":"product_cat","embeddable":true,"href":"https:\/\/keyshop.windowsandoffice.com\/de\/wp-json\/wp\/v2\/product_cat?post=1588"},{"taxonomy":"product_tag","embeddable":true,"href":"https:\/\/keyshop.windowsandoffice.com\/de\/wp-json\/wp\/v2\/product_tag?post=1588"}],"curies":[{"name":"wp","href":"https:\/\/api.w.org\/{rel}","templated":true}]}}