{"id":1582,"date":"2020-05-17T04:10:38","date_gmt":"2020-05-17T00:10:38","guid":{"rendered":"https:\/\/keyshop.windowsandoffice.com\/?post_type=product&#038;p=1582"},"modified":"2026-01-13T20:50:00","modified_gmt":"2026-01-13T19:50:00","slug":"ms-project-2019-professional","status":"publish","type":"product","link":"https:\/\/keyshop.windowsandoffice.com\/de\/produkt\/ms-project-2019-professional\/","title":{"rendered":"Microsoft Project 2019 Professional Lizenz f\u00fcr 3 PCs"},"content":{"rendered":"<p>Arbeiten Sie mit anderen zusammen, um im Handumdrehen erfolgreiche Projekte zu starten und umzusetzen. Umfasst alle Funktionen von Project Standard plus L\u00f6sungen f\u00fcr die Zusammenarbeit, f\u00fcr das Ressourcenmanagement, die SharePoint-Aufgabensynchronisierung, das \u00dcbermitteln von Arbeitszeittabellen und vieles mehr. Microsoft Project Professional 2019 bietet flexible Funktionen, die Ihnen helfen, Projekte zu planen, den Status zu verfolgen und mit anderen von praktisch \u00fcberall zusammenzuarbeiten. Die Anwendung bietet Echtzeitkommunikation und Instant Messaging, die direkt in Ihrem Projektplan \u00fcber Skype for Business aktiviert sind, und konsolidiert alle potenziellen Projektressourcen in einer einzigen Ansicht.<\/p>\n<p>Bleiben Sie organisiert, und halten Sie alle F\u00e4den in der Hand. Ob kleines Projekt oder gro\u00dfe Kampagne, mit Project meistern Sie jede Herausforderung. Sie sind kein Projektmanager? Kein Problem, mit der leistungsf\u00e4higen und komfortablen App kann praktisch jeder Projekte erfolgreich abwickeln.<\/p>\n<h4><strong>Projekte schnell starten und einfach umsetzen<\/strong><\/h4>\n<p>Mit Project 2019 Professional arbeiten Sie selbstbewusst mit einem leistungsstarken Projektmanagement-Tool, das den Einstieg und die Verwaltung von Projekten einfach und leicht macht.<\/p>\n<h4><strong>Projekte stressfrei managen<\/strong><\/h4>\n<p>Behalten Sie auch anspruchsvolle Projekte mit bedarfsgerechten Tools und Methoden ganz einfach unter Kontrolle.<\/p>\n<h4><strong>Einfach im Team arbeiten \u2013 von praktisch jedem Ort<\/strong><\/h4>\n<p>Arbeiten Sie auch \u00fcber gro\u00dfe Entfernungen gemeinsam an Projekten. Da alle Teammitglieder gleichzeitig an einer Version arbeiten, werden Sie noch produktiver.<\/p>\n<h4><strong>Projekte einfach planen<\/strong><\/h4>\n<p>Halten Sie Ihre Projekte auf Kurs, indem Sie den Projektaufwand, die Projektdauer und den Einsatz von Teammitgliedern dynamisch planen.<\/p>\n<h4><strong>Business Intelligence \u2013 schnell zu besseren Erkenntnissen und Ergebnissen<\/strong><\/h4>\n<p>Erstellen Sie mit Power BI interaktive Dashboards, um den Gesamtstatus abzubilden sowie Projekte und Programme bis ins kleinste Detail zu durchleuchten.<\/p>\n<h4><strong>Innovativer denken und handeln<\/strong><\/h4>\n<p>Entwickeln Sie individuelle L\u00f6sungen f\u00fcr den Desktop oder f\u00fcr Mobilger\u00e4te, und automatisieren Sie Workflows mit wenigen Handgriffen. Nutzen Sie dabei eine flexible und sichere Plattform unter Azure, die weltweit als Enterprise-Cloud gesch\u00e4tzt wird.<\/p>\n<h4><strong>Systemanforderungen<\/strong><\/h4>\n<ul>\n<li>1,6 GHz, Doppelkern Prozessor<\/li>\n<li>Windows 10<\/li>\n<li>2 GB (32bit), 4 GB, (64bit) RAM<\/li>\n<li>4 GB verf\u00fcgbarer Festplattenspeicher<\/li>\n<li>Grafikbeschleunigung setzt eine DirectX 10 kompatible Grafikkarte voraus.<\/li>\n<\/ul>\n<p>Sind Sie auf der Suche nach <a href=\"https:\/\/keyshop.windowsandoffice.com\/de\/produkt\/ms-visio-2019-professional\/\">Visio 2019 Professional<\/a>?<\/p>\n<h4><strong>Unterst\u00fctzung:<\/strong><\/h4>\n<p>Sollten Fragen auftreten, z\u00f6gern Sie nicht uns <a href=\"mailto:keyshop@dl-winandoffice.com\">per E-Mail<\/a>zu kontaktieren. Unser Kundenservice ist rund um die Uhr f\u00fcr Sie erreichbar. So erhalten Sie sofortige Unterst\u00fctzung.<\/p>\n<p>Andererseits garantieren wir die Verf\u00fcgbarkeit aller unser Produkte. Daher werden Sie Ihre Bestellung immer p\u00fcnktlich erhalten.<\/p>\n<p>Unsere Firma hat \u00fcber 10 Jahre Erfahrung in der Branche. Das bedeutet, dass wir einen professionellen Service nach Ihren Vorstellungen anbieten. Also laden wir Sie ein, zu dem gro\u00dfen Kreis zufriedener Kunden zu z\u00e4hlen.<\/p>\n<p>Um unsere aktuellen News zu erhalten<strong>, <a href=\"https:\/\/news.dl-winandoffice.com\/en\/\" target=\"_blank\" rel=\"noopener noreferrer nofollow\">klicken Sie hier.<\/a><\/strong><\/p>\n<p>&nbsp;<\/p>","protected":false},"excerpt":{"rendered":"<p>Arbeiten Sie mit anderen zusammen, um im Handumdrehen erfolgreiche Projekte zu starten und umzusetzen. Umfasst alle Funktionen von Project Standard plus L\u00f6sungen f\u00fcr die Zusammenarbeit, f\u00fcr das Ressourcenmanagement, die SharePoint-Aufgabensynchronisierung, das \u00dcbermitteln von Arbeitszeittabellen und vieles mehr. Microsoft Project Professional 2019 bietet flexible Funktionen, die Ihnen helfen, Projekte zu planen, den Status zu verfolgen und mit anderen von praktisch \u00fcberall zusammenzuarbeiten. Die Anwendung bietet Echtzeitkommunikation und Instant Messaging, die direkt in Ihrem Projektplan \u00fcber Skype for Business aktiviert sind, und konsolidiert alle potenziellen Projektressourcen in einer einzigen Ansicht.<\/p>\n<p><strong>Hinweis<\/strong><\/p>\n<ul>\n<li style=\"list-style-type: none;\">\n<ul>\n<li><strong>Project Professional 2019 ist nur mit Windows 10 und 11 kompatibel.<\/strong><\/li>\n<\/ul>\n<\/li>\n<\/ul>\n<ul>\n<li style=\"list-style-type: none;\">\n<ul>\n<li><strong>Project Professional 2019 ist NICHT kompatibel mit Apple-Betriebssystemen (MacOS, iPadOS, iOS), Chromebooks<\/strong><\/li>\n<\/ul>\n<\/li>\n<\/ul>","protected":false},"featured_media":115818,"comment_status":"open","ping_status":"closed","template":"","meta":{"_acf_changed":false},"product_brand":[],"product_cat":[40,57],"product_tag":[],"class_list":{"0":"post-1582","1":"product","2":"type-product","3":"status-publish","4":"has-post-thumbnail","6":"product_cat-msoffice","7":"product_cat-project","9":"first","10":"instock","11":"sale","12":"virtual","13":"taxable","14":"purchasable","15":"product-type-simple"},"acf":[],"_links":{"self":[{"href":"https:\/\/keyshop.windowsandoffice.com\/de\/wp-json\/wp\/v2\/product\/1582","targetHints":{"allow":["GET"]}}],"collection":[{"href":"https:\/\/keyshop.windowsandoffice.com\/de\/wp-json\/wp\/v2\/product"}],"about":[{"href":"https:\/\/keyshop.windowsandoffice.com\/de\/wp-json\/wp\/v2\/types\/product"}],"replies":[{"embeddable":true,"href":"https:\/\/keyshop.windowsandoffice.com\/de\/wp-json\/wp\/v2\/comments?post=1582"}],"wp:featuredmedia":[{"embeddable":true,"href":"https:\/\/keyshop.windowsandoffice.com\/de\/wp-json\/wp\/v2\/media\/115818"}],"wp:attachment":[{"href":"https:\/\/keyshop.windowsandoffice.com\/de\/wp-json\/wp\/v2\/media?parent=1582"}],"wp:term":[{"taxonomy":"product_brand","embeddable":true,"href":"https:\/\/keyshop.windowsandoffice.com\/de\/wp-json\/wp\/v2\/product_brand?post=1582"},{"taxonomy":"product_cat","embeddable":true,"href":"https:\/\/keyshop.windowsandoffice.com\/de\/wp-json\/wp\/v2\/product_cat?post=1582"},{"taxonomy":"product_tag","embeddable":true,"href":"https:\/\/keyshop.windowsandoffice.com\/de\/wp-json\/wp\/v2\/product_tag?post=1582"}],"curies":[{"name":"wp","href":"https:\/\/api.w.org\/{rel}","templated":true}]}}