{"id":1576,"date":"2020-05-17T03:25:23","date_gmt":"2020-05-16T23:25:23","guid":{"rendered":"https:\/\/keyshop.windowsandoffice.com\/?post_type=product&#038;p=1576"},"modified":"2026-04-28T20:10:04","modified_gmt":"2026-04-28T18:10:04","slug":"ms-visio-2019-professional","status":"publish","type":"product","link":"https:\/\/keyshop.windowsandoffice.com\/de\/produkt\/ms-visio-2019-professional\/","title":{"rendered":"Microsoft Visio 2019 Professional Lizenz f\u00fcr 3 PCs"},"content":{"rendered":"<p>Microsoft Visio bleibt auch in der Edition Professional 2019 das beste Werkzeug, um Diagramme in Unternehmen zu gestalten und sich dabei anhand verbreiteter Branchenstandards wie IEEE zu orientieren. Zus\u00e4tzlich hat Microsoft Tausende von Verbesserungen im Detail vorgenommen und neue Features eingef\u00fchrt, um vor allem die Bearbeitung von Projekten in gr\u00f6\u00dferen Teams zu erleichtern. Damit richtet sich die Software explizit an professionelle Anwender. Dennoch bleibt der bekannte leichte Einstieg in das Programm erhalten, was vor allem durch unz\u00e4hlige Vorlagen und das bew\u00e4hrte Office-Interface erzielt wird. Jeder K\u00e4ufer erh\u00e4lt weiterhin 2 GB kostenlosen Speicherplatz bei Microsofts eigener Cloud-L\u00f6sung OneDrive.<\/p>\n<h4>Neue Funktionen in Visio 2019 Professional<\/h4>\n<p>Die Generierung von Diagrammen ist in Microsoft Visio Professional 2019 sofort nach Programmstart m\u00f6glich: Hunderte von Vorlagen, die auf einer Auswahl von mehr als 250.000 Formen basieren, stellen dies sicher. Da sich die Desktop-Anwendung au\u00dferdem permanent selbst aktualisiert, werden neue Vorlagen regelm\u00e4\u00dfig hinzuf\u00fcgt. Fertige Diagramme teilen Anwender anschlie\u00dfend nicht nur als Visio-Datens\u00e4tze, sondern auch \u00fcber das Internet: Dazu unterst\u00fctzt Visio Professional 2019 webbasierte Darstellungen von Diagrammen oder auch die Ausgabe als PDF-Datei f\u00fcr Nutzer, die Visio nicht auf ihrem Ger\u00e4t verwenden. Kommentare, die andere Anwender anschlie\u00dfend im Diagramm hinterlegen, sieht auch der Ersteller des Projekts augenblicklich und erh\u00e4lt dadurch Feedback.<\/p>\n<h4>Kompatibilit\u00e4t mit eigener und fremder Software<\/h4>\n<p>Visio 2019 Professional ist kompatibel mit Microsoft Office-Software wie Excel, aber auch mit Software von Drittanbietern wie dem beliebten AutoCAD. Diese Funktion spart Zeit bei der Arbeit.<br \/>\nUm diese Diagramme mit Leben zu f\u00fcllen und gro\u00dfe Mengen an Informationen \u00fcbersichtlich darzustellen, stehen unz\u00e4hlige Farben, Formen und Diagramme zur Verf\u00fcgung, die sich auf die f\u00fcr den Betrachter wichtigen Daten konzentrieren.<\/p>\n<h4>Teamarbeit<\/h4>\n<p>Sobald sich Daten jeglicher Art \u00e4ndern, die zuvor bereits in das Diagramm integriert wurden, wird Microsoft Visio Professional 2019 au\u00dferdem sofort die Darstellung des Projekts \u00e4ndern. Dazu scannt das Programm die eingebundenen Daten permanent - egal, woher diese stammen und ob diese lokal oder im Netzwerk zur Verf\u00fcgung stehen - und gibt \u00c4nderungen dann sofort an das aktuelle Diagramm weiter. Damit behalten alle Personen, die an diesem Projekt arbeiten, stets die \u00dcbersicht und arbeiten gemeinsam an einer einzigen Version dieses Diagramms. Der Verzicht auf manuelle Aktualisierungen erleichtert au\u00dferdem den Arbeitsprozess und spart langfristig viel Zeit.<\/p>\n<h4>Betriebssystem-Kompatibilit\u00e4t<\/h4>\n<p>Microsoft hat Visio Professional 2019 so entwickelt, dass es ausschlie\u00dflich mit einer der Editionen von Windows 10 sowie Windows 10S kompatibel ist. Es ist nicht m\u00f6glich, die Software mit einer \u00e4lteren Windows-Version auszuf\u00fchren. Weiterhin handelt es sich bei diesem Angebot um einen Produktschl\u00fcssel f\u00fcr einen Desktop-PC oder ein Notebook. Es fallen keine weiteren Abo-Kosten an. Microsoft garantiert, diese Software f\u00fcr mindestens f\u00fcnf Jahre mit Updates zu versorgen.<\/p>\n<h4>Systemanforderungen:<\/h4>\n<ul>\n<li>Windows 10, Windows Server 2019<\/li>\n<li>1,6 GHz, Doppelkern Prozessor oder schneller<\/li>\n<li>2 Gb Arbetisspeicher (32-bit); 4 GB Arbeitsspeicher (64-bit)<\/li>\n<li>4 GB verf\u00fcgbarer Festplattenspeicher<\/li>\n<li>Grafikbeschleunigung setzt eine DirectX 9 kompatible Grafikkarte voraus. Mit WDDM 2.0 oder h\u00f6her f\u00fcr Windows 10 (oder WDDM 1.3 f\u00fcr Windows 10 Fall Creators Update).<\/li>\n<\/ul>\n<p>Sind Sie auf der Suche nach <a href=\"https:\/\/keyshop.windowsandoffice.com\/de\/produkt\/ms-project-2019-professional\/\">Projekt 2019 Professional<\/a>?<\/p>\n<h4>Unterst\u00fctzung:<\/h4>\n<p>Wenn Sie Fragen haben, z\u00f6gern Sie bitte nicht, uns zu kontaktieren <a href=\"mailto:keyshop@dl-winandoffice.com\">per E-Mail<\/a>zu kontaktieren. Unser Kundenservice ist rund um die Uhr f\u00fcr Sie erreichbar. So erhalten Sie sofortige Unterst\u00fctzung.<\/p>\n<p>Andererseits garantieren wir die Verf\u00fcgbarkeit aller unser Produkte. Daher werden Sie Ihre Bestellung immer p\u00fcnktlich erhalten.<\/p>\n<p>Unsere Firma hat \u00fcber 10 Jahre Erfahrung in der Branche. Das bedeutet, dass wir einen professionellen Service nach Ihren Vorstellungen anbieten. Also laden wir Sie ein, zu dem gro\u00dfen Kreis zufriedener Kunden zu z\u00e4hlen.<\/p>\n<p>Um unsere aktuellen News zu erhalten<strong>, <a href=\"https:\/\/news.dl-winandoffice.com\/en\/\" target=\"_blank\" rel=\"noopener noreferrer nofollow\">klicken Sie hier.<\/a><\/strong><\/p>","protected":false},"excerpt":{"rendered":"<p>Das Visualisierungsprogramm Microsoft Visio Professional 2019 bietet Ihnen die M\u00f6glichkeit, Gesch\u00e4ftsorganigramme, Ablaufprozesse, Schaltkreise oder technische Zeichnungen zu entwerfen. Zahlreiche Vorlagen nach Branchenstandards wie BPMN oder SDL lassen Sie beispielsweise auch UML-Diagramme oder Geb\u00e4udegrundrisse abbilden. Im Programm k\u00f6nnen Sie direkt \u00fcberpr\u00fcfen, ob die erstellten Diagramme alle Anforderungen erf\u00fcllen. Mit Microsoft Visio Professional 2019 k\u00f6nnen Sie mit anderen Personen gleichzeitig an einem Projekt arbeiten und werden bei \u00c4nderungen benachrichtigt. Bei Bedarf hinterlassen Sie Kommentare oder Antworten selbst auf Anmerkungen Ihrer Kollegen. Ihre in Microsoft Visio Professional 2019 enthaltenen Daten verkn\u00fcpfen Sie auf Wunsch mit externen Quellen wie Excel-Arbeitsmappen, Access-Datenbanken oder Exchange-Server-Verzeichnissen. Ihre Ergebnisse speichern Sie unter anderem in Formaten wie PDF, AutoCAD, JPG und XML oder bereiten das Projekt f\u00fcr eine Ver\u00f6ffentlichung im Internet oder auf einem SharePoint-Server auf.<\/p>\n<p><strong>Hinweis<\/strong><\/p>\n<ul>\n<li><strong>Dieses Produkt ist nur mit Windows 10 und 11 kompatibel.<\/strong><\/li>\n<li><strong>Dieses Produkt ist NICHT kompatibel mit Apple-Betriebssystemen (MacOS, iPadOS, iOS), Chromebooks<\/strong><\/li>\n<\/ul>","protected":false},"featured_media":1607,"comment_status":"open","ping_status":"closed","template":"","meta":{"_acf_changed":false},"product_brand":[],"product_cat":[40,56],"product_tag":[],"class_list":{"0":"post-1576","1":"product","2":"type-product","3":"status-publish","4":"has-post-thumbnail","6":"product_cat-msoffice","7":"product_cat-visio","9":"first","10":"instock","11":"sale","12":"virtual","13":"taxable","14":"purchasable","15":"product-type-simple"},"acf":[],"_links":{"self":[{"href":"https:\/\/keyshop.windowsandoffice.com\/de\/wp-json\/wp\/v2\/product\/1576","targetHints":{"allow":["GET"]}}],"collection":[{"href":"https:\/\/keyshop.windowsandoffice.com\/de\/wp-json\/wp\/v2\/product"}],"about":[{"href":"https:\/\/keyshop.windowsandoffice.com\/de\/wp-json\/wp\/v2\/types\/product"}],"replies":[{"embeddable":true,"href":"https:\/\/keyshop.windowsandoffice.com\/de\/wp-json\/wp\/v2\/comments?post=1576"}],"wp:featuredmedia":[{"embeddable":true,"href":"https:\/\/keyshop.windowsandoffice.com\/de\/wp-json\/wp\/v2\/media\/1607"}],"wp:attachment":[{"href":"https:\/\/keyshop.windowsandoffice.com\/de\/wp-json\/wp\/v2\/media?parent=1576"}],"wp:term":[{"taxonomy":"product_brand","embeddable":true,"href":"https:\/\/keyshop.windowsandoffice.com\/de\/wp-json\/wp\/v2\/product_brand?post=1576"},{"taxonomy":"product_cat","embeddable":true,"href":"https:\/\/keyshop.windowsandoffice.com\/de\/wp-json\/wp\/v2\/product_cat?post=1576"},{"taxonomy":"product_tag","embeddable":true,"href":"https:\/\/keyshop.windowsandoffice.com\/de\/wp-json\/wp\/v2\/product_tag?post=1576"}],"curies":[{"name":"wp","href":"https:\/\/api.w.org\/{rel}","templated":true}]}}