{"id":1569,"date":"2020-05-17T03:22:46","date_gmt":"2020-05-16T23:22:46","guid":{"rendered":"https:\/\/keyshop.windowsandoffice.com\/?post_type=product&#038;p=1569"},"modified":"2026-01-13T20:50:00","modified_gmt":"2026-01-13T19:50:00","slug":"ms-visio-2016-professional","status":"publish","type":"product","link":"https:\/\/keyshop.windowsandoffice.com\/de\/produkt\/ms-visio-2016-professional\/","title":{"rendered":"Microsoft Visio 2016 Professional Lizenz f\u00fcr 3 PCs"},"content":{"rendered":"<p>Mit Microsoft Visio Professional 2016 k\u00f6nnen einzelne Personen und Teams professionelle, vielseitige Diagramme, die komplexe Informationen vereinfachen, problemloser denn je erstellen und freigeben. Es enth\u00e4lt alle Funktionen von Visio Standard 2016 sowie aktualisierte Formen, Vorlagen und Stile, erweiterte Unterst\u00fctzung f\u00fcr die Teamzusammenarbeit, einschlie\u00dflich der M\u00f6glichkeit f\u00fcr mehrere Personen gleichzeitig an einem einzigen Diagramm zu arbeiten, und die F\u00e4higkeit, Diagramme mit Daten zu verkn\u00fcpfen.<\/p>\n<p>Vereinfachen Sie die Vermittlung komplexer Informationen mit Diagrammen, die mit Daten verkn\u00fcpft sind und mit nur wenigen Klicks erstellt werden k\u00f6nnen. Mit Visio wird das Erstellen von Diagrammen zu einem Kinderspiel. Ganz gleich, ob Sie schnell ein Flussdiagramm zu einem Ablauf erstellen m\u00f6chten, den Sie mit Ihren Kollegen an einem Whiteboard er\u00f6rtert haben, ob Sie ein IT-Netzwerk abbilden, ein Organigramm erstellen, einen Gesch\u00e4ftsprozess dokumentieren oder einen Grundriss zeichnen m\u00f6chten, Visio hilft Ihnen, Ihre Arbeit zu visualisieren. Verbinden Sie Daten mit der Visualisierung einer Organisationsstruktur, eines IT-Netzwerks, einer Fertigungsanlage oder mit komplexen Gesch\u00e4ftsprozessen, um die Leistung auf den ersten Blick erkennen zu k\u00f6nnen. Visio-Shapes k\u00f6nnen mit zahlreichen Datenquellen wie Microsoft Excel, Microsoft Excel Services, Active Directory, Microsoft SQL Server, Microsoft SQL Azure und Microsoft SharePoint-Listen sowie Business Connectivity Services verkn\u00fcpft werden. Verwenden Sie Datengrafiken wie Symbole, Farben oder Text, um die Visualisierung komplexer Informationen zu vereinfachen und zu verbessern. Nutzen Sie die neue Ein-Schritt-Konnektivit\u00e4t mit Excel-Tabellen, und tauschen Sie Datengrafiken mit einem Klick Ihren Vorstellungen entsprechend aus.<\/p>\n<h4>Kompatibilit\u00e4t<\/h4>\n<p>Verbinden Sie Daten mit der Visualisierung einer Organisationsstruktur, eines IT-Netzwerks, einer Produktionsanlage oder mit komplexen Gesch\u00e4ftsprozessen, um die Leistungsf\u00e4higkeit auf den ersten Blick erkennen zu k\u00f6nnen.<\/p>\n<p>Visio Shapes k\u00f6nnen mit zahlreichen Datenquellen wie Microsoft Excel, Microsoft Excel Services, Active Directory, Microsoft SQL Server, Microsoft SQL Azure und Microsoft SharePoint-Listen sowie Business Connectivity Services verkn\u00fcpft werden.<\/p>\n<p>Verwenden Sie Datengrafiken wie Symbole, Farben oder Text, um die Visualisierung von komplexen Informationen zu vereinfachen und zu verbessern. Nutzen Sie die neue Ein-Schritt-Verbindung mit Excel-Tabellen und tauschen Sie Datengrafiken mit einem Klick nach Ihren Vorstellungen aus.<\/p>\n<p>Sind Sie auf der Suche nach <a href=\"https:\/\/keyshop.windowsandoffice.com\/de\/produkt\/ms-project-2016-professional\/\">Projekt 2016 Professionell<\/a>?<\/p>\n<h4><strong>Systemanforderungen:<\/strong><\/h4>\n<ul>\n<li>Windows 10, Windows 8.1, Windows 8, Windows 7 Service Pack 1, Windows Server 2016, Windows Server 2012 R2, Windows Server 2012, oder Windows Server 2008 R2.<\/li>\n<li>1 GHz oder schnellerer x86-bit oder x64-bit Prozessor mit SSE2 Befehlssatz<\/li>\n<li>2 GB Arbeitsspeicher<\/li>\n<li>3 GB verf\u00fcgbarer Festplattenspeicher<\/li>\n<li>Grafikbeschleunigung setzt eine DirectX 10 kompatible Grafikkarte voraus.<\/li>\n<li>.NET 3.5 wird vorausgesetzt. Einige funktionen setzen die Installation von .NET 4.0, 4.5, or 4.6 CLR voraus.<\/li>\n<\/ul>\n<h4><strong>Unterst\u00fctzung:<\/strong><\/h4>\n<p>Sollten Fragen auftreten, z\u00f6gern Sie nicht uns <a href=\"mailto:keyshop@dl-winandoffice.com\">per E-Mail<\/a>zu kontaktieren. Unser Kundenservice ist rund um die Uhr f\u00fcr Sie erreichbar. So erhalten Sie sofortige Unterst\u00fctzung.<\/p>\n<p>Andererseits garantieren wir die Verf\u00fcgbarkeit aller unser Produkte. Daher werden Sie Ihre Bestellung immer p\u00fcnktlich erhalten.<\/p>\n<p>Unsere Firma hat \u00fcber 10 Jahre Erfahrung in der Branche. Das bedeutet, dass wir einen professionellen Service nach Ihren Vorstellungen anbieten. Also laden wir Sie ein, zu dem gro\u00dfen Kreis zufriedener Kunden zu z\u00e4hlen.<\/p>\n<p>Um unsere aktuellen News zu erhalten<strong>, <a href=\"https:\/\/news.dl-winandoffice.com\/en\/\" target=\"_blank\" rel=\"noopener noreferrer nofollow\">klicken Sie hier.<\/a><\/strong><\/p>\n<p>&nbsp;<\/p>","protected":false},"excerpt":{"rendered":"<p>Mit Microsoft Visio Professional 2016 k\u00f6nnen einzelne Personen und Teams professionelle, vielseitige Diagramme, die komplexe Informationen vereinfachen, problemloser denn je erstellen und freigeben. Es enth\u00e4lt alle Funktionen von Visio Standard 2016 sowie aktualisierte Formen, Vorlagen und Stile, erweiterte Unterst\u00fctzung f\u00fcr die Teamzusammenarbeit, einschlie\u00dflich der M\u00f6glichkeit f\u00fcr mehrere Personen gleichzeitig an einem einzigen Diagramm zu arbeiten, und die F\u00e4higkeit, Diagramme mit Daten zu verkn\u00fcpfen.<\/p>\n<p><strong>Hinweis<\/strong><\/p>\n<ul>\n<li><strong>Dieses Produkt ist nur mit Windows 10 und 11 kompatibel.<\/strong><\/li>\n<li><strong>Dieses Produkt ist NICHT kompatibel mit Apple-Betriebssystemen (MacOS, iPadOS, iOS), Chromebooks<\/strong><\/li>\n<\/ul>","protected":false},"featured_media":115819,"comment_status":"open","ping_status":"closed","template":"","meta":{"_acf_changed":false},"product_brand":[],"product_cat":[40,56],"product_tag":[],"class_list":{"0":"post-1569","1":"product","2":"type-product","3":"status-publish","4":"has-post-thumbnail","6":"product_cat-msoffice","7":"product_cat-visio","9":"first","10":"instock","11":"sale","12":"virtual","13":"taxable","14":"purchasable","15":"product-type-simple"},"acf":[],"_links":{"self":[{"href":"https:\/\/keyshop.windowsandoffice.com\/de\/wp-json\/wp\/v2\/product\/1569","targetHints":{"allow":["GET"]}}],"collection":[{"href":"https:\/\/keyshop.windowsandoffice.com\/de\/wp-json\/wp\/v2\/product"}],"about":[{"href":"https:\/\/keyshop.windowsandoffice.com\/de\/wp-json\/wp\/v2\/types\/product"}],"replies":[{"embeddable":true,"href":"https:\/\/keyshop.windowsandoffice.com\/de\/wp-json\/wp\/v2\/comments?post=1569"}],"wp:featuredmedia":[{"embeddable":true,"href":"https:\/\/keyshop.windowsandoffice.com\/de\/wp-json\/wp\/v2\/media\/115819"}],"wp:attachment":[{"href":"https:\/\/keyshop.windowsandoffice.com\/de\/wp-json\/wp\/v2\/media?parent=1569"}],"wp:term":[{"taxonomy":"product_brand","embeddable":true,"href":"https:\/\/keyshop.windowsandoffice.com\/de\/wp-json\/wp\/v2\/product_brand?post=1569"},{"taxonomy":"product_cat","embeddable":true,"href":"https:\/\/keyshop.windowsandoffice.com\/de\/wp-json\/wp\/v2\/product_cat?post=1569"},{"taxonomy":"product_tag","embeddable":true,"href":"https:\/\/keyshop.windowsandoffice.com\/de\/wp-json\/wp\/v2\/product_tag?post=1569"}],"curies":[{"name":"wp","href":"https:\/\/api.w.org\/{rel}","templated":true}]}}