{"id":1402,"date":"2020-04-20T03:03:54","date_gmt":"2020-04-20T01:03:54","guid":{"rendered":"https:\/\/keyshop.windowsandoffice.com\/?post_type=product&#038;p=1402"},"modified":"2026-02-12T17:26:00","modified_gmt":"2026-02-12T16:26:00","slug":"windows-10-pro-office-2019-pro","status":"publish","type":"product","link":"https:\/\/keyshop.windowsandoffice.com\/de\/produkt\/windows-10-pro-office-2019-pro\/","title":{"rendered":"Microsoft Office 2019 Professional Plus + Microsoft Windows 10 Professional Lizenz f\u00fcr 3 PCs"},"content":{"rendered":"<h2>Windows 10 Office 2019<\/h2>\n<h3>Windows 10 Office 2019<\/h3>\n<p>Sparen Sie Zeit und Geld mit unserer Microsoft-Kombo (Windows 10 Pro + Office 2019 Pro Plus). Damit bieten wir die neuesten Versionen von Office und Windows. Mit anderen Worten, die weltweit f\u00fchrenden Produktivit\u00e4tsl\u00f6sungen. Das Paket enth\u00e4lt die folgenden Produkte:<\/p>\n<ul>\n<li><strong><a href=\"https:\/\/keyshop.windowsandoffice.com\/de\/produkt\/windows-10-pro\/\">Windows 10 Professional<\/a>.<\/strong> Das sicherste und zuverl\u00e4ssigste Betriebssystem. Au\u00dferdem kommt es mit seiner integrierten pers\u00f6nlichen Assistentin Cortana.<\/li>\n<li><a href=\"https:\/\/keyshop.windowsandoffice.com\/de\/produkt\/office-2019-professional-plus\/\"><strong>Office 2019 Professional Plus<\/strong><\/a>. Das umfangreichste und modernste Office-Paket aller Zeiten<\/li>\n<\/ul>\n<hr \/>\n<h3><strong>Microsoft Windows 10 Professional<\/strong><\/h3>\n<p>Mit Windows 10 Professional haben Sie ein zuverl\u00e4ssiges Betriebssystem auf ihrem Ger\u00e4t. Sie profitieren von schnelleren Systemstarts, einem vertrauten, jedoch verbesserten Startmen\u00fc und neuen M\u00f6glichkeiten, um Dinge schnell zu erledigen. Sie erhalten au\u00dferdem neue Features wie einen brandneuen Browser, um im Web noch besser unterwegs zu sein, und Ihre pers\u00f6nliche digitale Assistentin Cortana. Cortana ist Ihre pers\u00f6nliche digitale Assistentin, die Ihnen auf allen Ihren Windows 10-Ger\u00e4ten folgt und Ihnen hilft, Dinge zu erledigen. Cortana lernt mit der Zeit immer mehr \u00fcber Sie und kann Sie jeden Tag besser unterst\u00fctzen. Windows 10 Professional unterst\u00fctzt Sie optimal bei allem, was Sie tun.<\/p>\n<h4>Eigenschaften<\/h4>\n<p>Mit <em><strong>Windows 10 Professional<\/strong> <\/em>als Herz Ihres Computers kann man alles machen<\/p>\n<ul>\n<li>Integrierte Sicherheitsfeatures wie Antivirensoftware, Firewall und Internetschutzmechanismen<\/li>\n<li>Scannen Sie Ihr Gesicht oder Ihren Fingerabdruck mit Windows Hello, um Ihren Computer schnell, sicher und ohne Kennwort zu entsperren<\/li>\n<li>Mit dem Benachrichtigungsassistenten k\u00f6nnen Sie Benachrichtigungen, Sounds und Warnungen blockieren, damit Sie bei der Arbeit nicht abgelenkt werden<\/li>\n<li>\u00dcber die Zeitachse k\u00f6nnen Sie schnell und einfach durch Ihre zuletzt verwendeten Dokumente, Apps und Websites scrollen<\/li>\n<li><strong>Microsoft Fotos<\/strong> ist eine einfache M\u00f6glichkeit, Mediendateien zu organisieren und zu verwalten. Sie k\u00f6nnen nach ihren Fotos und Videos suchen, diese bearbeiten und teilen.<\/li>\n<li>Mit Game Bar k\u00f6nnen Sie Ihre Spiele sofort live streamen, Bildschirmaufnahmen machen und die Audioeinstellungen pr\u00e4zise anpassen<\/li>\n<li>Remote Desktop erm\u00f6glicht eine sichere Verbindung zu ihrem System von ausserhalb. Sie k\u00f6nnen auf ihre Dateien, Ordner und Anwendungen per Internet zugreifen, egal wo sie gerade sind.<\/li>\n<li>Windows Information Protection (WIP) tr\u00e4gt zum Schutz vor potenziellen Datenlecks bei. Au\u00dferdem beeintr\u00e4chtigt WIP nicht die Arbeit der Mitarbeiter.<\/li>\n<li><strong>BitLocker-Laufwerkverschl\u00fcsselung<\/strong> ist ein Datesicherheits-Feature, welches im Betriebssystem integriert ist um Datendiebst\u00e4hle zu verhindern. Es weist zudem auf verlorene, gestohlene oder veruntreute Systeme in ihrem Netzwerk hin.<\/li>\n<li>Tools f\u00fcr Businessanwendungen<\/li>\n<\/ul>\n<p><em><strong>Dennoch profitieren Sie von schnelleren Systemstarts. Es hat ein vertrautes, aber verbessertes Startmen\u00fc und neue M\u00f6glichkeiten, Dinge schnell zu erledigen. Sie erhalten auch neue Funktionen wie einen neuen Browser. Dadurch erreichen Sie ein verbessertes Web-Erlebnis. Cortana folgt Ihnen auf allen Ihren Windows 10-Ger\u00e4ten. Au\u00dferdem hilft sie, Dinge einfach zu machen. Sie lernt mit der Zeit immer mehr \u00fcber Sie und kann Sie jeden Tag besser unterst\u00fctzen.<\/strong><\/em><\/p>\n<h4><strong>Weitere Produktfeatures<br \/>\n<\/strong><\/h4>\n<p>Au\u00dferdem werden Sie bei allem, was Sie tun, optimal unterst\u00fctzt. Behalten Sie den \u00dcberblick, indem Sie Apps einfach andocken und die Bildschirmfreigabe f\u00fcr produktiveres Arbeiten optimieren. Docken Sie bis zu vier Apps gleichzeitig an und erstellen Sie virtuelle Desktops, wenn Sie mehr Platz ben\u00f6tigen oder Inhalte f\u00fcr ein Projekt gruppieren m\u00f6chten, z. B. Office-Apps f\u00fcr die Arbeit und Spiele f\u00fcr die Freizeit. Live-Kacheln bieten aktualisierte Streams Ihrer wichtigsten Inhalte in Echtzeit.<\/p>\n<p><em>Kurz gefasst: <a href=\"https:\/\/keyshop.windowsandoffice.com\/de\/produkt\/combo1\/\"><strong>Windows 10<\/strong> <\/a>ist kompatibel mit der Hard- und Software sowie den Peripherieger\u00e4ten, die Sie bereits besitzen. Halten Sie Ihr System auf dem neuesten Stand mit neuen Features und Sicherheitsmerkmalen w\u00e4hrend der gesamten Produktlebenszeit.<\/em><\/p>\n<h3><strong>Microsoft Office 2019 Professional Plus<\/strong><\/h3>\n<p>Entscheiden Sie sich noch heute f\u00fcr Office 2019 Professional Plus und Sie erhalten die modernste Officel\u00f6sung aus dem Hause Microsoft. Neben den bekannten Anwendungen erhalten Sie automatisch Zugriff auf browserbasierte Apps sowie Skype for Business. Durch vereinfachte Kommunikation k\u00f6nnen Sie noch effektiver mit anderen Personen zusammenarbeiten.<\/p>\n<p>In Office 2019 finden Sie neue Arten von Daten. Zum Beispiel Werkzeuge und Funktionen zum Einf\u00e4rben. Andere \u00dcbersetzungs- und Bearbeitungswerkzeuge. Au\u00dferdem Bewegungs-Grafiken. Deshalb hat es benutzerfreundliche Funktionen.<\/p>\n<p>Alle Versionen sind einmalig zu bezahlen. Diese beinhalten eine einmalige Installation auf dem PC. Obwohl Office Professional 2019 nur f\u00fcr Windows verf\u00fcgbar ist.<\/p>\n<p>Alles was Sie ben\u00f6tigen auf einen Blick:<\/p>\n<ul>\n<li><strong>Word 2019.<\/strong> F\u00fcr die Erstellung und Bearbeitung Ihrer Texte und Dokumente<\/li>\n<li><strong>Excel 2019. <\/strong>F\u00fcr die Bearbeitung von Datens\u00e4tzen in Tabellenform<\/li>\n<li><strong>PowerPoint 2019.<\/strong> F\u00fcr die Erstellung mitrei\u00dfender Pr\u00e4sentationen<\/li>\n<li><strong>Ausblick 2019<\/strong>. F\u00fcr die Verwaltung von E-Mails, Kontakten, Terminen und Aufgaben<\/li>\n<li><strong>Herausgeber 2019<\/strong>. F\u00fcr die einfache Erstellung professionell aussehender Publikationen<\/li>\n<li><strong>Zugang 2019<\/strong>. F\u00fcr Datenbankerstellung mit Internetzugriff<\/li>\n<li><strong>Lync 2019<\/strong>(Skype for Business) \u2013 f\u00fcr mehr Produktivit\u00e4t durch Instant Messaging und einfache Kommunikation sowie Zusammenarbeit mit HD-Videokonferenzen<\/li>\n<li><strong>Web-Anwendungen<\/strong>(Word, Excel, PowerPoint)<\/li>\n<\/ul>\n<p>OneNote ist nicht mehr Bestandteil des Office Pakets, sondern steht als Standardanwendung in Windows 10 zur Verf\u00fcgung, welches Voraussetzung f\u00fcr die Verwendung von Office 2019 ist. <strong>\u00c4ltere Windows Versionen werden nicht unterst\u00fctzt.<\/strong><\/p>\n<h4>Was noch?<\/h4>\n<p>Um Ihnen eine Vorstellung zu geben: Office 2019 ist ein Produkt, das alle Offline-Funktionen bietet. Das Gleiche bietet nun auch die Office 365-Suite. Allerdings wird es nicht mehr weiter aktualisiert, um neue Funktionen oder neue Features zu implementieren. Sie werden nur noch Sicherheitsupdates erhalten.<\/p>\n<p>Microsofts Philosophie ist es, eine L\u00f6sung f\u00fcr Benutzer anzubieten, die keinen Zugang zur Cloud haben. Das bedeutet aber nicht, dass es den Zugriff auf Zusatzdienste wie OneDrive oder Skype einschr\u00e4nkt.<\/p>\n<p>Zusammenfassend l\u00e4sst sich also sagen, dass Sie beim Kauf von Office 2019 in die Funktionen investieren, die Office 365 derzeit hat. Updates zu dieser Software kommen in der n\u00e4chsten Version, die Sie zum Zeitpunkt der Markteinf\u00fchrung mit einem Sonderrabatt in unserem Shop erwerben k\u00f6nnen.<br \/>\nOffice 2019 ist jedoch ein sehr n\u00fctzliches Tool f\u00fcr alle, die eine vollst\u00e4ndige und aktualisierte Office-Suite haben m\u00f6chten.<\/p>\n<h3><strong>Unterst\u00fctzung:<\/strong><\/h3>\n<p>Sollten Fragen auftreten, z\u00f6gern Sie nicht uns <a href=\"mailto:keyshop@dl-winandoffice.com\">per E-Mail<\/a>zu kontaktieren. Unser Kundenservice ist rund um die Uhr f\u00fcr Sie erreichbar. So erhalten Sie sofortige Unterst\u00fctzung.<\/p>\n<p>Andererseits garantieren wir die Verf\u00fcgbarkeit aller unser Produkte. Daher werden Sie Ihre Bestellung immer p\u00fcnktlich erhalten.<\/p>\n<p>Unsere Firma hat \u00fcber 10 Jahre Erfahrung in der Branche. Das bedeutet, dass wir einen professionellen Service nach Ihren Vorstellungen anbieten. Also laden wir Sie ein, zu dem gro\u00dfen Kreis zufriedener Kunden zu z\u00e4hlen.<\/p>\n<p>Um unsere aktuellen News zu erhalten<strong>, <a href=\"https:\/\/news.dl-winandoffice.com\/en\/\" target=\"_blank\" rel=\"noopener noreferrer nofollow\">klicken Sie hier.<\/a><\/strong><\/p>","protected":false},"excerpt":{"rendered":"<p>Sparen Sie Zeit und Geld mit unserem Microsoft Vorteilspaket aus den neuesten Versionen von Windows und Office<\/p>\n<ul>\n<li><strong>Microsoft Windows 10 Professional\u00a0<\/strong>- das sicherste und zuverl\u00e4ssigste Windows-Betriebsystem; nun mit Ihrer pers\u00f6nlichen digitalen Assitentin Cortana<\/li>\n<li><strong>Microsoft Office 2019 Professional Plus<\/strong> - das umfangreichste und modernste Office-Paket aller Zeiten<br \/>\n<strong>Hinweis<\/strong><\/p>\n<ul>\n<li><strong>Dieses Produkt ist nur mit Windows 10 und 11 kompatibel.<\/strong><\/li>\n<li><strong>Dieses Produkt ist NICHT kompatibel mit Apple-Betriebssystemen (MacOS, iPadOS, iOS), Chromebooks<\/strong><\/li>\n<\/ul>\n<\/li>\n<\/ul>","protected":false},"featured_media":115824,"comment_status":"open","ping_status":"closed","template":"","meta":{"_acf_changed":false},"product_brand":[],"product_cat":[53,65],"product_tag":[],"class_list":{"0":"post-1402","1":"product","2":"type-product","3":"status-publish","4":"has-post-thumbnail","6":"product_cat-combos","7":"product_cat-popular","9":"first","10":"instock","11":"sale","12":"featured","13":"virtual","14":"taxable","15":"purchasable","16":"product-type-simple"},"acf":[],"_links":{"self":[{"href":"https:\/\/keyshop.windowsandoffice.com\/de\/wp-json\/wp\/v2\/product\/1402","targetHints":{"allow":["GET"]}}],"collection":[{"href":"https:\/\/keyshop.windowsandoffice.com\/de\/wp-json\/wp\/v2\/product"}],"about":[{"href":"https:\/\/keyshop.windowsandoffice.com\/de\/wp-json\/wp\/v2\/types\/product"}],"replies":[{"embeddable":true,"href":"https:\/\/keyshop.windowsandoffice.com\/de\/wp-json\/wp\/v2\/comments?post=1402"}],"wp:featuredmedia":[{"embeddable":true,"href":"https:\/\/keyshop.windowsandoffice.com\/de\/wp-json\/wp\/v2\/media\/115824"}],"wp:attachment":[{"href":"https:\/\/keyshop.windowsandoffice.com\/de\/wp-json\/wp\/v2\/media?parent=1402"}],"wp:term":[{"taxonomy":"product_brand","embeddable":true,"href":"https:\/\/keyshop.windowsandoffice.com\/de\/wp-json\/wp\/v2\/product_brand?post=1402"},{"taxonomy":"product_cat","embeddable":true,"href":"https:\/\/keyshop.windowsandoffice.com\/de\/wp-json\/wp\/v2\/product_cat?post=1402"},{"taxonomy":"product_tag","embeddable":true,"href":"https:\/\/keyshop.windowsandoffice.com\/de\/wp-json\/wp\/v2\/product_tag?post=1402"}],"curies":[{"name":"wp","href":"https:\/\/api.w.org\/{rel}","templated":true}]}}