{"id":1391,"date":"2020-04-20T02:49:38","date_gmt":"2020-04-20T00:49:38","guid":{"rendered":"https:\/\/keyshop.windowsandoffice.com\/?post_type=product&#038;p=1391"},"modified":"2026-04-17T03:21:40","modified_gmt":"2026-04-17T01:21:40","slug":"windows-10-office-project-visio-2019","status":"publish","type":"product","link":"https:\/\/keyshop.windowsandoffice.com\/de\/produkt\/windows-10-office-project-visio-2019\/","title":{"rendered":"Microsoft Windows 10 Professional + Microsoft Office 2019 Professional Plus + Microsoft Visio 2019 Professional + Microsoft Project 2019 Professional Lizenz f\u00fcr 3 PCs"},"content":{"rendered":"<p>Sparen Sie Zeit und Geld mit unserer Microsoft-Kombination (Windows 10 Pro \u2013 Office 2019 Por Plus\u2013 Project &amp; Visio 2019 Pro) aus den neuesten Versionen von Windows, Office, Visio und Project.<\/p>\n<ul>\n<li>Windows 10 Professional<\/li>\n<li>Office 2019 Professional Plus<\/li>\n<li>Visio 2019 Professional<\/li>\n<li>Projekt 2019 Professional<\/li>\n<\/ul>\n<hr>\n<h4>Microsoft Windows 10 Professional<\/h4>\n<p>Mit Windows 10 Pro haben Sie ein zuverl\u00e4ssiges Betriebssystem auf Ihrem Ger\u00e4t. Sie profitieren von schnelleren Systemstarts, einem vertrauten, aber verbesserten Startmen\u00fc und neuen M\u00f6glichkeiten, Dinge schnell zu erledigen. Au\u00dferdem erhalten Sie neue Funktionen wie einen brandneuen Browser, der Sie beim Surfen im Internet unterst\u00fctzt, und Ihre pers\u00f6nliche digitale Assistentin Cortana. Cortana ist Ihr pers\u00f6nlicher digitaler Assistent. Ihre Assistentin wird Ihnen also auf all Ihren Windows 10-Ger\u00e4ten folgen und Ihnen helfen, Dinge zu erledigen. Cortana lernt mit der Zeit mehr \u00fcber Sie. So kann sie Sie jeden Tag besser unterst\u00fctzen. Windows 10 Pro unterst\u00fctzt Sie optimal bei allem, was Sie tun.<\/p>\n<h4>Microsoft Office 2019 Professional Plus<\/h4>\n<p>Entscheiden Sie sich noch heute f\u00fcr Office 2019 Professional Plus und Sie erhalten die modernste Officel\u00f6sung aus dem Hause Microsoft. Neben den bekannten Anwendungen erhalten Sie automatisch Zugriff auf browserbasierte Apps sowie Skype for Business. Durch vereinfachte Kommunikation k\u00f6nnen Sie noch effektiver mit anderen Personen zusammenarbeiten.<\/p>\n<p>Alles was Sie ben\u00f6tigen auf einen Blick:<\/p>\n<ul>\n<li><strong>Wort 2019 <\/strong>- f\u00fcr die Erstellung und Bearbeitung Ihrer Texte und Dokumente<\/li>\n<li><strong>Excel 2019 <\/strong>- f\u00fcr die Verarbeitung von Datens\u00e4tzen in tabellarischer Form<\/li>\n<li><strong>PowerPoint 2019 <\/strong>- f\u00fcr die Erstellung von inspirierenden Pr\u00e4sentationen<\/li>\n<li><strong>Ausblick 2019<\/strong> - zur Verwaltung Ihrer E-Mails, Kontakte, Termine und Aufgaben<\/li>\n<li><strong>Herausgeber 2019<\/strong> - zur einfachen Erstellung professionell aussehender Publikationen<\/li>\n<li><strong>Zugang 2019<\/strong> - f\u00fcr die Erstellung von Datenbanken mit Internetzugang<\/li>\n<li><strong>Lync 2019<\/strong> (Skype for Business) - zur Steigerung der Produktivit\u00e4t durch Instant Messaging und einfache Kommunikation und Zusammenarbeit mit HD-Videokonferenzen<\/li>\n<li><strong>Web-Anwendungen<\/strong> (Word, Excel, PowerPoint)<\/li>\n<\/ul>\n<p>OneNote ist nicht mehr Teil des Office-Pakets, aber es ist jetzt im Windows 10-Betriebssystem enthalten, das f\u00fcr die Verwendung von Office 2019 erforderlich ist. <strong>\u00c4ltere Windows Versionen werden nicht unterst\u00fctzt.<\/strong><\/p>\n<h4>Microsoft Visio 2019 Professional<\/h4>\n<p>Das Visualisierungsprogramm Microsoft Visio Professional 2019 bietet Ihnen die M\u00f6glichkeit, Gesch\u00e4ftsorganigramme, Ablaufprozesse, Schaltkreise oder technische Zeichnungen zu entwerfen. Zahlreiche Vorlagen nach Branchenstandards wie BPMN oder SDL lassen Sie beispielsweise auch UML-Diagramme oder Geb\u00e4udegrundrisse abbilden. Im Programm k\u00f6nnen Sie direkt \u00fcberpr\u00fcfen, ob die erstellten Diagramme alle Anforderungen erf\u00fcllen. Mit Microsoft Visio Professional 2019 k\u00f6nnen Sie mit anderen Personen gleichzeitig an einem Projekt arbeiten und werden bei \u00c4nderungen benachrichtigt. Bei Bedarf hinterlassen Sie Kommentare oder Antworten selbst auf Anmerkungen Ihrer Kollegen. Ihre in Microsoft Visio Professional 2019 enthaltenen Daten verkn\u00fcpfen Sie auf Wunsch mit externen Quellen wie Excel-Arbeitsmappen, Access-Datenbanken oder Exchange-Server-Verzeichnissen. Ihre Ergebnisse speichern Sie unter anderem in Formaten wie PDF, AutoCAD, JPG und XML oder bereiten das Projekt f\u00fcr eine Ver\u00f6ffentlichung im Internet oder auf einem SharePoint-Server auf.<\/p>\n<h4>Microsoft Project 2019 Professional<\/h4>\n<p>Arbeiten Sie mit anderen zusammen, um im Handumdrehen erfolgreiche Projekte zu starten und umzusetzen. Umfasst alle Funktionen von Project Standard plus L\u00f6sungen f\u00fcr die Zusammenarbeit, f\u00fcr das Ressourcenmanagement, die SharePoint-Aufgabensynchronisierung, das \u00dcbermitteln von Arbeitszeittabellen und vieles mehr. Microsoft Project Professional 2019 bietet flexible Funktionen, die Ihnen helfen, Projekte zu planen, den Status zu verfolgen und mit anderen von praktisch \u00fcberall zusammenzuarbeiten. Die Anwendung bietet Echtzeitkommunikation und Instant Messaging, die direkt in Ihrem Projektplan \u00fcber Skype for Business aktiviert sind, und konsolidiert alle potenziellen Projektressourcen in einer einzigen Ansicht.<\/p>\n<h4>Unterst\u00fctzung f\u00fcr jedes Produkt der Super Combo (Windows 10 - Office 2019 - Project &amp; Visio 2019):<\/h4>\n<p>Wenn Sie Fragen haben, z\u00f6gern Sie bitte nicht, uns zu kontaktieren <a href=\"mailto:keyshop@dl-winandoffice.com\">per E-Mail<\/a>zu kontaktieren. Unser Kundenservice ist rund um die Uhr f\u00fcr Sie erreichbar. So erhalten Sie sofortige Unterst\u00fctzung.<\/p>\n<p>Andererseits garantieren wir die Verf\u00fcgbarkeit aller unser Produkte. Daher werden Sie Ihre Bestellung immer p\u00fcnktlich erhalten.<\/p>\n<p>Unsere Firma hat \u00fcber 10 Jahre Erfahrung in der Branche. Das bedeutet, dass wir einen professionellen Service nach Ihren Vorstellungen anbieten. Also laden wir Sie ein, zu dem gro\u00dfen Kreis zufriedener Kunden zu z\u00e4hlen.<\/p>\n<p>Um unsere aktuellen News zu erhalten<strong>, <a href=\"https:\/\/news.dl-winandoffice.com\/en\/\" target=\"_blank\" rel=\"noopener noreferrer nofollow\">klicken Sie hier.<\/a><\/strong><\/p>","protected":false},"excerpt":{"rendered":"<p>Sparen Sie Zeit und Geld mit unserer Microsoft-Kombination aus den neuesten Versionen von Windows, Office, Visio und Project.<\/p>\n<ul>\n<li>Windows 10 Professional<\/li>\n<li>Office 2019 Professional Plus<\/li>\n<li>Visio 2019 Professional<\/li>\n<li>Projekt 2019 Professional <\/li>\n<\/ul>\n<p><strong>Hinweis: Office, Visio und Project<\/strong><\/p>\n<ul>\n<li><strong>Dieses Produkt ist nur mit Windows 10 und 11 kompatibel.<\/strong><\/li>\n<li><strong>Dieses Produkt ist NICHT kompatibel mit Apple-Betriebssystemen (MacOS, iPadOS, iOS), Chromebooks<\/strong><\/li>\n<\/ul>","protected":false},"featured_media":115845,"comment_status":"open","ping_status":"closed","template":"","meta":{"_acf_changed":false},"product_brand":[],"product_cat":[53,65],"product_tag":[],"class_list":{"0":"post-1391","1":"product","2":"type-product","3":"status-publish","4":"has-post-thumbnail","6":"product_cat-combos","7":"product_cat-popular","9":"first","10":"instock","11":"sale","12":"virtual","13":"taxable","14":"purchasable","15":"product-type-simple"},"acf":[],"_links":{"self":[{"href":"https:\/\/keyshop.windowsandoffice.com\/de\/wp-json\/wp\/v2\/product\/1391","targetHints":{"allow":["GET"]}}],"collection":[{"href":"https:\/\/keyshop.windowsandoffice.com\/de\/wp-json\/wp\/v2\/product"}],"about":[{"href":"https:\/\/keyshop.windowsandoffice.com\/de\/wp-json\/wp\/v2\/types\/product"}],"replies":[{"embeddable":true,"href":"https:\/\/keyshop.windowsandoffice.com\/de\/wp-json\/wp\/v2\/comments?post=1391"}],"wp:featuredmedia":[{"embeddable":true,"href":"https:\/\/keyshop.windowsandoffice.com\/de\/wp-json\/wp\/v2\/media\/115845"}],"wp:attachment":[{"href":"https:\/\/keyshop.windowsandoffice.com\/de\/wp-json\/wp\/v2\/media?parent=1391"}],"wp:term":[{"taxonomy":"product_brand","embeddable":true,"href":"https:\/\/keyshop.windowsandoffice.com\/de\/wp-json\/wp\/v2\/product_brand?post=1391"},{"taxonomy":"product_cat","embeddable":true,"href":"https:\/\/keyshop.windowsandoffice.com\/de\/wp-json\/wp\/v2\/product_cat?post=1391"},{"taxonomy":"product_tag","embeddable":true,"href":"https:\/\/keyshop.windowsandoffice.com\/de\/wp-json\/wp\/v2\/product_tag?post=1391"}],"curies":[{"name":"wp","href":"https:\/\/api.w.org\/{rel}","templated":true}]}}