{"id":119015,"date":"2024-10-01T16:11:28","date_gmt":"2024-10-01T14:11:28","guid":{"rendered":"https:\/\/keyshop.windowsandoffice.com\/?post_type=product&#038;p=119015"},"modified":"2026-01-13T20:20:38","modified_gmt":"2026-01-13T19:20:38","slug":"microsoft-windows-server-2019-rds-user-cal","status":"publish","type":"product","link":"https:\/\/keyshop.windowsandoffice.com\/de\/produkt\/microsoft-windows-server-2019-rds-user-cal\/","title":{"rendered":"Microsoft Windows Server 2019 RDS-Nutzer-CAL"},"content":{"rendered":"<p><strong>Windows Server 2019 RDS Client-Zugangslizenzen (CAL)<\/strong> sind erforderlich f\u00fcr\u00a0 <a href=\"https:\/\/keyshop.windowsandoffice.com\/de\/produkt\/windows-server-2019-std-ess-dc-versions\/\">Windows Server 2019 Standard<\/a> und <a href=\"https:\/\/keyshop.windowsandoffice.com\/de\/produkt\/windows-server-2019-std-ess-dc-versions\/\">Windows Server 2019 Datacenter<\/a>.<\/p>\n<h4>Versionen.<\/h4>\n<p>Sie sind in zwei unterschiedlichen Ausf\u00fchrungen erh\u00e4ltlich:<\/p>\n<ul>\n<li>RDS-Benutzer-Client-Zugangslizenz<\/li>\n<li>RDS-Ger\u00e4te-Client-Zugangslizenz<\/li>\n<\/ul>\n<p>Microsoft Windows Remote Desktop Services (RDS) ist eine zentralisierte Desktop- und Anwendungsplattform f\u00fcr die Bereitstellung und Verwaltung von Desktops. Dies erm\u00f6glicht Ihnen die vollst\u00e4ndige Anbindung von Mitarbeitern an entfernten Standorten. Der Zugriff auf den Server erfordert entsprechende Zugriffslizenzen, die entweder einem Benutzer oder einem Ger\u00e4t zugeordnet sind.<\/p>\n<ul>\n<li><span id=\"shop_result_box\">Server-Zugriff mit Remote Desktop pro Benutzer<\/span><\/li>\n<li>Erm\u00f6glicht einem Benutzer den Zugriff auf einen Server \u00fcber Remote Desktop<\/li>\n<li>Zugriff von verschiedenen Ger\u00e4ten auf den Server<\/li>\n<li>Zugriff auch auf Server mit \u00e4lterem Windows-Betriebssystem<\/li>\n<li>Ideal f\u00fcr Unternehmen, deren externe Mitarbeiter Zugriff auf den Desktop und die Programme ben\u00f6tigen<\/li>\n<\/ul>\n<h4><strong>Unterschiede zwischen USER CAL und DEVICE CAL Windows Server 2019 RDS<br \/>\n<\/strong><\/h4>\n<p>Die User Client Access License (User CAL) soll den Kunden eine einfach zu verwaltende und kosteneffektive M\u00f6glichkeit bieten, den Benutzerzugriff auf die Serversoftware von jedem beliebigen Ger\u00e4t zu erlauben.<\/p>\n<p>Mit der Benutzer-CAL erwerben Sie eine CAL f\u00fcr jeden Benutzer, der auf den Server zugreift, um Dienste wie Dateispeicher oder Drucken zu verwenden, unabh\u00e4ngig von der Anzahl der Ger\u00e4te, die f\u00fcr diesen Zugriff verwendet werden. Der Kauf einer Benutzer-CAL ist m\u00f6glicherweise sinnvoller, wenn die Mitarbeiter Ihres Unternehmens einen Roaming-Zugriff auf das Unternehmensnetzwerk ben\u00f6tigen, indem sie mehrere Ger\u00e4te oder unbekannte Ger\u00e4te verwenden oder wenn in Ihrer Organisation einfach mehr Ger\u00e4te als Benutzer vorhanden sind.<\/p>\n<p>Mit einer Ger\u00e4te-CAL erwerben Sie eine CAL f\u00fcr jedes Ger\u00e4t, das auf Ihren Server zugreift, unabh\u00e4ngig von der Anzahl der Benutzer, die dieses Ger\u00e4t f\u00fcr den Zugriff auf den Server verwenden. Ger\u00e4te-CALs k\u00f6nnen mehr wirtschaftlichen und administrativen Sinn ergeben, wenn Ihr Unternehmen Mitarbeiter hat, die Ger\u00e4te teilen, beispielsweise in verschiedenen Schichten.<\/p>\n<h4><strong>Unterst\u00fctzung:<\/strong><\/h4>\n<p>Sollten Fragen auftreten, z\u00f6gern Sie nicht uns <a href=\"mailto:keyshop@dl-winandoffice.com\">per E-Mail<\/a>zu kontaktieren. Unser Kundenservice ist rund um die Uhr f\u00fcr Sie erreichbar. So erhalten Sie sofortige Unterst\u00fctzung.<\/p>\n<p>Andererseits garantieren wir die Verf\u00fcgbarkeit aller unser Produkte. Daher werden Sie Ihre Bestellung immer p\u00fcnktlich erhalten.<\/p>\n<p>Unsere Firma hat \u00fcber 10 Jahre Erfahrung in der Branche. Das bedeutet, dass wir einen professionellen Service nach Ihren Vorstellungen anbieten. Also laden wir Sie ein, zu dem gro\u00dfen Kreis zufriedener Kunden zu z\u00e4hlen.<\/p>\n<p>Um unsere aktuellen News zu erhalten<strong>, <a href=\"https:\/\/news.dl-winandoffice.com\/en\/\" target=\"_blank\" rel=\"noopener noreferrer nofollow\">klicken Sie hier.<\/a><\/strong><\/p>\n<p>&nbsp;<\/p>","protected":false},"excerpt":{"rendered":"<p>Zugriffslizenzen (CAL) sind erforderlich f\u00fcr\u00a0 <a href=\"https:\/\/keyshop.windowsandoffice.com\/de\/produkt\/windows-server-2019-std-ess-dc-versions\/\">Windows Server 2019 Standard<\/a> und <a href=\"https:\/\/keyshop.windowsandoffice.com\/de\/produkt\/windows-server-2019-std-ess-dc-versions\/\">Windows Server 2019 Datacenter<\/a>. Sie sind in zwei unterschiedlichen Ausf\u00fchrungen erh\u00e4ltlich:<\/p>\n<ul>\n<li><strong>RDS-Benutzer-Client-Zugangslizenz<\/strong><\/li>\n<li>RDS-Ger\u00e4te-Client-Zugangslizenz<\/li>\n<\/ul>","protected":false},"featured_media":119847,"comment_status":"open","ping_status":"closed","template":"","meta":{"_acf_changed":false},"product_brand":[],"product_cat":[42],"product_tag":[52],"class_list":{"0":"post-119015","1":"product","2":"type-product","3":"status-publish","4":"has-post-thumbnail","6":"product_cat-windows-server","7":"product_tag-windows","9":"first","10":"instock","11":"sale","12":"virtual","13":"taxable","14":"purchasable","15":"product-type-simple"},"acf":[],"_links":{"self":[{"href":"https:\/\/keyshop.windowsandoffice.com\/de\/wp-json\/wp\/v2\/product\/119015","targetHints":{"allow":["GET"]}}],"collection":[{"href":"https:\/\/keyshop.windowsandoffice.com\/de\/wp-json\/wp\/v2\/product"}],"about":[{"href":"https:\/\/keyshop.windowsandoffice.com\/de\/wp-json\/wp\/v2\/types\/product"}],"replies":[{"embeddable":true,"href":"https:\/\/keyshop.windowsandoffice.com\/de\/wp-json\/wp\/v2\/comments?post=119015"}],"wp:featuredmedia":[{"embeddable":true,"href":"https:\/\/keyshop.windowsandoffice.com\/de\/wp-json\/wp\/v2\/media\/119847"}],"wp:attachment":[{"href":"https:\/\/keyshop.windowsandoffice.com\/de\/wp-json\/wp\/v2\/media?parent=119015"}],"wp:term":[{"taxonomy":"product_brand","embeddable":true,"href":"https:\/\/keyshop.windowsandoffice.com\/de\/wp-json\/wp\/v2\/product_brand?post=119015"},{"taxonomy":"product_cat","embeddable":true,"href":"https:\/\/keyshop.windowsandoffice.com\/de\/wp-json\/wp\/v2\/product_cat?post=119015"},{"taxonomy":"product_tag","embeddable":true,"href":"https:\/\/keyshop.windowsandoffice.com\/de\/wp-json\/wp\/v2\/product_tag?post=119015"}],"curies":[{"name":"wp","href":"https:\/\/api.w.org\/{rel}","templated":true}]}}