{"id":118172,"date":"2024-11-04T23:41:13","date_gmt":"2024-11-04T22:41:13","guid":{"rendered":"https:\/\/keyshop.windowsandoffice.com\/?post_type=product&#038;p=118172"},"modified":"2026-01-13T20:20:31","modified_gmt":"2026-01-13T19:20:31","slug":"microsoft-windows-10-professional-microsoft-project-2024-professional-license-for-3-pc","status":"publish","type":"product","link":"https:\/\/keyshop.windowsandoffice.com\/de\/produkt\/microsoft-windows-10-professional-microsoft-project-2024-professional-license-for-3-pc\/","title":{"rendered":"Microsoft Windows 10 Professional + Microsoft Project 2024 Professional Lizenz f\u00fcr 3 PCs"},"content":{"rendered":"<p><span style=\"font-size: 24pt;\"><strong>Microsoft Windows 10 Professional<\/strong><\/span><\/p>\n<p>Mit der neuen Version von Microsoft Windows 10 bietet Microsoft insbesondere anspruchsvollen Privatanwendern und Unternehmen ein modernes und intuitives Betriebssystem. Microsoft Windows 10 bietet unter anderem verbesserte Sicherheitsfunktionen, Remote-Desktop-Zugriff, BitLocker Encryption und die pers\u00f6nliche virtuelle Assistentin Cortana. Das System passt sich mit seinen fortschrittlichen Funktionen an jedes Ger\u00e4t an und hat den Vorteil, dass sich die Systemanforderungen im Vergleich zu seinen Vorg\u00e4ngern kaum ver\u00e4ndert haben. Das bedeutet, dass Sie nicht in neue Hardware investieren m\u00fcssen, um die Vorteile von Microsoft Windows 10 Professional zu nutzen.<\/p>\n<p><strong>Minimale Systemanforderungen<\/strong><\/p>\n<p>1 GHz oder schnellere CPU<\/p>\n<p>1 GB RAM f\u00fcr 32-Bit oder 2 GB RAM f\u00fcr 64-Bit.<\/p>\n<p>16 GB verf\u00fcgbarer Festplattenspeicher f\u00fcr 32-Bit Betriebssysteme oder 20 GB f\u00fcr 64-Bit Betriebssysteme.<\/p>\n<div id=\"primaryR2\" data-grid=\"container\" data-region-key=\"primaryr2\" data-m=\"{&quot;cN&quot;:&quot;primaryR2 1&quot;,&quot;cT&quot;:&quot;Region_coreui-region&quot;,&quot;id&quot;:&quot;r2a2&quot;,&quot;sN&quot;:2,&quot;aN&quot;:&quot;a2&quot;}\">\n<div id=\"coreui-banner-l03vzh8\" data-m=\"{&quot;cN&quot;:&quot;R2Banner 1&quot;,&quot;cT&quot;:&quot;Module_coreui-banner&quot;,&quot;id&quot;:&quot;m1r2a2&quot;,&quot;sN&quot;:1,&quot;aN&quot;:&quot;r2a2&quot;}\" data-module-id=\"WDG-Microsoft Windows|primaryR2|coreui-region|coreui-banner-l03vzh8|coreui-banner\">\n<div class=\"m-banner f-align-left\" data-grid=\"col-12\"><span style=\"font-size: 24pt;\"><strong>Microsoft Project 2024 Professional<\/strong><\/span><\/div>\n<\/div>\n<\/div>\n<div id=\"primaryR3\" data-grid=\"container\" data-region-key=\"primaryr3\" data-m=\"{&quot;cN&quot;:&quot;primaryR3 1&quot;,&quot;cT&quot;:&quot;Region_coreui-region&quot;,&quot;id&quot;:&quot;r3a2&quot;,&quot;sN&quot;:3,&quot;aN&quot;:&quot;a2&quot;}\">\n<div id=\"coreui-contentrichblock-rhi1sei\" data-m=\"{&quot;cN&quot;:&quot;R2ContentRichBlock 1&quot;,&quot;cT&quot;:&quot;Module_coreui-contentrichblock&quot;,&quot;id&quot;:&quot;m3r3a2&quot;,&quot;sN&quot;:3,&quot;aN&quot;:&quot;r3a2&quot;}\" data-module-id=\"WDG-Microsoft Windows|primaryR3|coreui-region|coreui-contentrichblock-rhi1sei|coreui-contentrichblock\">\n<div class=\"m-rich-content-block context-ucx\" data-grid=\"col-12\">\n<div class=\"dePhmb\">\n<div class=\"eyKpYb\" data-language=\"en\" data-original-language=\"de\" data-result-index=\"0\">\n<div class=\"J0lOec\">\n<p>Microsoft Project 2024 bringt neue Funktionen und Verbesserungen, die Teams helfen, die Arbeit zu organisieren, Aufgaben zu verwalten und Budgets und Ressourcen noch effektiver zu verfolgen. Diese neue Version bietet wichtige Neuerungen, von denen sowohl Einsteiger als auch Profis profitieren, die an Projekten jeglicher Komplexit\u00e4t arbeiten:<\/p>\n<ul>\n<li>Neue, intuitivere und anpassbare Benutzeroberfl\u00e4che und verbesserte Benutzerf\u00fchrung mit flexibler Datenanzeige<\/li>\n<li>Vorgefertigte Vorlagen helfen Ihnen, im Handumdrehen mit Ihrem Projekt zu beginnen<\/li>\n<li>Synchronisierung mit Project Online und Project Server f\u00fcr Integration und Ressourcenmanagement<\/li>\n<li>Was-w\u00e4re-wenn-Szenarien helfen bei der Optimierung von Aufgabenzuweisungen mithilfe von Szenariosimulationen<\/li>\n<li>Verbessern Sie Ihre Planung durch automatisches Ausf\u00fcllen von Start- und Enddaten auf der Grundlage von Abh\u00e4ngigkeiten<\/li>\n<li>Verwenden Sie mehrere Zeitleisten f\u00fcr eine klare visuelle Darstellung komplexer Zeitpl\u00e4ne<\/li>\n<li>Neue Funktionen f\u00fcr die Anzeige und Analyse von Daten, einfaches Umschalten zwischen verschiedenen Arten der Informationsdarstellung, einschlie\u00dflich Kanban und Scrum Board<\/li>\n<li>Unterst\u00fctzung f\u00fcr Agile, Scrum, Waterfall sowie hybride Ans\u00e4tze, die es Benutzern erm\u00f6glichen, Elemente verschiedener Methoden zu kombinieren.<\/li>\n<\/ul>\n<\/div>\n<p><strong>Hilfe und Unterst\u00fctzung:<\/strong><\/p>\n<p>Sollten Fragen auftreten, z\u00f6gern Sie nicht uns <a href=\"mailto:keyshop@dl-winandoffice.com\">per E-Mail<\/a>zu kontaktieren. Unser Kundenservice ist rund um die Uhr f\u00fcr Sie erreichbar. So erhalten Sie sofortige Unterst\u00fctzung.<\/p>\n<\/div>\n<\/div>\n<\/div>\n<\/div>\n<\/div>","protected":false},"excerpt":{"rendered":"<ul>\n<li>Microsoft Windows 10 Professional Lizenz f\u00fcr 3 Ger\u00e4te<\/li>\n<li>Microsoft Project 2024 Professional Lizenz f\u00fcr 3 Ger\u00e4te<\/li>\n<li><strong>Mit dieser Lizenz kann die Software auf 3 verschiedenen Ger\u00e4ten aktiviert werden, z.B. Heim-PC, Notebook und Arbeits-PC.<\/strong><\/li>\n<li>Version f\u00fcr 32- und 64-Bit-Systeme, unbegrenzte Vollversionen der Software<\/li>\n<li>Lieferung per E-Mail: Produktschl\u00fcssel, Anleitung, Download-Links, Rechnung<\/li>\n<li>Sofortdownload!<\/li>\n<li><strong>30 Tage volle R\u00fcckerstattung - Lebenslange Ersatzgarantie!!!<\/strong><\/li>\n<li>Keine zeitliche Begrenzung, kein Abo<\/li>\n<li>Kostenloser 24\/7-Support bei Problemen mit der Installation und Aktivierung<\/li>\n<li>Keine Lieferung auf Datentr\u00e4ger (USB, CD, etc.)<\/li>\n<li>Aktivierung online und telefonisch<\/li>\n<li>Sprachen: <strong>Englisch<\/strong>, Spanisch, Italienisch, Deutsch, Franz\u00f6sisch<\/li>\n<li><strong><span style=\"color: #008000;\"> Dieses Produkt ist kompatibel mit Microsoft Windows.<\/span><\/strong><\/li>\n<li><strong><span style=\"color: #ff0000;\">NICHT kompatibel mit Apple macOS\u2122, Android-Ger\u00e4ten und Chromebooks.<\/span><\/strong><\/li>\n<li><\/li>\n<\/ul>","protected":false},"featured_media":118182,"comment_status":"closed","ping_status":"closed","template":"","meta":{"_acf_changed":false},"product_brand":[],"product_cat":[40,65,218,225,41],"product_tag":[226,227,228],"class_list":{"0":"post-118172","1":"product","2":"type-product","3":"status-publish","4":"has-post-thumbnail","6":"product_cat-msoffice","7":"product_cat-popular","8":"product_cat-project-msoffice","9":"product_cat-windows-10","10":"product_cat-windows-desktop","11":"product_tag-microsoft-office-2019-professional-plus","12":"product_tag-microsoft-windows-10-pro","13":"product_tag-microsoft-windows-10-pro-office-2019-professional-plus","15":"first","16":"instock","17":"sale","18":"virtual","19":"taxable","20":"purchasable","21":"product-type-simple"},"acf":[],"_links":{"self":[{"href":"https:\/\/keyshop.windowsandoffice.com\/de\/wp-json\/wp\/v2\/product\/118172","targetHints":{"allow":["GET"]}}],"collection":[{"href":"https:\/\/keyshop.windowsandoffice.com\/de\/wp-json\/wp\/v2\/product"}],"about":[{"href":"https:\/\/keyshop.windowsandoffice.com\/de\/wp-json\/wp\/v2\/types\/product"}],"replies":[{"embeddable":true,"href":"https:\/\/keyshop.windowsandoffice.com\/de\/wp-json\/wp\/v2\/comments?post=118172"}],"wp:featuredmedia":[{"embeddable":true,"href":"https:\/\/keyshop.windowsandoffice.com\/de\/wp-json\/wp\/v2\/media\/118182"}],"wp:attachment":[{"href":"https:\/\/keyshop.windowsandoffice.com\/de\/wp-json\/wp\/v2\/media?parent=118172"}],"wp:term":[{"taxonomy":"product_brand","embeddable":true,"href":"https:\/\/keyshop.windowsandoffice.com\/de\/wp-json\/wp\/v2\/product_brand?post=118172"},{"taxonomy":"product_cat","embeddable":true,"href":"https:\/\/keyshop.windowsandoffice.com\/de\/wp-json\/wp\/v2\/product_cat?post=118172"},{"taxonomy":"product_tag","embeddable":true,"href":"https:\/\/keyshop.windowsandoffice.com\/de\/wp-json\/wp\/v2\/product_tag?post=118172"}],"curies":[{"name":"wp","href":"https:\/\/api.w.org\/{rel}","templated":true}]}}