{"id":118169,"date":"2024-11-04T23:41:13","date_gmt":"2024-11-04T22:41:13","guid":{"rendered":"https:\/\/keyshop.windowsandoffice.com\/?post_type=product&#038;p=118169"},"modified":"2026-04-16T22:44:06","modified_gmt":"2026-04-16T20:44:06","slug":"microsoft-windows-11-professional-microsoft-visio-2024-professional-license-for-3-pc","status":"publish","type":"product","link":"https:\/\/keyshop.windowsandoffice.com\/de\/produkt\/microsoft-windows-11-professional-microsoft-visio-2024-professional-license-for-3-pc\/","title":{"rendered":"Microsoft Windows 11 Professional + Microsoft Visio 2024 Professional Lizenz f\u00fcr 3 PCs"},"content":{"rendered":"<h3>Systemanforderungen<\/h3>\n<hr>\n<p>Stellen Sie sicher, dass Sie f\u00fcr das neueste und beste Betriebssystem von Microsoft bereit sind!<\/p>\n<p>Dies sind die Mindestanforderungen f\u00fcr die Installation von Microsoft Windows 11 auf einem PC. Wenn Ihr Ger\u00e4t diese Anforderungen nicht erf\u00fcllt, k\u00f6nnen Sie Microsoft Windows 11 m\u00f6glicherweise nicht installieren.<strong> Wenn Sie sich nicht sicher sind, ob Ihr PC diese Anforderungen erf\u00fcllt, k\u00f6nnen Sie die App PC Health Check verwenden, um die Kompatibilit\u00e4t zu pr\u00fcfen (erfordert Microsoft Windows 10, <a href=\"https:\/\/aka.ms\/GetPCHealthCheckApp\" rel=\"nofollow noopener\" target=\"_blank\">Zum Herunterladen hier klicken<\/a>).<\/strong><\/p>\n<ul>\n<li><strong>Prozessor:<\/strong> 1 Gigahertz (GHz) oder schneller mit 2 oder mehr Kernen auf einem kompatiblen 64-Bit-Prozessor oder System-on-a-Chip (SoC)<\/li>\n<li><strong>RAM:<\/strong> 4 Gigabyte (GB)<\/li>\n<li><strong>Lagerung:<\/strong> 64 GB oder gr\u00f6\u00dferes Speichermedium Hinweis: Siehe unten unter \u201cWeitere Informationen zum Speicherplatz, um Microsoft Windows 11 auf dem neuesten Stand zu halten\u201d f\u00fcr weitere Details.<\/li>\n<li><strong>Systemfirmware:<\/strong> UEFI, Secure Boot-f\u00e4hig<\/li>\n<li><strong>TPM:<\/strong> Trusted Platform Module (TPM) Version 2.0<\/li>\n<li><strong>Grafikkarte:<\/strong> Kompatibel mit DirectX 12 oder h\u00f6her mit WDDM 2.0-Treiber<\/li>\n<li><strong>Anzeige:<\/strong> Hochaufl\u00f6sender (720p) Bildschirm mit einer Diagonale von mehr als 9 Zoll, 8 Bit pro Farbkanal<\/li>\n<li><strong>Internetverbindung und Microsoft-Konten: <\/strong> Microsoft Windows 11 Home Edition erfordert eine Internetverbindung und ein Microsoft-Konto, um die Einrichtung des Ger\u00e4ts bei der ersten Verwendung abzuschlie\u00dfen. Das Umschalten eines Ger\u00e4ts aus Microsoft Windows 11 Home in den S-Modus erfordert ebenfalls eine Internetverbindung. F\u00fcr alle Microsoft Windows 11 Editionen ist ein Internetzugang erforderlich, um Updates durchzuf\u00fchren und einige Funktionen herunterzuladen und zu nutzen. F\u00fcr einige Funktionen ist ein Microsoft-Konto erforderlich.<\/li>\n<\/ul>\n<p>Im Laufe der Zeit kann es zus\u00e4tzliche Anforderungen f\u00fcr Updates sowie Anforderungen f\u00fcr die Aktivierung bestimmter Funktionen innerhalb des Betriebssystems geben.<\/p>\n<hr>\n<p>F\u00fcr einige Funktionen in Microsoft Windows 11 gelten erh\u00f6hte Anforderungen, die \u00fcber die oben im Abschnitt Mindestanforderungen genannten hinausgehen. Nachfolgend finden Sie einige zus\u00e4tzliche Details zu den Anforderungen f\u00fcr wichtige Funktionen:<\/p>\n<ul>\n<li><strong>5G-Unterst\u00fctzung<\/strong> erfordert ein 5G-f\u00e4higes Modem.<\/li>\n<li class=\"translation-block\"><strong>Auto HDR<\/strong> erfordert einen HDR-Monitor.<\/li>\n<li><strong>BitLocker zum Mitnehmen<\/strong> erfordert ein USB-Flash-Laufwerk (erh\u00e4ltlich in Microsoft Windows 7 Pro und h\u00f6heren Editionen).<\/li>\n<li><strong>Client Hyper-V<\/strong> erfordert einen Prozessor mit SLAT-F\u00e4higkeiten (Second Level Address Translation) (verf\u00fcgbar in Microsoft Windows Pro und h\u00f6heren Editionen).<\/li>\n<li><strong>Cortana<\/strong> erfordert ein Mikrofon und einen Lautsprecher und ist derzeit auf Microsoft Windows 11 f\u00fcr Australien, Brasilien, Kanada, China, Frankreich, Deutschland, Indien, Italien, Japan, Mexiko, Spanien, das Vereinigte K\u00f6nigreich und die Vereinigten Staaten verf\u00fcgbar.<\/li>\n<li class=\"translation-block\"><strong>DirectStorage<\/strong> erfordert eine NVMe-SSD zum Speichern und Ausf\u00fchren von Spielen, die den \"Standard NVM Express Controller\"-Treiber und eine DirectX12-GPU mit Shader Model 6.0-Unterst\u00fctzung verwenden.<\/li>\n<li class=\"translation-block\"><strong>DirectX 12 Ultimate<\/strong> ist mit unterst\u00fctzten Spielen und Grafikchips verf\u00fcgbar.<\/li>\n<li class=\"translation-block\"><strong>Anwesenheit<\/strong> erfordert einen Sensor, der die menschliche Entfernung zum Ger\u00e4t oder die Absicht, mit dem Ger\u00e4t zu interagieren, erkennen kann.<\/li>\n<li class=\"translation-block\"><strong>Intelligente Videokonferenzen<\/strong> erfordern eine Videokamera, ein Mikrofon und einen Lautsprecher (Audioausgabe).<\/li>\n<li class=\"translation-block\"><strong>Multiple Voice Assistant (MVA)<\/strong> erfordert ein Mikrofon und einen Lautsprecher.<\/li>\n<li class=\"translation-block\"><strong>Snap<\/strong>-Layouts mit drei Spalten erfordern einen Bildschirm mit einer Breite von 1920 effektiven Pixeln oder mehr.<\/li>\n<li class=\"translation-block\"><strong>Stummschaltung\/Stummschaltung \u00fcber Taskleiste aufheben<\/strong> erfordert eine Videokamera, ein Mikrofon und einen Lautsprecher (Audioausgabe). Die App muss mit der Funktion kompatibel sein, um die globale Stummschaltung\/Stummschaltung zu aktivieren.<\/li>\n<li class=\"translation-block\"><strong>Spatial Sound<\/strong> erfordert unterst\u00fctzende Hardware und Software.<\/li>\n<li class=\"translation-block\"><strong>Teams<\/strong> erfordert eine Videokamera, ein Mikrofon und einen Lautsprecher (Audioausgabe).<\/li>\n<li class=\"translation-block\"><strong>Touch<\/strong> erfordert einen Bildschirm oder Monitor, der Multi-Touch unterst\u00fctzt.<\/li>\n<li><strong>Zwei-Faktor-Authentifizierung<\/strong> erfordert die Verwendung einer PIN, biometrischer Daten (Fingerabdruckleser oder beleuchtete Infrarotkamera) oder eines Telefons mit Wi-Fi- oder Bluetooth-Funktionen.<\/li>\n<li class=\"translation-block\"><strong>Spracheingabe<\/strong> erfordert einen PC mit Mikrofon.<\/li>\n<li class=\"translation-block\"><strong>Wake on Voice<\/strong> erfordert ein modernes Standby-Modell und ein Mikrofon.<\/li>\n<li class=\"translation-block\"><strong>Wifi 6E<\/strong> erfordert neue WLAN-IHV-Hardware und -Treiber sowie einen Wi-Fi 6E-f\u00e4higen AP\/Router.<\/li>\n<li><strong>Microsoft Windows Hallo<\/strong> erfordert eine f\u00fcr Nah-Infrarot (IR) konfigurierte Kamera oder einen Fingerabdruckleser f\u00fcr die biometrische Authentifizierung. Ger\u00e4te ohne biometrische Sensoren k\u00f6nnen Microsoft Windows Hello mit einer PIN oder einem tragbaren Microsoft-kompatiblen Sicherheitsschl\u00fcssel verwenden.<\/li>\n<li><strong>Microsoft Windows Microsoft Projektion<\/strong> erfordert einen Display-Adapter, der Microsoft Windows Display Driver Model (WDDM) 2.0 unterst\u00fctzt, und einen Wi-Fi-Adapter, der Wi-Fi Direct unterst\u00fctzt.<\/li>\n<li class=\"translation-block\"><strong>Xbox (App)<\/strong> erfordert ein Xbox Live-Konto, das nicht in allen Regionen verf\u00fcgbar ist. Aktuelle Informationen zur Verf\u00fcgbarkeit finden Sie unter Xbox Live-L\u00e4nder und -Regionen. F\u00fcr einige Funktionen der Xbox-App ist ein aktives Xbox Game Pass-Abonnement erforderlich. Erfahren Sie mehr \u00fcber den Pass.<\/li>\n<\/ul>\n<h3>Microsoft Visio 2024 Professional<\/h3>\n<p>Mit Microsoft Visio 2024 ist es f\u00fcr Einzelpersonen und Teams einfacher denn je, professionelle und vielseitige Diagramme f\u00fcr alle Anforderungen zu erstellen und gemeinsam zu nutzen. Es enth\u00e4lt aktualisierte Formen, Vorlagen und Stile sowie eine neue intuitive Suchleiste und ein aktualisiertes Erscheinungsbild, das eine vertraute, an andere Office-Anwendungen angelehnte Benutzererfahrung bietet.<\/p>\n<p>In Microsoft Visio 2024 finden Sie weiterhin alle Funktionen, die Sie gewohnt sind, und einige neue:<\/p>\n<ul>\n<li>Microsoft Visio 2024 bietet noch mehr Formen, Schablonen und Vorlagen, mit denen Sie Ihre Diagramme in k\u00fcrzerer Zeit erstellen k\u00f6nnen.<\/li>\n<li>Ein aktualisiertes Aussehen mit einem modernen Transparenzeffekt hinter der Arbeitsfl\u00e4che und den Men\u00fcs verleiht Visio 2024 ein moderneres und schlankeres Aussehen.<\/li>\n<li>Visio 2024 bietet das neue Thema und Farbschema von Office 2024, einschlie\u00dflich des Dark Mode, einer anpassbaren Oberfl\u00e4che und Verbesserungen f\u00fcr die Barrierefreiheit.<\/li>\n<li>Die Suche in Visio ist jetzt in der Titelleiste verf\u00fcgbar und damit leichter zug\u00e4nglich.<\/li>\n<li>Erweiterte Prozessanalysetools wie Dynamic Blocks zur Analyse von Gesch\u00e4ftsprozessen und zur Visualisierung von Datenfl\u00fcssen<\/li>\n<\/ul>","protected":false},"excerpt":{"rendered":"<ul>\n<li>Microsoft Windows 11 Professional Lizenz f\u00fcr 3 Ger\u00e4te<\/li>\n<li>Microsoft Visio 2024 Professional Plus Lizenz f\u00fcr 3 Ger\u00e4te<\/li>\n<li><strong>Mit dieser Lizenz kann die Software auf 3 verschiedenen Ger\u00e4ten aktiviert werden, z.B. Heim-PC, Notebook und Arbeits-PC.<\/strong><\/li>\n<li>Version f\u00fcr 32- und 64-Bit-Systeme, unbegrenzte Vollversionen der Software<\/li>\n<li>Lieferung per E-Mail: Produktschl\u00fcssel, Anleitung, Download-Links, Rechnung<\/li>\n<li><strong>30 Tage volle R\u00fcckerstattung - Lebenslange Ersatzgarantie!!!<\/strong><\/li>\n<li>Sofortdownload!<\/li>\n<li>Keine zeitliche Begrenzung, kein Abo<\/li>\n<li>Kostenloser 24\/7-Support bei Problemen mit der Installation und Aktivierung<\/li>\n<li>Keine Lieferung auf Datentr\u00e4ger (USB, CD, etc.)<\/li>\n<li>Aktivierung online und telefonisch<\/li>\n<li>Sprachen: <strong>Englisch<\/strong>, Spanisch, Italienisch, Deutsch, Franz\u00f6sisch<\/li>\n<li><strong> Dieses Produkt ist kompatibel mit Microsoft Windows.<\/strong><\/li>\n<li><strong>NICHT kompatibel mit Apple macOS\u2122, Android-Ger\u00e4ten und Chromebooks.<\/strong><\/li>\n<\/ul>","protected":false},"featured_media":118179,"comment_status":"open","ping_status":"closed","template":"","meta":{"_acf_changed":false},"product_brand":[],"product_cat":[219,40,187,221,41],"product_tag":[222,223,224],"class_list":{"0":"post-118169","1":"product","2":"type-product","3":"status-publish","4":"has-post-thumbnail","6":"product_cat-bestseller","7":"product_cat-msoffice","8":"product_cat-187","9":"product_cat-windows-11","10":"product_cat-windows-desktop","11":"product_tag-combo-microsoft-windows-11-pro-office-2021-professional-plus","12":"product_tag-microsoft-office-2021-professional-plus","13":"product_tag-microsoft-windows-11-pro","15":"first","16":"instock","17":"sale","18":"virtual","19":"taxable","20":"purchasable","21":"product-type-simple"},"acf":[],"_links":{"self":[{"href":"https:\/\/keyshop.windowsandoffice.com\/de\/wp-json\/wp\/v2\/product\/118169","targetHints":{"allow":["GET"]}}],"collection":[{"href":"https:\/\/keyshop.windowsandoffice.com\/de\/wp-json\/wp\/v2\/product"}],"about":[{"href":"https:\/\/keyshop.windowsandoffice.com\/de\/wp-json\/wp\/v2\/types\/product"}],"replies":[{"embeddable":true,"href":"https:\/\/keyshop.windowsandoffice.com\/de\/wp-json\/wp\/v2\/comments?post=118169"}],"wp:featuredmedia":[{"embeddable":true,"href":"https:\/\/keyshop.windowsandoffice.com\/de\/wp-json\/wp\/v2\/media\/118179"}],"wp:attachment":[{"href":"https:\/\/keyshop.windowsandoffice.com\/de\/wp-json\/wp\/v2\/media?parent=118169"}],"wp:term":[{"taxonomy":"product_brand","embeddable":true,"href":"https:\/\/keyshop.windowsandoffice.com\/de\/wp-json\/wp\/v2\/product_brand?post=118169"},{"taxonomy":"product_cat","embeddable":true,"href":"https:\/\/keyshop.windowsandoffice.com\/de\/wp-json\/wp\/v2\/product_cat?post=118169"},{"taxonomy":"product_tag","embeddable":true,"href":"https:\/\/keyshop.windowsandoffice.com\/de\/wp-json\/wp\/v2\/product_tag?post=118169"}],"curies":[{"name":"wp","href":"https:\/\/api.w.org\/{rel}","templated":true}]}}