{"id":118166,"date":"2024-11-04T23:41:13","date_gmt":"2024-11-04T22:41:13","guid":{"rendered":"https:\/\/keyshop.windowsandoffice.com\/?post_type=product&#038;p=118166"},"modified":"2026-01-13T20:20:31","modified_gmt":"2026-01-13T19:20:31","slug":"microsoft-project-2024-professional-license-for-3-pc","status":"publish","type":"product","link":"https:\/\/keyshop.windowsandoffice.com\/de\/produkt\/microsoft-project-2024-professional-license-for-3-pc\/","title":{"rendered":"Microsoft Project 2024 Professional Lizenz f\u00fcr 3 PCs"},"content":{"rendered":"<h3>Microsoft Project 2024 Professional<\/h3>\n<p>Microsoft Project 2024 bringt neue Funktionen und Verbesserungen, die Teams helfen, die Arbeit zu organisieren, Aufgaben zu verwalten und Budgets und Ressourcen noch effektiver zu verfolgen. Diese neue Version bietet wichtige Neuerungen, von denen sowohl Einsteiger als auch Profis profitieren, die an Projekten jeglicher Komplexit\u00e4t arbeiten:<\/p>\n<ul>\n<li>Neue, intuitivere und anpassbare Benutzeroberfl\u00e4che und verbesserte Benutzerf\u00fchrung mit flexibler Datenanzeige<\/li>\n<li>Vorgefertigte Vorlagen helfen Ihnen, im Handumdrehen mit Ihrem Projekt zu beginnen<\/li>\n<li>Synchronisierung mit Project Online und Project Server f\u00fcr Integration und Ressourcenmanagement<\/li>\n<li>Was-w\u00e4re-wenn-Szenarien helfen bei der Optimierung von Aufgabenzuweisungen mithilfe von Szenariosimulationen<\/li>\n<li>Verbessern Sie Ihre Planung durch automatisches Ausf\u00fcllen von Start- und Enddaten auf der Grundlage von Abh\u00e4ngigkeiten<\/li>\n<li>Verwenden Sie mehrere Zeitleisten f\u00fcr eine klare visuelle Darstellung komplexer Zeitpl\u00e4ne<\/li>\n<li>Neue Funktionen f\u00fcr die Anzeige und Analyse von Daten, einfaches Umschalten zwischen verschiedenen Arten der Informationsdarstellung, einschlie\u00dflich Kanban und Scrum Board<\/li>\n<li>Unterst\u00fctzung f\u00fcr Agile, Scrum, Waterfall sowie hybride Ans\u00e4tze, die es Benutzern erm\u00f6glichen, Elemente verschiedener Methoden zu kombinieren.<\/li>\n<\/ul>","protected":false},"excerpt":{"rendered":"<ul>\n<li>Microsoft Project 2024 Professional Lizenz f\u00fcr 3 Ger\u00e4te<\/li>\n<li><strong>Mit dieser Lizenz kann die Software auf 3 verschiedenen Ger\u00e4ten aktiviert werden, z.B. Heim-PC, Notebook und Arbeits-PC.<\/strong><\/li>\n<li>Version f\u00fcr 32- und 64-Bit-Systeme, unbegrenzte Vollversionen der Software <strong>vom zertifizierten Microsoft Gold Partner<\/strong><\/li>\n<li><strong>30 Tage volle R\u00fcckerstattung - Lebenslange Ersatzgarantie!!!<\/strong><\/li>\n<li>Lieferung per E-Mail: Produktschl\u00fcssel, Anleitung, Download-Links, Rechnung<\/li>\n<li>Sofortdownload!<\/li>\n<li>Keine zeitliche Begrenzung, kein Abo<\/li>\n<li>Kostenloser 24\/7-Support bei Problemen mit der Installation und Aktivierung<\/li>\n<li>Keine Lieferung auf Datentr\u00e4ger (USB, CD, etc.)<\/li>\n<li>Aktivierung online und telefonisch<\/li>\n<li>Sprachen: Englisch, Spanisch, Italienisch, Deutsch, Franz\u00f6sisch<\/li>\n<li><strong><span style=\"color: #008000;\"> Dieses Produkt ist kompatibel mit Microsoft Windows.<\/span><\/strong><\/li>\n<li><strong><span style=\"color: #ff0000;\">NICHT kompatibel mit Apple macOS\u2122, Android-Ger\u00e4ten und Chromebooks.<\/span><\/strong><\/li>\n<li><\/li>\n<\/ul>","protected":false},"featured_media":118176,"comment_status":"open","ping_status":"closed","template":"","meta":{"_acf_changed":false},"product_brand":[],"product_cat":[40,218],"product_tag":[],"class_list":{"0":"post-118166","1":"product","2":"type-product","3":"status-publish","4":"has-post-thumbnail","6":"product_cat-msoffice","7":"product_cat-project-msoffice","9":"first","10":"instock","11":"sale","12":"virtual","13":"taxable","14":"purchasable","15":"product-type-simple"},"acf":[],"_links":{"self":[{"href":"https:\/\/keyshop.windowsandoffice.com\/de\/wp-json\/wp\/v2\/product\/118166","targetHints":{"allow":["GET"]}}],"collection":[{"href":"https:\/\/keyshop.windowsandoffice.com\/de\/wp-json\/wp\/v2\/product"}],"about":[{"href":"https:\/\/keyshop.windowsandoffice.com\/de\/wp-json\/wp\/v2\/types\/product"}],"replies":[{"embeddable":true,"href":"https:\/\/keyshop.windowsandoffice.com\/de\/wp-json\/wp\/v2\/comments?post=118166"}],"wp:featuredmedia":[{"embeddable":true,"href":"https:\/\/keyshop.windowsandoffice.com\/de\/wp-json\/wp\/v2\/media\/118176"}],"wp:attachment":[{"href":"https:\/\/keyshop.windowsandoffice.com\/de\/wp-json\/wp\/v2\/media?parent=118166"}],"wp:term":[{"taxonomy":"product_brand","embeddable":true,"href":"https:\/\/keyshop.windowsandoffice.com\/de\/wp-json\/wp\/v2\/product_brand?post=118166"},{"taxonomy":"product_cat","embeddable":true,"href":"https:\/\/keyshop.windowsandoffice.com\/de\/wp-json\/wp\/v2\/product_cat?post=118166"},{"taxonomy":"product_tag","embeddable":true,"href":"https:\/\/keyshop.windowsandoffice.com\/de\/wp-json\/wp\/v2\/product_tag?post=118166"}],"curies":[{"name":"wp","href":"https:\/\/api.w.org\/{rel}","templated":true}]}}