{"id":117784,"date":"2024-10-23T18:12:05","date_gmt":"2024-10-23T16:12:05","guid":{"rendered":"https:\/\/keyshop.windowsandoffice.com\/?post_type=product&#038;p=117784"},"modified":"2026-01-13T20:20:23","modified_gmt":"2026-01-13T19:20:23","slug":"microsoft-office-2024-standard-microsoft-windows-10-professional-license-for-3-devices","status":"publish","type":"product","link":"https:\/\/keyshop.windowsandoffice.com\/de\/produkt\/microsoft-office-2024-standard-microsoft-windows-10-professional-license-for-3-devices\/","title":{"rendered":"Microsoft Office 2024 Standard + Microsoft Windows 10 Professional Lizenz f\u00fcr 3 PCs"},"content":{"rendered":"<h3><strong>Microsoft Office 2024 Standard<br \/>\n<\/strong><\/h3>\n<div style=\"margin-bottom: 15px;\"><strong>Mit dieser Lizenz kann die Software auf 3 verschiedenen Ger\u00e4ten aktiviert werden, z.B. Heim-PC, Notebook und Arbeits-PC.<\/strong><\/div>\n<div style=\"margin-bottom: 15px;\">Microsoft Office-Nutzer, die zuhause oder im B\u00fcro die komplette Palette der Anwendungen nutzen, sind mit Microsoft Office 2024 Standard gut beraten. Alle wichtigen Programme sind enthalten: Word, Excel, Outlook und PowerPoint. Damit Sie schnell Notizen erstellen und diese \u00fcber die Cloud auf allen Ger\u00e4ten verf\u00fcgbar machen k\u00f6nnen, steht OneNote ab sofort im Microsoft Windows Store zum Download bereit. Aufgrund der gro\u00dfen Auswahl an unterschiedlichen Programmen richtet sich die Standard-Version vor allem an Personen, die zuhause, im Homeoffice arbeiten oder in einem B\u00fcro eine leistungsstarke, zuverl\u00e4ssige L\u00f6sung suchen, um Dokumente, Tabellen etc. zu organisieren.<\/div>\n<ul>\n<li><strong>Word<\/strong>: Erstellen Sie im Handumdrehen Textdokumente in professioneller Qualit\u00e4t.<\/li>\n<li><strong>Excel<\/strong>: Intelligente Tabellenkalkulation f\u00fcr das Informationsmanagement.<\/li>\n<li><strong>PowerPoint<\/strong>: Erstellen Sie beeindruckende dynamische Pr\u00e4sentationen.<\/li>\n<li><strong>Outlook<\/strong>: Kommunikation leicht gemacht.<\/li>\n<\/ul>\n<div>\n<p><strong>Voraussetzung f\u00fcr das Betriebssystem: Microsoft Windows 10 oder 11<\/strong><\/p>\n<\/div>\n<p>&nbsp;<\/p>\n<h3><strong>Microsoft Windows 10 Professional<\/strong><\/h3>\n<p>Microsoft Windows 10 Professional ist die perfekte Wahl f\u00fcr Profis und Unternehmen, die ein stabiles und leistungsstarkes Betriebssystem suchen. Mit einer Mischung aus Vertrautheit und fortschrittlichen Funktionen steigert Microsoft Windows 10 Professional die Produktivit\u00e4t und bietet zuverl\u00e4ssige Sicherheit f\u00fcr alle Ihre Computeranforderungen.<\/p>\n<p><strong>Hauptmerkmale von Microsoft Windows 10 Professional:<\/strong><\/p>\n<ul>\n<li><strong>Vertraute Schnittstelle:<\/strong> Genie\u00dfen Sie das klassische Microsoft Windows-Gef\u00fchl mit einer modernen Note.<\/li>\n<li><strong>Erh\u00f6hte Produktivit\u00e4t:<\/strong> Funktionen wie Cortana und virtuelle Desktops rationalisieren Ihren Arbeitsablauf.<\/li>\n<li><strong>Erweiterte Sicherheit:<\/strong> BitLocker-Verschl\u00fcsselung und Microsoft Windows Defender Antivirus sch\u00fctzen Ihre Daten.<\/li>\n<li><strong>Ferngesteuerter Desktop: <\/strong> Access Ihren PC von \u00fcberall mit Remote-Desktop-Funktionen.<\/li>\n<li><strong>Microsoft Windows Tinte:<\/strong> Mit einem digitalen Stift k\u00f6nnen Sie direkt auf dem Bildschirm Notizen machen, zeichnen und entwerfen.<\/li>\n<li><strong>Microsoft Edge:<\/strong> Der neueste Browser, der auf Geschwindigkeit, Kompatibilit\u00e4t und Sicherheit ausgelegt ist.<\/li>\n<\/ul>\n<p>Mit einem Upgrade auf Microsoft Windows 10 Professional erhalten Sie ein zuverl\u00e4ssiges und effizientes Computererlebnis, das sowohl den Anforderungen des privaten als auch des beruflichen Einsatzes gerecht wird.<\/p>\n<p>&nbsp;<\/p>","protected":false},"excerpt":{"rendered":"<ul>\n<li>Microsoft Office 2024 Standard Lizenz f\u00fcr 3 Ger\u00e4te<\/li>\n<li>Microsoft Windows 10 Professional Lizenz f\u00fcr 3 Ger\u00e4te<\/li>\n<li><strong>Mit dieser Lizenz kann die Software auf 3 verschiedenen Ger\u00e4ten aktiviert werden, z.B. Heim-PC, Notebook und Arbeits-PC.<\/strong><\/li>\n<li>Version f\u00fcr 32- und 64-Bit-Systeme, unbegrenzte Vollversionen der Software <strong>vom zertifizierten Microsoft Gold Partner<\/strong><\/li>\n<li><strong>30 Tage volle R\u00fcckerstattung - Lebenslange Ersatzgarantie!<\/strong><\/li>\n<li>Lieferung per E-Mail: Produktschl\u00fcssel, Anleitung, Download-Links, Rechnung<\/li>\n<li>Sofortdownload!<\/li>\n<li>Keine zeitliche Begrenzung, kein Abo<\/li>\n<li>Kostenloser 24\/7-Support bei Problemen mit der Installation und Aktivierung<\/li>\n<li>Keine Lieferung auf Datentr\u00e4ger (USB, CD, etc.)<\/li>\n<li>Aktivierung online und telefonisch<\/li>\n<li>Sprachen: Englisch, Spanisch, Italienisch, Deutsch, Franz\u00f6sisch<\/li>\n<li><strong><span style=\"color: #008000;\"> Dieses Produkt ist kompatibel mit Microsoft Windows.<\/span><\/strong><\/li>\n<li><strong><span style=\"color: #ff0000;\">NICHT kompatibel mit Apple macOS\u2122, Android-Ger\u00e4ten und Chromebooks.<\/span><\/strong><\/li>\n<\/ul>","protected":false},"featured_media":117789,"comment_status":"closed","ping_status":"closed","template":"","meta":{"_acf_changed":false},"product_brand":[],"product_cat":[40,187,41],"product_tag":[213],"class_list":{"0":"post-117784","1":"product","2":"type-product","3":"status-publish","4":"has-post-thumbnail","6":"product_cat-msoffice","7":"product_cat-187","8":"product_cat-windows-desktop","9":"product_tag-213","11":"first","12":"instock","13":"sale","14":"virtual","15":"taxable","16":"purchasable","17":"product-type-simple"},"acf":[],"_links":{"self":[{"href":"https:\/\/keyshop.windowsandoffice.com\/de\/wp-json\/wp\/v2\/product\/117784","targetHints":{"allow":["GET"]}}],"collection":[{"href":"https:\/\/keyshop.windowsandoffice.com\/de\/wp-json\/wp\/v2\/product"}],"about":[{"href":"https:\/\/keyshop.windowsandoffice.com\/de\/wp-json\/wp\/v2\/types\/product"}],"replies":[{"embeddable":true,"href":"https:\/\/keyshop.windowsandoffice.com\/de\/wp-json\/wp\/v2\/comments?post=117784"}],"wp:featuredmedia":[{"embeddable":true,"href":"https:\/\/keyshop.windowsandoffice.com\/de\/wp-json\/wp\/v2\/media\/117789"}],"wp:attachment":[{"href":"https:\/\/keyshop.windowsandoffice.com\/de\/wp-json\/wp\/v2\/media?parent=117784"}],"wp:term":[{"taxonomy":"product_brand","embeddable":true,"href":"https:\/\/keyshop.windowsandoffice.com\/de\/wp-json\/wp\/v2\/product_brand?post=117784"},{"taxonomy":"product_cat","embeddable":true,"href":"https:\/\/keyshop.windowsandoffice.com\/de\/wp-json\/wp\/v2\/product_cat?post=117784"},{"taxonomy":"product_tag","embeddable":true,"href":"https:\/\/keyshop.windowsandoffice.com\/de\/wp-json\/wp\/v2\/product_tag?post=117784"}],"curies":[{"name":"wp","href":"https:\/\/api.w.org\/{rel}","templated":true}]}}