{"id":117783,"date":"2024-10-23T18:12:05","date_gmt":"2024-10-23T16:12:05","guid":{"rendered":"https:\/\/keyshop.windowsandoffice.com\/?post_type=product&#038;p=117783"},"modified":"2025-09-12T21:40:54","modified_gmt":"2025-09-12T19:40:54","slug":"microsoft-office-2024-standard-microsoft-windows-11-professional-license-for-3-devices","status":"publish","type":"product","link":"https:\/\/keyshop.windowsandoffice.com\/de\/produkt\/microsoft-office-2024-standard-microsoft-windows-11-professional-license-for-3-devices\/","title":{"rendered":"Microsoft Office 2024 Standard + Microsoft Windows 11 Professional Lizenz f\u00fcr 3 PCs"},"content":{"rendered":"<h3><strong>Microsoft Office 2024 Standard<br \/>\n<\/strong><\/h3>\n<div style=\"margin-bottom: 15px;\"><strong>Mit dieser Lizenz kann die Software auf 3 verschiedenen Ger\u00e4ten aktiviert werden, z.B. Heim-PC, Notebook und Arbeits-PC.<\/strong><\/div>\n<div style=\"margin-bottom: 15px;\">Microsoft Office-Nutzer, die zuhause oder im B\u00fcro die komplette Palette der Anwendungen nutzen, sind mit Microsoft Office 2024 Standard gut beraten. Alle wichtigen Programme sind enthalten: Word, Excel, Outlook und PowerPoint. Damit Sie schnell Notizen erstellen und diese \u00fcber die Cloud auf allen Ger\u00e4ten verf\u00fcgbar machen k\u00f6nnen, steht OneNote ab sofort im Microsoft Windows Store zum Download bereit. Aufgrund der gro\u00dfen Auswahl an unterschiedlichen Programmen richtet sich die Standard-Version vor allem an Personen, die zuhause, im Homeoffice arbeiten oder in einem B\u00fcro eine leistungsstarke, zuverl\u00e4ssige L\u00f6sung suchen, um Dokumente, Tabellen etc. zu organisieren.<\/div>\n<ul>\n<li><strong>Word<\/strong>: Erstellen Sie im Handumdrehen Textdokumente in professioneller Qualit\u00e4t.<\/li>\n<li><strong>Excel<\/strong>: Intelligente Tabellenkalkulation f\u00fcr das Informationsmanagement.<\/li>\n<li><strong>PowerPoint<\/strong>: Erstellen Sie beeindruckende dynamische Pr\u00e4sentationen.<\/li>\n<li><strong>Outlook<\/strong>: Kommunikation leicht gemacht.<\/li>\n<\/ul>\n<div>\n<p><strong>Voraussetzung f\u00fcr das Betriebssystem: Microsoft Windows 10 oder 11<\/strong><\/p>\n<\/div>\n<p>&nbsp;<\/p>\n<hr \/>\n<h3><strong>Microsoft Windows 11 Professional Lizenz f\u00fcr Ger\u00e4te<\/strong><\/h3>\n<p>Erleben Sie die Spitze des modernen Computings mit Microsoft Windows 11 Professional. Dieses Betriebssystem kombiniert schlankes Design mit starker Leistung und bietet eine nahtlose und sichere Umgebung f\u00fcr Arbeit und Freizeit. Microsoft Windows 11 Professional wurde entwickelt, um Ihnen zu helfen, mehr zu erreichen, mit neuen Funktionen und Verbesserungen, die die Produktivit\u00e4t und Konnektivit\u00e4t erh\u00f6hen.<\/p>\n<p><strong>Hauptmerkmale von Microsoft Windows 11 Professional:<\/strong><\/p>\n<ul>\n<li><strong>Intuitive Schnittstelle:<\/strong> Ein frisches und klares Design, das Ihre Produktivit\u00e4t steigert.<\/li>\n<li><strong>Verbesserte Leistung:<\/strong> Schnellere Bootzeiten, effiziente Ressourcenverwaltung und verbesserte Sicherheit.<\/li>\n<li><strong>Virtuelle Desktops:<\/strong> Organisieren Sie Ihren Arbeitsbereich ganz einfach mit mehreren Desktops.<\/li>\n<li><strong>Layouts und Gruppen fangen:<\/strong> Organisieren und verwalten Sie Ihre ge\u00f6ffneten Fenster f\u00fcr Multitasking auf einfache Weise.<\/li>\n<li><strong>Integration von Microsoft Teams:<\/strong> Bleiben Sie mit den integrierten Chat- und Videokonferenz-Tools in Verbindung.<\/li>\n<li><strong>Erweiterte Sicherheit:<\/strong> Sch\u00fctzen Sie Ihre Daten mit hochmodernen Sicherheitsfunktionen.<\/li>\n<\/ul>\n<p>Mit einem Upgrade auf Microsoft Windows 11 Professional k\u00f6nnen Sie das volle Potenzial Ihres PCs aussch\u00f6pfen, egal ob Sie zu Hause oder unterwegs arbeiten. Arbeiten Sie zu Hause, im B\u00fcro oder unterwegs.<\/p>\n<hr \/>\n<p>Mit dieser exklusiven Kombination erhalten Sie die ultimative Produktivit\u00e4tssuite und das fortschrittlichste Betriebssystem. Genie\u00dfen Sie die hochmodernen Funktionen und Innovationen von Microsoft Office 2024 Standard gepaart mit dem schlanken Design und der leistungsstarken Performance von Microsoft Windows 11 Professional. Verpassen Sie nicht die Gelegenheit, aufzur\u00fcsten und Ihre Produktivit\u00e4t zu maximieren!<\/p>","protected":false},"excerpt":{"rendered":"<ul>\n<li>Microsoft Office 2024 Standard Lizenz f\u00fcr 3 Ger\u00e4te<\/li>\n<li>Microsoft Windows 11 Professional Lizenz f\u00fcr 3 Ger\u00e4te<\/li>\n<li><strong>Mit dieser Lizenz kann die Software auf 3 verschiedenen Ger\u00e4ten aktiviert werden, z.B. Heim-PC, Notebook und Arbeits-PC.<\/strong><\/li>\n<li>Version f\u00fcr 32- und 64-Bit-Systeme, unbegrenzte Vollversionen der Software <strong>vom zertifizierten Microsoft Gold Partner<\/strong><\/li>\n<li><strong>30 Tage volle R\u00fcckerstattung - Lebenslange Ersatzgarantie!<\/strong><\/li>\n<li>Lieferung per E-Mail: Produktschl\u00fcssel, Anleitung, Download-Links, Rechnung<\/li>\n<li>Sofortdownload!<\/li>\n<li>Keine zeitliche Begrenzung, kein Abo<\/li>\n<li>Kostenloser 24\/7-Support bei Problemen mit der Installation und Aktivierung<\/li>\n<li>Keine Lieferung auf Datentr\u00e4ger (USB, CD, etc.)<\/li>\n<li>Aktivierung online und telefonisch<\/li>\n<li>Sprachen: Englisch, Spanisch, Italienisch, Deutsch, Franz\u00f6sisch<\/li>\n<li><strong><span style=\"color: #008000;\"> Dieses Produkt ist kompatibel mit Microsoft Windows.<\/span><\/strong><\/li>\n<li><strong><span style=\"color: #ff0000;\">NICHT kompatibel mit Apple macOS\u2122, Android-Ger\u00e4ten und Chromebooks.<\/span><\/strong><\/li>\n<\/ul>","protected":false},"featured_media":117788,"comment_status":"closed","ping_status":"closed","template":"","meta":{"_acf_changed":false},"product_brand":[],"product_cat":[40,187,41],"product_tag":[211,212],"class_list":{"0":"post-117783","1":"product","2":"type-product","3":"status-publish","4":"has-post-thumbnail","6":"product_cat-msoffice","7":"product_cat-187","8":"product_cat-windows-desktop","9":"product_tag-microsoft-office-2024-pro-plus-microsoft-windows-11-pro","10":"product_tag-microsoft-office-2024-pro-plus-microsoft-windows-11-pro-license-for-3-pc","12":"first","13":"instock","14":"sale","15":"featured","16":"virtual","17":"taxable","18":"purchasable","19":"product-type-simple"},"acf":[],"_links":{"self":[{"href":"https:\/\/keyshop.windowsandoffice.com\/de\/wp-json\/wp\/v2\/product\/117783","targetHints":{"allow":["GET"]}}],"collection":[{"href":"https:\/\/keyshop.windowsandoffice.com\/de\/wp-json\/wp\/v2\/product"}],"about":[{"href":"https:\/\/keyshop.windowsandoffice.com\/de\/wp-json\/wp\/v2\/types\/product"}],"replies":[{"embeddable":true,"href":"https:\/\/keyshop.windowsandoffice.com\/de\/wp-json\/wp\/v2\/comments?post=117783"}],"wp:featuredmedia":[{"embeddable":true,"href":"https:\/\/keyshop.windowsandoffice.com\/de\/wp-json\/wp\/v2\/media\/117788"}],"wp:attachment":[{"href":"https:\/\/keyshop.windowsandoffice.com\/de\/wp-json\/wp\/v2\/media?parent=117783"}],"wp:term":[{"taxonomy":"product_brand","embeddable":true,"href":"https:\/\/keyshop.windowsandoffice.com\/de\/wp-json\/wp\/v2\/product_brand?post=117783"},{"taxonomy":"product_cat","embeddable":true,"href":"https:\/\/keyshop.windowsandoffice.com\/de\/wp-json\/wp\/v2\/product_cat?post=117783"},{"taxonomy":"product_tag","embeddable":true,"href":"https:\/\/keyshop.windowsandoffice.com\/de\/wp-json\/wp\/v2\/product_tag?post=117783"}],"curies":[{"name":"wp","href":"https:\/\/api.w.org\/{rel}","templated":true}]}}