{"id":117782,"date":"2024-10-23T18:12:05","date_gmt":"2024-10-23T16:12:05","guid":{"rendered":"https:\/\/keyshop.windowsandoffice.com\/?post_type=product&#038;p=117782"},"modified":"2026-01-13T20:20:23","modified_gmt":"2026-01-13T19:20:23","slug":"microsoft-office-2024-standard-microsoft-office-2021-professional-plus-license-for-3-devices","status":"publish","type":"product","link":"https:\/\/keyshop.windowsandoffice.com\/de\/produkt\/microsoft-office-2024-standard-microsoft-office-2021-professional-plus-license-for-3-devices\/","title":{"rendered":"Microsoft Office 2024 Standard + Microsoft Office 2021 Professional Plus Lizenz f\u00fcr 3 PCs"},"content":{"rendered":"<h3><strong>Microsoft Office 2024 Standard<br \/>\n<\/strong><\/h3>\n<div style=\"margin-bottom: 15px;\"><strong>Mit dieser Lizenz kann die Software auf 3 verschiedenen Ger\u00e4ten aktiviert werden, z.B. Heim-PC, Notebook und Arbeits-PC.<\/strong><\/div>\n<div style=\"margin-bottom: 15px;\">Microsoft Office-Anwender, die zu Hause oder im B\u00fcro die volle Bandbreite an Anwendungen nutzen, sind mit dem Microsoft Office 2024 Standard gut beraten. Alle wichtigen Programme sind enthalten: Word, Excel, Outlook und PowerPoint. OneNote steht ab sofort im Microsoft Windows Store zum Download bereit, so dass man sich schnell Notizen machen und diese \u00fcber die Cloud auf allen Ger\u00e4ten zur Verf\u00fcgung stellen kann. Aufgrund der gro\u00dfen Bandbreite an verschiedenen Programmen richtet sich die Standardversion vor allem an Menschen, die zu Hause oder im Home Office arbeiten oder im B\u00fcro eine leistungsstarke und zuverl\u00e4ssige L\u00f6sung zur Organisation von Dokumenten, Tabellen etc. suchen.<\/div>\n<ul>\n<li><strong>Word<\/strong>: Erstellen Sie im Handumdrehen Textdokumente in professioneller Qualit\u00e4t.<\/li>\n<li><strong>Excel<\/strong>: Intelligente Tabellenkalkulation f\u00fcr das Informationsmanagement.<\/li>\n<li><strong>PowerPoint<\/strong>: Erstellen Sie beeindruckende dynamische Pr\u00e4sentationen.<\/li>\n<li><strong>Outlook<\/strong>: Kommunikation leicht gemacht.<\/li>\n<\/ul>\n<div>\n<p><strong>Voraussetzung f\u00fcr das Betriebssystem: Microsoft Windows 10 oder 11<\/strong><\/p>\n<\/div>\n<hr \/>\n<h3><strong>Microsoft Office 2021 Professional Plus Lizenz f\u00fcr 3 Ger\u00e4te<\/strong><\/h3>\n<p>F\u00fcr alle, die einen robusten und zuverl\u00e4ssigen Satz von Tools f\u00fcr den Einsatz zu Hause oder im B\u00fcro ben\u00f6tigen, bietet Microsoft Office 2021 Professional Plus Edition eine umfassende L\u00f6sung. Alle wichtigen Programme sind enthalten: Word, Excel, Outlook, PowerPoint, Publisher, und Access. OneNote steht bereits im Microsoft Windows Store zum Download bereit, so dass Sie schnell Notizen machen k\u00f6nnen und diese \u00fcber die Cloud auf allen Ger\u00e4ten zur Verf\u00fcgung haben. Die Professional Plus-Version richtet sich aufgrund der gro\u00dfen Bandbreite an verschiedenen Programmen vor allem an Personen, die von zu Hause aus arbeiten, ein Home Office betreiben oder eine leistungsstarke und zuverl\u00e4ssige Office-L\u00f6sung f\u00fcr die Organisation von Dokumenten, Tabellenkalkulationen usw. suchen.<\/p>\n<p><strong>Hauptmerkmale von Microsoft Office 2021 Professional Plus:<\/strong><\/p>\n<ul>\n<li><strong>Word<\/strong>: Erstellen Sie im Handumdrehen Textdokumente in professioneller Qualit\u00e4t.<\/li>\n<li><strong>Excel<\/strong>: Intelligente Tabellenkalkulation zur Verwaltung von Informationen.<\/li>\n<li><strong>PowerPoint<\/strong>: Erstellen Sie beeindruckende dynamische Pr\u00e4sentationen.<\/li>\n<li><strong>OneNote<\/strong>: Ihr digitales Notizbuch.<\/li>\n<li><strong>Outlook<\/strong>: Kommunikation leicht gemacht.<\/li>\n<li><strong>Publisher<\/strong>: Layout von Fachpublikationen.<\/li>\n<li><strong>Access<\/strong>: Datenbankprogrammierung f\u00fcr browserbasierte Anwendungen.<\/li>\n<li><strong>Microsoft Teams<\/strong>: H\u00f6here Produktivit\u00e4t durch Instant Messaging und HD-Videokonferenzen. (separat zum Download verf\u00fcgbar)<\/li>\n<\/ul>\n<p>HINWEIS: Aufgrund einer <a href=\"https:\/\/blogs.microsoft.com\/eupolicy\/2023\/08\/31\/european-competition-teams-office-microsoft-365\/\" target=\"_blank\" rel=\"noopener nofollow\">Untersuchung der Europ\u00e4ischen Kommission<\/a>, b\u00fcndelt Microsoft keine Teams-Lizenz mehr mit Office-Produkten. Sie k\u00f6nnen <a href=\"https:\/\/www.microsoft.com\/en-us\/microsoft-teams\/download-app\" target=\"_blank\" rel=\"noopener nofollow\"> Teams herunterladen<\/a>, um es mit einer kostenlosen oder kostenpflichtigen Lizenz zu verwenden (separat zu erwerben), je nach Bedarf.<\/p>","protected":false},"excerpt":{"rendered":"<ul>\n<li>Microsoft Office 2024 Standard Lizenz f\u00fcr 3 Ger\u00e4te<\/li>\n<li>Microsoft Office 2021 Professional Plus Lizenz f\u00fcr 3 Ger\u00e4te<\/li>\n<li><strong>Mit dieser Lizenz kann die Software auf 3 verschiedenen Ger\u00e4ten aktiviert werden, z.B. Heim-PC, Notebook und Arbeits-PC.<\/strong><\/li>\n<li>Version f\u00fcr 32- und 64-Bit-Systeme, unbegrenzte Vollversionen der Software <strong>vom zertifizierten Microsoft Gold Partner<\/strong><\/li>\n<li><strong>30 Tage volle R\u00fcckerstattung - Lebenslange Ersatzgarantie!<\/strong><\/li>\n<li>Lieferung per E-Mail: Produktschl\u00fcssel, Anleitung, Download-Links, Rechnung<\/li>\n<li>Sofortdownload!<\/li>\n<li>Keine zeitliche Begrenzung, kein Abo<\/li>\n<li>Kostenloser 24\/7-Support bei Problemen mit der Installation und Aktivierung<\/li>\n<li>Keine Lieferung auf Datentr\u00e4ger (USB, CD, etc.)<\/li>\n<li>Aktivierung online und telefonisch<\/li>\n<li>Sprachen: Englisch, Spanisch, Italienisch, Deutsch, Franz\u00f6sisch<\/li>\n<li><strong><span style=\"color: #008000;\"> Dieses Produkt ist kompatibel mit Microsoft Windows.<\/span><\/strong><\/li>\n<li><strong><span style=\"color: #ff0000;\">NICHT kompatibel mit Apple macOS\u2122, Android-Ger\u00e4ten und Chromebooks.<\/span><\/strong><\/li>\n<\/ul>","protected":false},"featured_media":117787,"comment_status":"closed","ping_status":"closed","template":"","meta":{"_acf_changed":false},"product_brand":[],"product_cat":[40,75,187],"product_tag":[],"class_list":{"0":"post-117782","1":"product","2":"type-product","3":"status-publish","4":"has-post-thumbnail","6":"product_cat-msoffice","7":"product_cat-office-2021","8":"product_cat-187","10":"first","11":"instock","12":"sale","13":"virtual","14":"taxable","15":"purchasable","16":"product-type-simple"},"acf":[],"_links":{"self":[{"href":"https:\/\/keyshop.windowsandoffice.com\/de\/wp-json\/wp\/v2\/product\/117782","targetHints":{"allow":["GET"]}}],"collection":[{"href":"https:\/\/keyshop.windowsandoffice.com\/de\/wp-json\/wp\/v2\/product"}],"about":[{"href":"https:\/\/keyshop.windowsandoffice.com\/de\/wp-json\/wp\/v2\/types\/product"}],"replies":[{"embeddable":true,"href":"https:\/\/keyshop.windowsandoffice.com\/de\/wp-json\/wp\/v2\/comments?post=117782"}],"wp:featuredmedia":[{"embeddable":true,"href":"https:\/\/keyshop.windowsandoffice.com\/de\/wp-json\/wp\/v2\/media\/117787"}],"wp:attachment":[{"href":"https:\/\/keyshop.windowsandoffice.com\/de\/wp-json\/wp\/v2\/media?parent=117782"}],"wp:term":[{"taxonomy":"product_brand","embeddable":true,"href":"https:\/\/keyshop.windowsandoffice.com\/de\/wp-json\/wp\/v2\/product_brand?post=117782"},{"taxonomy":"product_cat","embeddable":true,"href":"https:\/\/keyshop.windowsandoffice.com\/de\/wp-json\/wp\/v2\/product_cat?post=117782"},{"taxonomy":"product_tag","embeddable":true,"href":"https:\/\/keyshop.windowsandoffice.com\/de\/wp-json\/wp\/v2\/product_tag?post=117782"}],"curies":[{"name":"wp","href":"https:\/\/api.w.org\/{rel}","templated":true}]}}