{"id":116399,"date":"2024-08-29T18:24:03","date_gmt":"2024-08-29T16:24:03","guid":{"rendered":"https:\/\/keyshop.windowsandoffice.com\/?post_type=product&#038;p=116399"},"modified":"2026-01-13T20:20:23","modified_gmt":"2026-01-13T19:20:23","slug":"microsoft-windows-server-2019-standard","status":"publish","type":"product","link":"https:\/\/keyshop.windowsandoffice.com\/de\/produkt\/microsoft-windows-server-2019-standard\/","title":{"rendered":"Microsoft Windows Server 2019 Standard"},"content":{"rendered":"<p><strong>Windows Server 2019<\/strong> hilft Ihnen, Ihr Gesch\u00e4ft auszubauen.<\/p>\n<p>Mit anderen Worten: Sie k\u00f6nnen Ihren Betrieb von einer Infrastruktur aus auf die Cloud ausweiten.<\/p>\n<p>Wir heben die Nutzung dieser drei F\u00e4higkeiten hervor, als Ergebnis maximieren Sie Ihre bestehenden Investitionen:<\/p>\n<ul>\n<li>\u00a0Sicherheit<\/li>\n<li>\u00a0Anwendung Innovation<\/li>\n<li>\u00a0Hyperkonvergente Infrastruktur-Funktionen<\/li>\n<\/ul>\n<p>Windows Server 2019 ist in drei verschiedenen Versionen f\u00fcr jeweils unterschiedliche Anforderungen verf\u00fcgbar:<\/p>\n<ul>\n<li><span style=\"color: #808080;\"><strong>Windows Server 2019 Essentials<\/strong>ist f\u00fcr kleine Unternehmen mit bis zu 25 Benutzern und 50 Ger\u00e4ten entwickelt. Es werden keine Zugriffslizenzen (CAL) ben\u00f6tigt.<\/span><\/li>\n<li><span style=\"color: #333333;\"><strong>Windows Server 2019 Standard<\/strong>. Perfekt geeignet f\u00fcr physische oder nur geringf\u00fcgig virtualisierte Umgebungen. Sie ben\u00f6tigen <a style=\"color: #333333;\" href=\"https:\/\/keyshop.windowsandoffice.com\/de\/produkt\/windows-server-2019-rds\/\">Lizenzen f\u00fcr den Zugriff auf den Server (CAL)<\/a><\/span><\/li>\n<li><span style=\"color: #808080;\"><strong>Windows Server 2019 Data Center.<\/strong> entfaltet seine St\u00e4rken besonders in hochgradig virtualisierten Rechenzentren und Cloudumgebungen. Sie ben\u00f6tigen zus\u00e4tzliche <a style=\"color: #808080;\" href=\"https:\/\/keyshop.windowsandoffice.com\/de\/produkt\/windows-server-2019-rds\/\">Lizenzen f\u00fcr den Zugriff auf den Server (CAL)<\/a><\/span><\/li>\n<\/ul>\n<p>Windows Server 2019 ist das Betriebssystem, das On-Premises-Umgebungen mit Azure verbindet. Sie profitieren von zus\u00e4tzlichen Sicherheitsebenen und der Modernisierung Ihrer Anwendungen und Infrastrukturen.<\/p>\n<h4>Hybridfunktionen mit Azure<\/h4>\n<p>Erweitern Sie Ihr Rechenzentrum auf Azure, um Ihre Investitionen maximal zu nutzen und neue Hybridfunktionen zu erhalten.<\/p>\n<h4>Erweiterte mehrstufige Sicherheit<\/h4>\n<p>Verbessern Sie Ihre Sicherheit, um das Rechenzentrum zu sch\u00fctzen. Den Anfang macht das Betriebssystem.<\/p>\n<h4>Schnellere Innovation f\u00fcr Anwendungen<\/h4>\n<p>Erm\u00f6glichen Sie die Erstellung von cloudnativen Apps, und modernisieren Sie traditionelle Apps mit Containern und Microservices.<\/p>\n<h4>Beispiellose hyperkonvergente Infrastruktur<\/h4>\n<p>Erweitern Sie die Infrastruktur Ihres Rechenzentrums, um Effizienz und Sicherheit zu verbessern.<\/p>\n<p><strong>Systemanforderungen<\/strong><\/p>\n<ul>\n<li>Prozessor: 1,4 GHz 64-Bit mit NX\/DEP<\/li>\n<li>Arbeitsspeicher: 512 MB (Server Core und Server Nano), 2 GB (mit Desktop-Ansicht)<\/li>\n<li>Grafikkarte und Monitor: 1024 \u00d7 768 Pixel<\/li>\n<li>Netzwerk: Gigabit-Ethernet<\/li>\n<li>Freier Festplattenspeicher: 32 GB freier Festplattenspeicher<\/li>\n<li>BIOS: UEFI-System mit sicherem Start (UEFI 2.3.1c) (f\u00fcr bestimmte Funktionen)<\/li>\n<\/ul>\n<p><strong>Unterst\u00fctzung:<\/strong><\/p>\n<p>Sollten Fragen auftreten, z\u00f6gern Sie nicht uns <a href=\"mailto:keyshop@dl-winandoffice.com\">per E-Mail<\/a>zu kontaktieren. Unser Kundenservice ist rund um die Uhr f\u00fcr Sie erreichbar. So erhalten Sie sofortige Unterst\u00fctzung.<\/p>\n<p>Andererseits garantieren wir die Verf\u00fcgbarkeit aller unser Produkte. Daher werden Sie Ihre Bestellung immer p\u00fcnktlich erhalten.<\/p>\n<p>Unsere Firma hat \u00fcber 10 Jahre Erfahrung in der Branche. Das bedeutet, dass wir einen professionellen Service nach Ihren Vorstellungen anbieten. Also laden wir Sie ein, zu dem gro\u00dfen Kreis zufriedener Kunden zu z\u00e4hlen.<\/p>\n<p>Um unsere aktuellen News zu erhalten<strong>, <a href=\"https:\/\/news.dl-winandoffice.com\/en\/\" target=\"_blank\" rel=\"noopener noreferrer nofollow\">klicken Sie hier.<\/a><\/strong><\/p>","protected":false},"excerpt":{"rendered":"<p>Windows Server 2019 ist das Betriebssystem, das On-Premises-Umgebungen mit Azure verbindet. Sie profitieren von zus\u00e4tzlichen Sicherheitsebenen und der Modernisierung Ihrer Anwendungen und Infrastrukturen.<\/p>\n<p>Windows Server 2019 ist in drei verschiedenen Versionen f\u00fcr jeweils unterschiedliche Anforderungen verf\u00fcgbar:<\/p>\n<ul>\n<li>Windows Server 2019 Essentials<\/li>\n<li><strong>Windows Server 2019 Standard<\/strong><\/li>\n<li>Windows Server 2019 Datacenter<\/li>\n<\/ul>","protected":false},"featured_media":1608,"comment_status":"open","ping_status":"closed","template":"","meta":{"_acf_changed":false},"product_brand":[],"product_cat":[42,201],"product_tag":[52],"class_list":{"0":"post-116399","1":"product","2":"type-product","3":"status-publish","4":"has-post-thumbnail","6":"product_cat-windows-server","7":"product_cat-windows-server-2019","8":"product_tag-windows","10":"first","11":"instock","12":"sale","13":"taxable","14":"shipping-taxable","15":"purchasable","16":"product-type-simple"},"acf":[],"_links":{"self":[{"href":"https:\/\/keyshop.windowsandoffice.com\/de\/wp-json\/wp\/v2\/product\/116399","targetHints":{"allow":["GET"]}}],"collection":[{"href":"https:\/\/keyshop.windowsandoffice.com\/de\/wp-json\/wp\/v2\/product"}],"about":[{"href":"https:\/\/keyshop.windowsandoffice.com\/de\/wp-json\/wp\/v2\/types\/product"}],"replies":[{"embeddable":true,"href":"https:\/\/keyshop.windowsandoffice.com\/de\/wp-json\/wp\/v2\/comments?post=116399"}],"wp:featuredmedia":[{"embeddable":true,"href":"https:\/\/keyshop.windowsandoffice.com\/de\/wp-json\/wp\/v2\/media\/1608"}],"wp:attachment":[{"href":"https:\/\/keyshop.windowsandoffice.com\/de\/wp-json\/wp\/v2\/media?parent=116399"}],"wp:term":[{"taxonomy":"product_brand","embeddable":true,"href":"https:\/\/keyshop.windowsandoffice.com\/de\/wp-json\/wp\/v2\/product_brand?post=116399"},{"taxonomy":"product_cat","embeddable":true,"href":"https:\/\/keyshop.windowsandoffice.com\/de\/wp-json\/wp\/v2\/product_cat?post=116399"},{"taxonomy":"product_tag","embeddable":true,"href":"https:\/\/keyshop.windowsandoffice.com\/de\/wp-json\/wp\/v2\/product_tag?post=116399"}],"curies":[{"name":"wp","href":"https:\/\/api.w.org\/{rel}","templated":true}]}}