{"id":116388,"date":"2024-08-29T18:11:02","date_gmt":"2024-08-29T16:11:02","guid":{"rendered":"https:\/\/keyshop.windowsandoffice.com\/?post_type=product&#038;p=116388"},"modified":"2026-01-13T20:20:16","modified_gmt":"2026-01-13T19:20:16","slug":"microsoft-windows-server-2016-essentials","status":"publish","type":"product","link":"https:\/\/keyshop.windowsandoffice.com\/de\/produkt\/microsoft-windows-server-2016-essentials\/","title":{"rendered":"Microsoft Windows Server 2016 Grundlagen"},"content":{"rendered":"<p><strong>Windows Server 2016<\/strong>\u00a0ist die Weiterentwicklung des existierenden Industriestandards im Bereich Serverbetriebssysteme. Es hilft, Unternehmen in der modernen Cloud- und Mobile-\u00c4ra zu agieren. Es sind folgende drei Versionen verf\u00fcgbar:<\/p>\n<p>&nbsp;<\/p>\n<h4><b>Windows Server 2016<\/b><\/h4>\n<p>Es ist die siebte Version des Server-Betriebssystems Windows Server, das von Microsoft als Teil der Windows NT-Betriebssystemfamilie entwickelt wurde. Daher wurde es zur gleichen Zeit wie Windows 10 entwickelt. Au\u00dferdem ist es der Nachfolger von <a href=\"https:\/\/keyshop.windowsandoffice.com\/de\/produkt\/windows-server-2012-std-ess-dc-versions\/\">Windows Server 2012 R2<\/a>. Die erste Vorabversion wurde am 1. Oktober 2014 zusammen mit der ersten technischen Vorschau von System Center verf\u00fcgbar. Schlie\u00dflich wurde Windows Server 2016 am 26. September 2016 auf der Ignite-Konferenz von Microsoft vorgestellt und am 12. Oktober 2016 f\u00fcr den Verkauf freigegeben. Letztendlich hat er zwei Nachfolger: <a href=\"https:\/\/keyshop.windowsandoffice.com\/de\/produkt\/windows-server-2019-std-ess-dc-versions\/\">Windows Server 2019<\/a> und der Kanal Windows Server semi-annual, der die grafische Benutzeroberfl\u00e4che und viele \u00e4ltere Komponenten ausschlie\u00dft.<\/p>\n<p>&nbsp;<\/p>\n<p>Es sind drei verschiedene Versionen verf\u00fcgbar:<\/p>\n<p>&nbsp;<\/p>\n<h4><strong>Windows Server 2016 Essentials<\/strong><\/h4>\n<p>Es ist eine flexible Serverl\u00f6sung. Zweitens ist sie erschwinglich. Au\u00dferdem ist sie einfach zu bedienen. Zusammenfassend l\u00e4sst sich sagen, dass es ideal f\u00fcr kleine Unternehmen mit bis zu 25 Benutzern und 50 Ger\u00e4ten ist.<\/p>\n<p>Andererseits kann er auch als prim\u00e4rer Server in einer kleinen Unternehmensumgebung mit mehreren Servern eingesetzt werden.<\/p>\n<h4><span style=\"color: #808080;\"><strong>Windows Server 2016 Standard<\/strong><\/span><\/h4>\n<p><span style=\"color: #808080;\">Die Standard Version von Windows Server 2016 bietet gute Unterst\u00fctzung f\u00fcr Unternehmen, die Ihre Arbeitsumgebung virtuallisieren m\u00f6chten. Diese Version beinhaltet:<\/span><\/p>\n<ul>\n<li><span style=\"color: #808080;\">2 virtuelle Maschinen<\/span><\/li>\n<li><span style=\"color: #808080;\">2 Hyper-V Container<\/span><\/li>\n<li><span style=\"color: #808080;\">Unbegrenzte Anzahl an Windows Server Containern<\/span><\/li>\n<\/ul>\n<h4><span style=\"color: #808080;\"><strong>Windows Server 2016 Datacenter<\/strong><\/span><\/h4>\n<p><span style=\"color: #808080;\">Diese Edition eignet sich ideal f\u00fcr Unternehmen jeder Gr\u00f6\u00dfe, die anspruchsvolle IT-Workloads ben\u00f6tigen, die eine erweiterte Speicherung, Virtualisierung und Bereitstellung von Anwendungen erfordern. Die Edition enth\u00e4lt:<\/span><\/p>\n<ul>\n<li><span style=\"color: #808080;\">Unbegrenzte Anzahl an Virtual Machines<\/span><\/li>\n<li><span style=\"color: #808080;\">Unbegrenzte Anzahl an Hyper-V-Containern<\/span><\/li>\n<li><span style=\"color: #808080;\">Unbegrenzte Anzahl an Windows Server Containern<\/span><\/li>\n<li><span style=\"color: #808080;\">Speicherfunktionen, die Storage Replica und Storage Spaces Direct enthalten<\/span><\/li>\n<li><span style=\"color: #808080;\">Neuer optimierter Netzwerk-Stack<\/span><\/li>\n<li><span style=\"color: #808080;\">Gesch\u00fctzte Virtual Machines und Host Guardian Services<\/span><\/li>\n<\/ul>\n<h4><strong>Systemanforderungen:<\/strong><\/h4>\n<ul>\n<li>Prozessor: 1,4 GHz 64-Bit-Prozessor.<\/li>\n<li>Arbeitsspeicher: 512 MB (2Gb f\u00fcr Server mit der \"Desktop Experience\" Installationsoption)<\/li>\n<li>Verf\u00fcgbarer Festplattenspeicher: 60 GB<\/li>\n<li>Monitor mit Super VGA (800 x 600) Aufl\u00f6sung oder besser<\/li>\n<li>Tastatur und Microsoft Mouse (oder kompatibles Zeigeger\u00e4t)<\/li>\n<\/ul>\n<h4><strong>Unterst\u00fctzung:<\/strong><\/h4>\n<p>Sollten Fragen auftreten, z\u00f6gern Sie nicht uns <a href=\"mailto:keyshop@dl-winandoffice.com\">per E-Mail<\/a>zu kontaktieren. Unser Kundenservice ist rund um die Uhr f\u00fcr Sie erreichbar. So erhalten Sie sofortige Unterst\u00fctzung.<\/p>\n<p>Andererseits garantieren wir die Verf\u00fcgbarkeit aller unser Produkte. Daher werden Sie Ihre Bestellung immer p\u00fcnktlich erhalten.<\/p>\n<p>Unsere Firma hat \u00fcber 10 Jahre Erfahrung in der Branche. Das bedeutet, dass wir einen professionellen Service nach Ihren Vorstellungen anbieten. Also laden wir Sie ein, zu dem gro\u00dfen Kreis zufriedener Kunden zu z\u00e4hlen.<\/p>\n<p>Um unsere aktuellen News zu erhalten<strong>, <a href=\"https:\/\/news.dl-winandoffice.com\/en\/\" target=\"_blank\" rel=\"noopener noreferrer nofollow\">klicken Sie hier.<\/a><\/strong><\/p>\n<p>&nbsp;<\/p>","protected":false},"excerpt":{"rendered":"<p>Windows Server 2016 ist die Weiterentwicklung des existierenden Industriestandards im Bereich Serverbetriebssysteme. Es hilft Unternehmen in der modernen Cloud- und Mobile-\u00c4ra zu agieren. Folgende drei Versionen sind verf\u00fcgbar:<\/p>\n<ul>\n<li><strong>Windows Server 2016 Essentials<\/strong><\/li>\n<li>Windows Server 2016 Standard<\/li>\n<li>Windows Server 2016 Datacenter<\/li>\n<\/ul>","protected":false},"featured_media":116392,"comment_status":"open","ping_status":"closed","template":"","meta":{"_acf_changed":false},"product_brand":[],"product_cat":[42,200],"product_tag":[52],"class_list":{"0":"post-116388","1":"product","2":"type-product","3":"status-publish","4":"has-post-thumbnail","6":"product_cat-windows-server","7":"product_cat-windows-server-2016","8":"product_tag-windows","10":"first","11":"instock","12":"sale","13":"virtual","14":"taxable","15":"purchasable","16":"product-type-simple"},"acf":[],"_links":{"self":[{"href":"https:\/\/keyshop.windowsandoffice.com\/de\/wp-json\/wp\/v2\/product\/116388","targetHints":{"allow":["GET"]}}],"collection":[{"href":"https:\/\/keyshop.windowsandoffice.com\/de\/wp-json\/wp\/v2\/product"}],"about":[{"href":"https:\/\/keyshop.windowsandoffice.com\/de\/wp-json\/wp\/v2\/types\/product"}],"replies":[{"embeddable":true,"href":"https:\/\/keyshop.windowsandoffice.com\/de\/wp-json\/wp\/v2\/comments?post=116388"}],"wp:featuredmedia":[{"embeddable":true,"href":"https:\/\/keyshop.windowsandoffice.com\/de\/wp-json\/wp\/v2\/media\/116392"}],"wp:attachment":[{"href":"https:\/\/keyshop.windowsandoffice.com\/de\/wp-json\/wp\/v2\/media?parent=116388"}],"wp:term":[{"taxonomy":"product_brand","embeddable":true,"href":"https:\/\/keyshop.windowsandoffice.com\/de\/wp-json\/wp\/v2\/product_brand?post=116388"},{"taxonomy":"product_cat","embeddable":true,"href":"https:\/\/keyshop.windowsandoffice.com\/de\/wp-json\/wp\/v2\/product_cat?post=116388"},{"taxonomy":"product_tag","embeddable":true,"href":"https:\/\/keyshop.windowsandoffice.com\/de\/wp-json\/wp\/v2\/product_tag?post=116388"}],"curies":[{"name":"wp","href":"https:\/\/api.w.org\/{rel}","templated":true}]}}