{"id":116380,"date":"2024-08-29T17:54:51","date_gmt":"2024-08-29T15:54:51","guid":{"rendered":"https:\/\/keyshop.windowsandoffice.com\/?post_type=product&#038;p=116380"},"modified":"2026-01-13T20:20:16","modified_gmt":"2026-01-13T19:20:16","slug":"microsoft-windows-server-2012-standard","status":"publish","type":"product","link":"https:\/\/keyshop.windowsandoffice.com\/de\/produkt\/microsoft-windows-server-2012-standard\/","title":{"rendered":"Microsoft Windows Server 2012 Standard"},"content":{"rendered":"<p>Windows Server 2012 R2 ist die Weiterentwicklung des existierenden Industriestandards im Bereich Serverbetriebssysteme. Es sind folgende drei Versionen verf\u00fcgbar:<\/p>\n<p><span style=\"color: #808080;\"><strong>Windows Server 2012 R2 Essentials<\/strong><\/span><\/p>\n<p><span style=\"color: #808080;\">Windows Server 2012 R2 Essentials ist eine flexible, kosteng\u00fcnstige und einfach zu bedienende Serverl\u00f6sung, die f\u00fcr kleine Unternehmen mit bis zu 25 Benutzern und 50 Ger\u00e4ten entwickelt wurde. Windows Server Essentials ist ein idealer erster Server und kann auch als prim\u00e4rer Server in einer Multi-Server-Umgebung f\u00fcr kleine Unternehmen verwendet werden.<\/span><\/p>\n<p><strong>Windows Server 2012 R2 Standard<\/strong><\/p>\n<p>Windows Server 2012 Standard wurde f\u00fcr Umgebungen mit geringer Dichte oder nicht virtualisierte Umgebungen entwickelt und bietet die vollst\u00e4ndige Windows Server-Funktionalit\u00e4t mit zwei virtuellen Instanzen. Dar\u00fcber hinaus bietet Windows Server 2012 R2 Standard eine dynamische, mandantenf\u00e4hige Infrastruktur, die \u00fcber die bisherigen Virtualisierungstechnologien hinausgeht, sowie eine vollst\u00e4ndige Plattform zur Erstellung einer Microsoft Private Cloud. Dies erm\u00f6glicht Ihnen die Skalierung und Sicherung von Arbeitslasten, eine kosteng\u00fcnstige Cloud-L\u00f6sung und eine sichere Cloud-Service-Konnektivit\u00e4t.<\/p>\n<p><span style=\"color: #808080;\"><strong>Windows Server 2012 R2 Datacenter<\/strong><\/span><\/p>\n<p><span style=\"color: #808080;\">Windows Server 2012 Datacenter ist f\u00fcr die Virtualisierung mit hoher Dichte mit einer unbegrenzten Anzahl virtueller Instanzen konzipiert. Dar\u00fcber hinaus bietet Windows Server 2012 R2 Datacenter eine dynamische, mandantenf\u00e4hige Infrastruktur, die \u00fcber bisherige Virtualisierungstechnologien hinausgeht, sowie eine vollst\u00e4ndige Plattform f\u00fcr die Erstellung einer Microsoft Private Cloud. Auf diese Weise k\u00f6nnen Sie Workloads skalieren und sichern, eine kosteng\u00fcnstige Cloud-L\u00f6sung und sichere Cloud-Service-Konnektivit\u00e4t.<\/span><\/p>\n<p><a href=\"https:\/\/keyshop.windowsandoffice.com\/de\/produkt\/windows-server-2012-r2-rds\/\">Sind Sie auf der Sucher nach Windows Server 2012 r2 RDS User-Device CAL<\/a><\/p>\n<p><strong>Systemanforderungen:<\/strong><\/p>\n<ul>\n<li>Prozessor: 1,4 GHz 64-Bit Prozessor<\/li>\n<li>Arbeitsspeicher: 512 MB<\/li>\n<li>Verf\u00fcgbarer Festplattenspeicher: 32 GB<\/li>\n<li>Monitor mit Super VGA (800 x 600) Aufl\u00f6sung oder besser<\/li>\n<li>Tastatur und Microsoft Mouse (oder kompatibles Zeigeger\u00e4t)<\/li>\n<\/ul>\n<h4><strong>Unterst\u00fctzung:<\/strong><\/h4>\n<p>Sollten Fragen auftreten, z\u00f6gern Sie nicht uns <a href=\"mailto:keyshop@dl-winandoffice.com\">per E-Mail<\/a>zu kontaktieren. Unser Kundenservice ist rund um die Uhr f\u00fcr Sie erreichbar. So erhalten Sie sofortige Unterst\u00fctzung.<\/p>\n<p>Andererseits garantieren wir die Verf\u00fcgbarkeit aller unser Produkte. Daher werden Sie Ihre Bestellung immer p\u00fcnktlich erhalten.<\/p>\n<p>Unsere Firma hat \u00fcber 10 Jahre Erfahrung in der Branche. Das bedeutet, dass wir einen professionellen Service nach Ihren Vorstellungen anbieten. Also laden wir Sie ein, zu dem gro\u00dfen Kreis zufriedener Kunden zu z\u00e4hlen.<\/p>\n<p>Um unsere aktuellen News zu erhalten<strong>, <a href=\"https:\/\/news.dl-winandoffice.com\/en\/\" target=\"_blank\" rel=\"noopener noreferrer nofollow\">klicken Sie hier.<\/a><\/strong><\/p>\n<p>&nbsp;<\/p>","protected":false},"excerpt":{"rendered":"<p>Windows Server 2012 R2 ist die Weiterentwicklung des existierenden Industriestandards im Bereich Serverbetriebssysteme. Es sind folgende drei Versionen verf\u00fcgbar:<\/p>\n<ul>\n<li>Windows Server 2012 R2 Essentials<\/li>\n<li><strong>Windows Server 2012 R2 Standard<\/strong><\/li>\n<li>Windows Server 2012 R2 Datacenter<\/li>\n<\/ul>","protected":false},"featured_media":116381,"comment_status":"open","ping_status":"closed","template":"","meta":{"_acf_changed":false},"product_brand":[],"product_cat":[42,199],"product_tag":[],"class_list":{"0":"post-116380","1":"product","2":"type-product","3":"status-publish","4":"has-post-thumbnail","6":"product_cat-windows-server","7":"product_cat-windows-server-2012-r2","9":"first","10":"instock","11":"sale","12":"virtual","13":"taxable","14":"purchasable","15":"product-type-simple"},"acf":[],"_links":{"self":[{"href":"https:\/\/keyshop.windowsandoffice.com\/de\/wp-json\/wp\/v2\/product\/116380","targetHints":{"allow":["GET"]}}],"collection":[{"href":"https:\/\/keyshop.windowsandoffice.com\/de\/wp-json\/wp\/v2\/product"}],"about":[{"href":"https:\/\/keyshop.windowsandoffice.com\/de\/wp-json\/wp\/v2\/types\/product"}],"replies":[{"embeddable":true,"href":"https:\/\/keyshop.windowsandoffice.com\/de\/wp-json\/wp\/v2\/comments?post=116380"}],"wp:featuredmedia":[{"embeddable":true,"href":"https:\/\/keyshop.windowsandoffice.com\/de\/wp-json\/wp\/v2\/media\/116381"}],"wp:attachment":[{"href":"https:\/\/keyshop.windowsandoffice.com\/de\/wp-json\/wp\/v2\/media?parent=116380"}],"wp:term":[{"taxonomy":"product_brand","embeddable":true,"href":"https:\/\/keyshop.windowsandoffice.com\/de\/wp-json\/wp\/v2\/product_brand?post=116380"},{"taxonomy":"product_cat","embeddable":true,"href":"https:\/\/keyshop.windowsandoffice.com\/de\/wp-json\/wp\/v2\/product_cat?post=116380"},{"taxonomy":"product_tag","embeddable":true,"href":"https:\/\/keyshop.windowsandoffice.com\/de\/wp-json\/wp\/v2\/product_tag?post=116380"}],"curies":[{"name":"wp","href":"https:\/\/api.w.org\/{rel}","templated":true}]}}