{"id":116189,"date":"2024-08-21T18:26:45","date_gmt":"2024-08-21T16:26:45","guid":{"rendered":"https:\/\/keyshop.windowsandoffice.com\/?post_type=product&#038;p=116189"},"modified":"2026-02-12T17:14:33","modified_gmt":"2026-02-12T16:14:33","slug":"microsoft-office-home-business-2024-microsoft-office-home-business-2016","status":"publish","type":"product","link":"https:\/\/keyshop.windowsandoffice.com\/de\/produkt\/microsoft-office-home-business-2024-microsoft-office-home-business-2016\/","title":{"rendered":"Microsoft Office Home &amp; Business 2024 + Microsoft Office Home &amp; Business 2016"},"content":{"rendered":"<p><strong>Microsoft Office Home &amp; Business 2024<\/strong><\/p>\n<p>Office 2024 f\u00fcr Windows wurde entwickelt, um Ihnen ein effizienteres Arbeiten zu erm\u00f6glichen. Es bietet erstaunliche neue Funktionen, die die Kommunikation, Erstellung, Zusammenarbeit und gemeinsame Nutzung Ihrer Arbeit erleichtern. Office 2024 f\u00fcr Windows nutzt alle Vorteile der neuesten Innovationen und gew\u00e4hrleistet Kompatibilit\u00e4t und Leistung auf modernen PCs. Das Produkt wird voraussichtlich Ende 2024 mit all diesen neuen Funktionen auf den Markt kommen.<\/p>\n<hr \/>\n<p>&nbsp;<\/p>\n<h4>Microsoft Office Home &amp; Business 2016<\/h4>\n<p>Office 2016 MAC wurde entwickelt, damit Sie schneller arbeiten k\u00f6nnen. Es bietet erstaunliche neue Funktionen, die es Ihnen leichter machen, zu kommunizieren, zu erstellen, zusammenzuarbeiten und Ihre Arbeit zu teilen. Office 2016 wurde entwickelt, um die Vorteile der neuesten Windows-Funktionen zu nutzen.<\/p>\n<h4>FEATURES<\/h4>\n<p>Microsoft Office 2016 MAC ist der Nachfolger von Microsoft Office 2011. Microsoft Office 2016 f\u00fcr Mac ist kompatibel mit OS X 10.10 Yosemite oder jeder sp\u00e4teren Version von Mac OS X. Office 2016 f\u00fcr MAC ist wie seine Vorg\u00e4nger in einer Vielzahl von Paketen erh\u00e4ltlich, die jeweils auf unterschiedliche Bed\u00fcrfnisse zugeschnitten sind. Egal, ob Sie Office f\u00fcr den privaten oder beruflichen Gebrauch ben\u00f6tigen, Microsoft hat das richtige Paket f\u00fcr Sie.<\/p>","protected":false},"excerpt":{"rendered":"<div class=\"woocommerce-product-details__short-description\">\n<ul>\n<li>Sie erhalten MIcrosoft Office Home &amp; Business 2016 mit aktueller Lizenz, Rechnung, Installationsanleitung und Download-Link.<\/li>\n<\/ul>\n<ul>\n<li>Sie erhalten das Installationsprogramm Office 2024 (keine Lizenz, Vorabversion), 100% funktionsf\u00e4hig, mit allen Anwendungen, sowie einen tempor\u00e4ren Aktivierungsschl\u00fcssel.<\/li>\n<li>Wenn Microsoft die offizielle Version von Office Home &amp; Business 2024 und Microsoft Office 2024 Pro Plus ver\u00f6ffentlicht (voraussichtlich bis Ende 2024), erhalten Sie die offizielle Lizenz und den Aktivierungsschl\u00fcssel per E-Mail.<\/li>\n<li>Sofortiger Download!<\/li>\n<li>Keine zeitliche Begrenzung, kein Abo<\/li>\n<li>Kostenlose Unterst\u00fctzung bei der Installation und Aktivierung<\/li>\n<li>Keine Lieferung auf Datentr\u00e4gern (USB, CD, etc.)<\/li>\n<li>Aktivierung online und telefonisch<\/li>\n<li><strong>Dieses Produkt ist NICHT kompatibel mit Apple-Betriebssystemen (MacOS, iPadOS, iOS), Chromebooks<\/strong><\/li>\n<\/ul>\n<pre class=\"language-html\" data-lang=\"html\"><code class=\"lang-html language-html\"><\/code><\/pre>\n<\/div>","protected":false},"featured_media":116190,"comment_status":"open","ping_status":"closed","template":"","meta":{"_acf_changed":false},"product_brand":[],"product_cat":[40],"product_tag":[188,51],"class_list":{"0":"post-116189","1":"product","2":"type-product","3":"status-publish","4":"has-post-thumbnail","6":"product_cat-msoffice","7":"product_tag-microsoft","8":"product_tag-ms-office","10":"first","11":"instock","12":"sale","13":"virtual","14":"taxable","15":"purchasable","16":"product-type-simple"},"acf":[],"_links":{"self":[{"href":"https:\/\/keyshop.windowsandoffice.com\/de\/wp-json\/wp\/v2\/product\/116189","targetHints":{"allow":["GET"]}}],"collection":[{"href":"https:\/\/keyshop.windowsandoffice.com\/de\/wp-json\/wp\/v2\/product"}],"about":[{"href":"https:\/\/keyshop.windowsandoffice.com\/de\/wp-json\/wp\/v2\/types\/product"}],"replies":[{"embeddable":true,"href":"https:\/\/keyshop.windowsandoffice.com\/de\/wp-json\/wp\/v2\/comments?post=116189"}],"wp:featuredmedia":[{"embeddable":true,"href":"https:\/\/keyshop.windowsandoffice.com\/de\/wp-json\/wp\/v2\/media\/116190"}],"wp:attachment":[{"href":"https:\/\/keyshop.windowsandoffice.com\/de\/wp-json\/wp\/v2\/media?parent=116189"}],"wp:term":[{"taxonomy":"product_brand","embeddable":true,"href":"https:\/\/keyshop.windowsandoffice.com\/de\/wp-json\/wp\/v2\/product_brand?post=116189"},{"taxonomy":"product_cat","embeddable":true,"href":"https:\/\/keyshop.windowsandoffice.com\/de\/wp-json\/wp\/v2\/product_cat?post=116189"},{"taxonomy":"product_tag","embeddable":true,"href":"https:\/\/keyshop.windowsandoffice.com\/de\/wp-json\/wp\/v2\/product_tag?post=116189"}],"curies":[{"name":"wp","href":"https:\/\/api.w.org\/{rel}","templated":true}]}}