{"id":115856,"date":"2024-07-18T00:00:53","date_gmt":"2024-07-17T22:00:53","guid":{"rendered":"https:\/\/keyshop.windowsandoffice.com\/?post_type=product&#038;p=115856"},"modified":"2026-04-28T20:30:27","modified_gmt":"2026-04-28T18:30:27","slug":"windows-11-professional-project-2021-professional-office-2021-professional-visio-2021-standard-license-for-3-devices","status":"publish","type":"product","link":"https:\/\/keyshop.windowsandoffice.com\/de\/produkt\/windows-11-professional-project-2021-professional-office-2021-professional-visio-2021-standard-license-for-3-devices\/","title":{"rendered":"Microsoft Windows 11 Professional + Microsoft Project 2021 Professional + Microsoft Office 2021 Professional + Microsoft Visio 2021 Standard Lizenz f\u00fcr 3PCs"},"content":{"rendered":"<h2>Microsoft Windows 11 Professionell<\/h2>\n<p><strong>Mit dieser Lizenz kann die Software auf 3 verschiedenen Ger\u00e4ten aktiviert werden, z.B. Heim-PC, Notebook und Arbeits-PC.<\/strong><\/p>\n<h4>Systemanforderungen<\/h4>\n<hr>\n<p>Stellen Sie sicher, dass Sie f\u00fcr das neueste und beste Betriebssystem von Microsoft bereit sind!<\/p>\n<p>Dies sind die Mindestanforderungen f\u00fcr die Installation von Windows 11 auf einem PC. Wenn Ihr Ger\u00e4t diese Anforderungen nicht erf\u00fcllt, k\u00f6nnen Sie Windows 11 m\u00f6glicherweise nicht installieren.<strong> Wenn Sie sich nicht sicher sind, ob Ihr PC diese Anforderungen erf\u00fcllt, k\u00f6nnen Sie die App PC Health Check verwenden, um die Kompatibilit\u00e4t zu pr\u00fcfen (erfordert Windows 10, <a href=\"https:\/\/aka.ms\/GetPCHealthCheckApp\" rel=\"nofollow noopener\" target=\"_blank\">Zum Herunterladen hier klicken<\/a>).<\/strong><\/p>\n<ul>\n<li><strong>Prozessor:<\/strong> 1 Gigahertz (GHz) oder schneller mit 2 oder mehr Kernen auf einem kompatiblen 64-Bit-Prozessor oder System-on-a-Chip (SoC)<\/li>\n<li><strong>RAM:<\/strong> 4 Gigabyte (GB)<\/li>\n<li><strong>Lagerung:<\/strong> 64 GB oder ein gr\u00f6\u00dferes Speichermedium Hinweis: Siehe unten unter \u201cWeitere Informationen zum Speicherplatz, um Windows 11 aktuell zu halten\u201d f\u00fcr weitere Details.<\/li>\n<li><strong>Systemfirmware:<\/strong> UEFI, Secure Boot-f\u00e4hig<\/li>\n<li><strong>TPM:<\/strong> Trusted Platform Module (TPM) Version 2.0<\/li>\n<li><strong>Grafikkarte:<\/strong> Kompatibel mit DirectX 12 oder h\u00f6her mit WDDM 2.0-Treiber<\/li>\n<li><strong>Anzeige:<\/strong> Hochaufl\u00f6sender (720p) Bildschirm mit einer Diagonale von mehr als 9 Zoll, 8 Bit pro Farbkanal<\/li>\n<li><strong>Internetverbindung und Microsoft-Konten: <\/strong> Windows 11 Professional Edition erfordert eine Internetverbindung und ein Microsoft-Konto, um die Einrichtung des Ger\u00e4ts bei der ersten Verwendung abzuschlie\u00dfen. Das Umschalten eines Ger\u00e4ts aus Windows 11 Home in den S-Modus erfordert ebenfalls eine Internetverbindung. F\u00fcr alle Windows 11-Editionen ist ein Internetzugang erforderlich, um Updates durchzuf\u00fchren und einige Funktionen herunterzuladen und zu nutzen. F\u00fcr einige Funktionen ist ein Microsoft-Konto erforderlich.<\/li>\n<\/ul>\n<p>Im Laufe der Zeit kann es zus\u00e4tzliche Anforderungen f\u00fcr Updates sowie Anforderungen f\u00fcr die Aktivierung bestimmter Funktionen innerhalb des Betriebssystems geben.<\/p>\n<hr>\n<p>F\u00fcr einige Funktionen in Windows 11 Professional gelten h\u00f6here Anforderungen als die, die oben im Abschnitt Mindestanforderungen aufgef\u00fchrt sind. Nachfolgend finden Sie einige zus\u00e4tzliche Details zu den Anforderungen f\u00fcr wichtige Funktionen:<\/p>\n<ul>\n<li><strong>5G-Unterst\u00fctzung<\/strong> erfordert ein 5G-f\u00e4higes Modem.<\/li>\n<li class=\"translation-block\"><strong>Auto HDR<\/strong> erfordert einen HDR-Monitor.<\/li>\n<li><strong>BitLocker zum Mitnehmen<\/strong> erfordert ein USB-Flash-Laufwerk (erh\u00e4ltlich in den Editionen Windows 7 Pro und h\u00f6her).<\/li>\n<li class=\"translation-block\"><strong>Client Hyper-V<\/strong> erfordert einen Prozessor mit Second Level Address Translation (SLAT)-Funktionen (verf\u00fcgbar in Windows Pro und h\u00f6heren Editionen).<\/li>\n<li class=\"translation-block\"><strong>Cortana<\/strong> erfordert ein Mikrofon und einen Lautsprecher und ist derzeit unter Windows\u00a011 f\u00fcr Australien, Brasilien, Kanada, China, Frankreich, Deutschland, Indien, Italien, Japan, Mexiko, Spanien, Gro\u00dfbritannien und die USA verf\u00fcgbar.<\/li>\n<li class=\"translation-block\"><strong>DirectStorage<\/strong> erfordert eine NVMe-SSD zum Speichern und Ausf\u00fchren von Spielen, die den \"Standard NVM Express Controller\"-Treiber und eine DirectX12-GPU mit Shader Model 6.0-Unterst\u00fctzung verwenden.<\/li>\n<li class=\"translation-block\"><strong>DirectX 12 Ultimate<\/strong> ist mit unterst\u00fctzten Spielen und Grafikchips verf\u00fcgbar.<\/li>\n<li class=\"translation-block\"><strong>Anwesenheit<\/strong> erfordert einen Sensor, der die menschliche Entfernung zum Ger\u00e4t oder die Absicht, mit dem Ger\u00e4t zu interagieren, erkennen kann.<\/li>\n<li class=\"translation-block\"><strong>Intelligente Videokonferenzen<\/strong> erfordern eine Videokamera, ein Mikrofon und einen Lautsprecher (Audioausgabe).<\/li>\n<li class=\"translation-block\"><strong>Multiple Voice Assistant (MVA)<\/strong> erfordert ein Mikrofon und einen Lautsprecher.<\/li>\n<li class=\"translation-block\"><strong>Snap<\/strong>-Layouts mit drei Spalten erfordern einen Bildschirm mit einer Breite von 1920 effektiven Pixeln oder mehr.<\/li>\n<li class=\"translation-block\"><strong>Stummschaltung\/Stummschaltung \u00fcber Taskleiste aufheben<\/strong> erfordert eine Videokamera, ein Mikrofon und einen Lautsprecher (Audioausgabe). Die App muss mit der Funktion kompatibel sein, um die globale Stummschaltung\/Stummschaltung zu aktivieren.<\/li>\n<li class=\"translation-block\"><strong>Spatial Sound<\/strong> erfordert unterst\u00fctzende Hardware und Software.<\/li>\n<li class=\"translation-block\"><strong>Teams<\/strong> erfordert eine Videokamera, ein Mikrofon und einen Lautsprecher (Audioausgabe).<\/li>\n<li class=\"translation-block\"><strong>Touch<\/strong> erfordert einen Bildschirm oder Monitor, der Multi-Touch unterst\u00fctzt.<\/li>\n<li><strong>Zwei-Faktor-Authentifizierung<\/strong> erfordert die Verwendung einer PIN, biometrischer Daten (Fingerabdruckleser oder beleuchtete Infrarotkamera) oder eines Telefons mit Wi-Fi- oder Bluetooth-Funktionen.<\/li>\n<li class=\"translation-block\"><strong>Spracheingabe<\/strong> erfordert einen PC mit Mikrofon.<\/li>\n<li class=\"translation-block\"><strong>Wake on Voice<\/strong> erfordert ein modernes Standby-Modell und ein Mikrofon.<\/li>\n<li class=\"translation-block\"><strong>Wifi 6E<\/strong> erfordert neue WLAN-IHV-Hardware und -Treiber sowie einen Wi-Fi 6E-f\u00e4higen AP\/Router.<\/li>\n<li class=\"translation-block\"><strong>Windows Hello<\/strong> erfordert eine Kamera, die f\u00fcr die Nahinfrarot-(IR)-Bildgebung konfiguriert ist, oder einen Fingerabdruckleser f\u00fcr die biometrische Authentifizierung. Ger\u00e4te ohne biometrische Sensoren k\u00f6nnen Windows Hello mit einer PIN oder einem tragbaren Microsoft-kompatiblen Sicherheitsschl\u00fcssel verwenden.<\/li>\n<li class=\"translation-block\"><strong>Windows Projection<\/strong> erfordert einen Anzeigeadapter, der das Windows Display Driver Model (WDDM) 2.0 unterst\u00fctzt, und einen Wi-Fi-Adapter, der Wi-Fi Direct unterst\u00fctzt.<\/li>\n<li class=\"translation-block\"><strong>Xbox (App)<\/strong> erfordert ein Xbox Live-Konto, das nicht in allen Regionen verf\u00fcgbar ist. Aktuelle Informationen zur Verf\u00fcgbarkeit finden Sie unter Xbox Live-L\u00e4nder und -Regionen. F\u00fcr einige Funktionen der Xbox-App ist ein aktives Xbox Game Pass-Abonnement erforderlich. Erfahren Sie mehr \u00fcber den Pass.<\/li>\n<\/ul>\n<h2>Projekt 2021 Professional<\/h2>\n<p><strong>Mit dieser Lizenz kann die Software auf 3 verschiedenen Ger\u00e4ten aktiviert werden, z.B. Heim-PC, Notebook und Arbeits-PC.<\/strong><\/p>\n<p>Die leistungsstarke Microsoft Project Professional 2021 Edition bietet erweiterte Funktionen und neue Schnittstellen zu MS SharePoint, Project Server und Skype. Die Software sch\u00f6pft die zahlreichen Vorteile des Betriebssystems Windows 10 oder 11 voll aus, wird aber auf \u00e4lteren Windows-Versionen nicht unterst\u00fctzt. MS Project Professional 2021 richtet sich in erster Linie an Projektmanager in Unternehmen, die ihre einzelnen Projekte planen, verwalten, dokumentieren und sp\u00e4ter auswerten.<\/p>\n<h2>Office 2021 Profi<\/h2>\n<p><strong>Mit dieser Lizenz kann die Software auf 3 verschiedenen Ger\u00e4ten aktiviert werden, z.B. Heim-PC, Notebook und Arbeits-PC.<\/strong><\/p>\n<p>Microsoft Office-Anwender, die zu Hause oder im B\u00fcro die volle Bandbreite an Anwendungen nutzen, sind mit der Office 2021 Professional Plus Edition gut beraten. Alle wichtigen Programme sind enthalten: Word, Excel, Outlook, PowerPoint, Publisher und Access. OneNote steht ab sofort im Windows Store zum Download bereit, so dass Sie sich schnell Notizen machen und diese \u00fcber die Cloud auf allen Ger\u00e4ten verf\u00fcgbar machen k\u00f6nnen. Die Professional Plus Version richtet sich aufgrund der Vielzahl an unterschiedlichen Programmen vor allem an Personen, die zu Hause oder im Home Office arbeiten oder im B\u00fcro eine leistungsstarke und zuverl\u00e4ssige L\u00f6sung f\u00fcr die Organisation von Dokumenten, Tabellen etc. suchen.<\/p>\n<ul>\n<li><strong>Word<\/strong>: Erstellen Sie im Handumdrehen Textdokumente in professioneller Qualit\u00e4t.<\/li>\n<li><strong>Excel<\/strong>: Intelligente Tabellenkalkulation f\u00fcr das Informationsmanagement.<\/li>\n<li><strong>PowerPoint<\/strong>: Erstellen Sie beeindruckende dynamische Pr\u00e4sentationen.<\/li>\n<li><strong>OneNote<\/strong>: Ihr digitales Notizbuch.<\/li>\n<li><strong>Outlook<\/strong>: Kommunikation leicht gemacht.<\/li>\n<li><strong>Publisher<\/strong>: Layouterstellung f\u00fcr professionelle Publikationen<\/li>\n<li><strong>Access<\/strong>: Datenbankprogrammierung f\u00fcr browserbasierte Apps<\/li>\n<li><strong>Microsoft Teams<\/strong>: Mehr Produktivit\u00e4t durch Instant Messaging und HD-Videokonferenzen (separat zum Download verf\u00fcgbar)<\/li>\n<\/ul>\n<p>HINWEIS: Aufgrund einer <a href=\"https:\/\/blogs.microsoft.com\/eupolicy\/2023\/08\/31\/european-competition-teams-office-microsoft-365\/\" target=\"_blank\" rel=\"noopener nofollow\">Untersuchung der Europ\u00e4ischen Kommission<\/a>, b\u00fcndelt Microsoft keine Teams-Lizenz mehr mit Office-Produkten. Sie k\u00f6nnen <a href=\"https:\/\/www.microsoft.com\/en-us\/microsoft-teams\/download-app\" target=\"_blank\" rel=\"noopener nofollow\"> Teams herunterladen<\/a>, um es mit einer kostenlosen oder kostenpflichtigen Lizenz zu verwenden (separat zu erwerben), je nach Bedarf.<\/p>\n<h3>Visio 2021 Standard<\/h3>\n<p><strong>Mit dieser Lizenz kann die Software auf 3 verschiedenen Ger\u00e4ten aktiviert werden, z.B. Heim-PC, Notebook und Arbeits-PC.<\/strong><\/p>\n<p>Microsoft Visio Standard 2021 ist die neueste Generation der beliebten Microsoft-Software zur Erstellung und Bearbeitung von Diagrammen und Visualisierungen. Visio Standard ist besonders f\u00fcr Unternehmen geeignet, da mehrere Benutzer in einem Team oder einer Abteilung gleichzeitig an den Diagrammen arbeiten k\u00f6nnen. Es stehen viele Schnittstellen zur Verf\u00fcgung, um die fertigen Visualisierungen sowohl intern als auch extern mit ausgew\u00e4hlten Personen zu teilen. Microsoft hat intensiv an den Vorlagen und Shapes gearbeitet, die in Visio st\u00e4ndig zum Einsatz kommen. Auch die Stile der Diagramme wurden verbessert, um sie visuell eindrucksvoller zu gestalten und gleichzeitig die Lesbarkeit der Diagramme zu verbessern. Mit Microsoft Visio Standard 2021 erhalten Sie au\u00dferdem die M\u00f6glichkeit, Daten in Echtzeit in eine bestehende Visualisierung einzuspeisen.<\/p>\n<p><strong>Hilfe und Unterst\u00fctzung:<\/strong><\/p>\n<p>Bei Fragen k\u00f6nnen Sie uns gerne kontaktieren <a href=\"mailto:usa@dl-winandoffice.com\" target=\"_blank\" rel=\"noopener\">per E-Mail<\/a>. Unser Kundendienst ist 7 Tage die Woche, 24 Stunden am Tag erreichbar.<\/p>","protected":false},"excerpt":{"rendered":"<ul>\n<li><strong>Lizenz:<\/strong> Mit dieser Lizenz kann die Software auf 3 verschiedenen Ger\u00e4ten aktiviert werden, z.B. Heim-PC, Notebook und Arbeits-PC<\/li>\n<li><strong>Lieferung:<\/strong> Download-Link, Produktschl\u00fcssel, Anleitung und Rechnung werden sofort per E-Mail zugestellt<\/li>\n<li><strong>Version:<\/strong> Unbegrenzte Vollversion von zertifiziertem Microsoft Gold Partner - Lebenslange Ersatzgarantie!!!<\/li>\n<li><strong>Sprachen:<\/strong> Englisch, Franz\u00f6sisch, Spanisch, Italienisch, Deutsch<\/li>\n<li><strong>Unterst\u00fctzung:<\/strong> 24\/7 auf Englisch<\/li>\n<\/ul>\n<p>F\u00fcr Microsoft Windows<\/p>","protected":false},"featured_media":115857,"comment_status":"open","ping_status":"closed","template":"","meta":{"_acf_changed":false},"product_brand":[],"product_cat":[41],"product_tag":[49,51,50],"class_list":{"0":"post-115856","1":"product","2":"type-product","3":"status-publish","4":"has-post-thumbnail","6":"product_cat-windows-desktop","7":"product_tag-excellence","8":"product_tag-ms-office","9":"product_tag-security","11":"first","12":"instock","13":"sale","14":"virtual","15":"taxable","16":"purchasable","17":"product-type-simple"},"acf":[],"_links":{"self":[{"href":"https:\/\/keyshop.windowsandoffice.com\/de\/wp-json\/wp\/v2\/product\/115856","targetHints":{"allow":["GET"]}}],"collection":[{"href":"https:\/\/keyshop.windowsandoffice.com\/de\/wp-json\/wp\/v2\/product"}],"about":[{"href":"https:\/\/keyshop.windowsandoffice.com\/de\/wp-json\/wp\/v2\/types\/product"}],"replies":[{"embeddable":true,"href":"https:\/\/keyshop.windowsandoffice.com\/de\/wp-json\/wp\/v2\/comments?post=115856"}],"wp:featuredmedia":[{"embeddable":true,"href":"https:\/\/keyshop.windowsandoffice.com\/de\/wp-json\/wp\/v2\/media\/115857"}],"wp:attachment":[{"href":"https:\/\/keyshop.windowsandoffice.com\/de\/wp-json\/wp\/v2\/media?parent=115856"}],"wp:term":[{"taxonomy":"product_brand","embeddable":true,"href":"https:\/\/keyshop.windowsandoffice.com\/de\/wp-json\/wp\/v2\/product_brand?post=115856"},{"taxonomy":"product_cat","embeddable":true,"href":"https:\/\/keyshop.windowsandoffice.com\/de\/wp-json\/wp\/v2\/product_cat?post=115856"},{"taxonomy":"product_tag","embeddable":true,"href":"https:\/\/keyshop.windowsandoffice.com\/de\/wp-json\/wp\/v2\/product_tag?post=115856"}],"curies":[{"name":"wp","href":"https:\/\/api.w.org\/{rel}","templated":true}]}}