{"id":115301,"date":"2024-06-19T16:36:06","date_gmt":"2024-06-19T14:36:06","guid":{"rendered":"https:\/\/keyshop.windowsandoffice.com\/?post_type=product&#038;p=115301"},"modified":"2026-04-17T01:29:32","modified_gmt":"2026-04-16T23:29:32","slug":"microsoft-office-2024-pro-plus-windows-10-pro","status":"publish","type":"product","link":"https:\/\/keyshop.windowsandoffice.com\/de\/produkt\/microsoft-office-2024-pro-plus-windows-10-pro\/","title":{"rendered":"Microsoft Office 2024 Professional Plus + Microsoft Windows 10 Professional Lizenz f\u00fcr 3 PCs"},"content":{"rendered":"<h3>Microsoft Office 2024 Professional Plus<\/h3>\n<p><strong>Mit dieser Lizenz kann die Software auf 3 verschiedenen Ger\u00e4ten aktiviert werden, z.B. Heim-PC, Notebook und Arbeits-PC.<\/strong><\/p>\n<p>Microsoft Office-Anwender, die zu Hause oder im B\u00fcro die volle Bandbreite an Anwendungen nutzen, sind mit der Microsoft Office 2024 Professional Plus Edition gut beraten. Alle wichtigen Programme sind enthalten: Word, Excel, Outlook, PowerPoint und Access (Publisher ist nicht mehr enthalten, da es im Jahr 2026 ausgemustert wird). OneNote steht jetzt im Microsoft Windows Store zum Download bereit, damit Sie schnell Notizen machen und diese \u00fcber die Cloud auf allen Ger\u00e4ten verf\u00fcgbar machen k\u00f6nnen. Die Professional Plus Version richtet sich aufgrund der Vielzahl an unterschiedlichen Programmen vor allem an Personen, die zu Hause oder im Home Office arbeiten oder im B\u00fcro eine leistungsstarke und zuverl\u00e4ssige L\u00f6sung f\u00fcr die Organisation von Dokumenten, Tabellen etc. suchen.<\/p>\n<ul>\n<li><strong>Word<\/strong>: Erstellen Sie im Handumdrehen Textdokumente in professioneller Qualit\u00e4t.<\/li>\n<li><strong>Excel<\/strong>: Intelligente Tabellenkalkulation f\u00fcr das Informationsmanagement.<\/li>\n<li><strong>PowerPoint<\/strong>: Erstellen Sie beeindruckende dynamische Pr\u00e4sentationen.<\/li>\n<li><strong>OneNote<\/strong>: Ihr digitales Notizbuch.<\/li>\n<li><strong>Outlook<\/strong>: Kommunikation leicht gemacht.<\/li>\n<li><strong>Access<\/strong>: Datenbankprogrammierung f\u00fcr browserbasierte Apps<\/li>\n<\/ul>\n<p class=\"translation-block\"><strong>Wichtiger Hinweis: <\/strong><strong>Teams<\/strong> ist in dieser Version von Office <strong>NICHT <\/strong>enthalten!<\/strong><\/p>\n<p><strong>Voraussetzung f\u00fcr das Betriebssystem: Microsoft Windows 10 oder 11<\/strong><\/p>\n<h3>Windows 10 Professional<\/h3>\n<p>Windows 10 Professional ist die perfekte Wahl f\u00fcr Profis und Unternehmen, die ein stabiles und leistungsstarkes Betriebssystem suchen. Mit einer Mischung aus Vertrautheit und fortschrittlichen Funktionen steigert Windows 10 Professional die Produktivit\u00e4t und bietet zuverl\u00e4ssige Sicherheit f\u00fcr alle Ihre Computeranforderungen.<\/p>\n<p><strong>Die wichtigsten Merkmale von Windows 10 Professional:<\/strong><\/p>\n<ul>\n<li><strong>Vertraute Schnittstelle:<\/strong> Genie\u00dfen Sie das klassische Windows-Gef\u00fchl mit einem modernen Touch.<\/li>\n<li><strong>Gesteigerte Produktivit\u00e4t:<\/strong> Funktionen wie Cortana und virtuelle Desktops rationalisieren Ihren Arbeitsablauf.<\/li>\n<li><strong>Erweiterte Sicherheit:<\/strong> Die BitLocker-Verschl\u00fcsselung und Windows Defender Antivirus sch\u00fctzen Ihre Daten.<\/li>\n<li><strong>Fern-Desktop:<\/strong> Access Ihren PC von \u00fcberall mit Remote-Desktop-Funktionen.<\/li>\n<li><strong>Windows Tinte:<\/strong> Verwenden Sie einen digitalen Stift, um direkt auf dem Bildschirm Notizen zu machen, zu zeichnen und zu gestalten.<\/li>\n<li><strong>Microsoft Edge:<\/strong> Der neueste Browser, der auf Geschwindigkeit, Kompatibilit\u00e4t und Sicherheit ausgelegt ist.<\/li>\n<\/ul>\n<p>Mit einem Upgrade auf Windows 10 Professional erhalten Sie ein zuverl\u00e4ssiges und effizientes Computererlebnis, das sowohl den Anforderungen der privaten als auch der beruflichen Nutzung gerecht wird.<\/p>\n<hr>\n<p>With this exclusive combo, you get the ultimate productivity suite and a stable, powerful operating system. Enjoy the cutting-edge features and innovations of Office 2024 Professional Plus paired with the reliability and familiarity of Windows 10 Professional. Don&rsquo;t miss this opportunity to upgrade and maximize your productivity!<\/p>","protected":false},"excerpt":{"rendered":"<ul>\n<li>Microsoft Office 2024 Professional Plus Lizenz f\u00fcr 3 Ger\u00e4te<\/li>\n<li>Microsoft Windows 10 Professional Lizenz f\u00fcr 3 Ger\u00e4te<\/li>\n<li><strong>Mit dieser Lizenz kann die Software auf 3 verschiedenen Ger\u00e4ten aktiviert werden, z.B. Heim-PC, Notebook und Arbeits-PC.<\/strong><\/li>\n<li>Version f\u00fcr 32- und 64-Bit-Systeme, unbegrenzte Vollversionen der Software <strong>vom zertifizierten Microsoft Gold Partner<\/strong><\/li>\n<li><strong>30 Tage volle R\u00fcckerstattung - Lebenslange Ersatzgarantie!<\/strong><\/li>\n<li>Lieferung per E-Mail: Produktschl\u00fcssel, Anleitung, Download-Links, Rechnung<\/li>\n<li>Sofortdownload!<\/li>\n<li>Keine zeitliche Begrenzung, kein Abo<\/li>\n<li>Kostenloser 24\/7-Support bei Problemen mit der Installation und Aktivierung<\/li>\n<li>Keine Lieferung auf Datentr\u00e4ger (USB, CD, etc.)<\/li>\n<li>Aktivierung online und telefonisch<\/li>\n<li>Sprachen: Englisch, Spanisch, Italienisch, Deutsch, Franz\u00f6sisch<\/li>\n<li><strong> Dieses Produkt ist kompatibel mit Microsoft Windows.<\/strong><\/li>\n<li><strong>NICHT kompatibel mit Apple macOS\u2122, Android-Ger\u00e4ten und Chromebooks.<\/strong><\/li>\n<\/ul>","protected":false},"featured_media":115846,"comment_status":"open","ping_status":"closed","template":"","meta":{"_acf_changed":false},"product_brand":[],"product_cat":[53,187,65],"product_tag":[49,51,50],"class_list":{"0":"post-115301","1":"product","2":"type-product","3":"status-publish","4":"has-post-thumbnail","6":"product_cat-combos","7":"product_cat-187","8":"product_cat-popular","9":"product_tag-excellence","10":"product_tag-ms-office","11":"product_tag-security","13":"first","14":"instock","15":"sale","16":"featured","17":"virtual","18":"taxable","19":"purchasable","20":"product-type-simple"},"acf":[],"_links":{"self":[{"href":"https:\/\/keyshop.windowsandoffice.com\/de\/wp-json\/wp\/v2\/product\/115301","targetHints":{"allow":["GET"]}}],"collection":[{"href":"https:\/\/keyshop.windowsandoffice.com\/de\/wp-json\/wp\/v2\/product"}],"about":[{"href":"https:\/\/keyshop.windowsandoffice.com\/de\/wp-json\/wp\/v2\/types\/product"}],"replies":[{"embeddable":true,"href":"https:\/\/keyshop.windowsandoffice.com\/de\/wp-json\/wp\/v2\/comments?post=115301"}],"wp:featuredmedia":[{"embeddable":true,"href":"https:\/\/keyshop.windowsandoffice.com\/de\/wp-json\/wp\/v2\/media\/115846"}],"wp:attachment":[{"href":"https:\/\/keyshop.windowsandoffice.com\/de\/wp-json\/wp\/v2\/media?parent=115301"}],"wp:term":[{"taxonomy":"product_brand","embeddable":true,"href":"https:\/\/keyshop.windowsandoffice.com\/de\/wp-json\/wp\/v2\/product_brand?post=115301"},{"taxonomy":"product_cat","embeddable":true,"href":"https:\/\/keyshop.windowsandoffice.com\/de\/wp-json\/wp\/v2\/product_cat?post=115301"},{"taxonomy":"product_tag","embeddable":true,"href":"https:\/\/keyshop.windowsandoffice.com\/de\/wp-json\/wp\/v2\/product_tag?post=115301"}],"curies":[{"name":"wp","href":"https:\/\/api.w.org\/{rel}","templated":true}]}}