{"id":115299,"date":"2024-06-19T16:25:44","date_gmt":"2024-06-19T14:25:44","guid":{"rendered":"https:\/\/keyshop.windowsandoffice.com\/?post_type=product&#038;p=115299"},"modified":"2026-04-17T01:31:01","modified_gmt":"2026-04-16T23:31:01","slug":"microsoft-office-2024-pro-plus-windows-11-pro","status":"publish","type":"product","link":"https:\/\/keyshop.windowsandoffice.com\/de\/produkt\/microsoft-office-2024-pro-plus-windows-11-pro\/","title":{"rendered":"Microsoft Office 2024 Professional Plus + Microsoft Windows 11 Professional Lizenz f\u00fcr 3 PCs"},"content":{"rendered":"<h3>Microsoft Office 2024 Professional Plus<\/h3>\n<p><strong>Mit dieser Lizenz kann die Software auf 3 verschiedenen Ger\u00e4ten aktiviert werden, z.B. Heim-PC, Notebook und Arbeits-PC.<\/strong><\/p>\n<p>Microsoft Office-Anwender, die zu Hause oder im B\u00fcro die volle Bandbreite an Anwendungen nutzen, sind mit der Microsoft Office 2024 Professional Plus Edition gut beraten. Alle wichtigen Programme sind enthalten: Word, Excel, Outlook, PowerPoint und Access (Publisher ist nicht mehr enthalten, da es im Jahr 2026 ausgemustert wird). OneNote steht jetzt im Microsoft Windows Store zum Download bereit, damit Sie schnell Notizen machen und diese \u00fcber die Cloud auf allen Ger\u00e4ten verf\u00fcgbar machen k\u00f6nnen. Die Professional Plus Version richtet sich aufgrund der Vielzahl an unterschiedlichen Programmen vor allem an Personen, die zu Hause oder im Home Office arbeiten oder im B\u00fcro eine leistungsstarke und zuverl\u00e4ssige L\u00f6sung f\u00fcr die Organisation von Dokumenten, Tabellen etc. suchen.<\/p>\n<ul>\n<li><strong>Word<\/strong>: Erstellen Sie im Handumdrehen Textdokumente in professioneller Qualit\u00e4t.<\/li>\n<li><strong>Excel<\/strong>: Intelligente Tabellenkalkulation f\u00fcr das Informationsmanagement.<\/li>\n<li><strong>PowerPoint<\/strong>: Erstellen Sie beeindruckende dynamische Pr\u00e4sentationen.<\/li>\n<li><strong>OneNote<\/strong>: Ihr digitales Notizbuch.<\/li>\n<li><strong>Outlook<\/strong>: Kommunikation leicht gemacht.<\/li>\n<li><strong>Access<\/strong>: Datenbankprogrammierung f\u00fcr browserbasierte Apps<\/li>\n<\/ul>\n<p class=\"translation-block\"><strong>Wichtiger Hinweis: <\/strong><strong>Teams<\/strong> ist in dieser Version von Office <strong>NICHT <\/strong>enthalten!<\/strong><\/p>\n<p><strong>Voraussetzung f\u00fcr das Betriebssystem: Microsoft Windows 10 oder 11<\/strong><\/p>\n<h3>Microsoft Windows 11 Professionell<\/h3>\n<p>Erleben Sie die Spitze des modernen Computings mit Windows 11 Professional. Dieses Betriebssystem kombiniert schlankes Design mit starker Leistung und bietet eine nahtlose und sichere Umgebung f\u00fcr Arbeit und Freizeit. Windows 11 Professional wurde entwickelt, um Ihnen zu helfen, mehr zu erreichen, mit neuen Funktionen und Verbesserungen, die die Produktivit\u00e4t und Konnektivit\u00e4t erh\u00f6hen.<\/p>\n<p><strong>Hauptmerkmale von Windows 11 Professional:<\/strong><\/p>\n<ul>\n<li><strong>Intuitive Schnittstelle:<\/strong> Ein frisches und klares Design, das Ihre Produktivit\u00e4t steigert.<\/li>\n<li><strong>Verbesserte Leistung:<\/strong> Schnellere Bootzeiten, effiziente Ressourcenverwaltung und verbesserte Sicherheit.<\/li>\n<li><strong>Virtuelle Desktops:<\/strong> Organisieren Sie Ihren Arbeitsbereich ganz einfach mit mehreren Desktops.<\/li>\n<li><strong>Layouts und Gruppen fangen:<\/strong> Ordnen und verwalten Sie Ihre ge\u00f6ffneten Fenster ganz einfach f\u00fcr Multitasking.<\/li>\n<li><strong>Integration von Microsoft Teams:<\/strong> Bleiben Sie mit den integrierten Chat- und Videokonferenz-Tools in Verbindung.<\/li>\n<li><strong>Erweiterte Sicherheit:<\/strong> Sch\u00fctzen Sie Ihre Daten mit hochmodernen Sicherheitsfunktionen.<\/li>\n<\/ul>\n<p>Mit einem Upgrade auf Windows 11 Professional k\u00f6nnen Sie das volle Potenzial Ihres PCs aussch\u00f6pfen, egal ob Sie zu Hause, im B\u00fcro oder unterwegs arbeiten.<\/p>\n<hr>\n<p>Mit dieser exklusiven Kombination erhalten Sie die ultimative Produktivit\u00e4tssuite und das fortschrittlichste Betriebssystem. Genie\u00dfen Sie die hochmodernen Funktionen und Innovationen von Office 2024 Professional Plus gepaart mit dem schlanken Design und der leistungsstarken Performance von Windows 11 Professional. Verpassen Sie nicht die Gelegenheit, aufzur\u00fcsten und Ihre Produktivit\u00e4t zu maximieren!<\/p>","protected":false},"excerpt":{"rendered":"<ul>\n<li>Microsoft Office 2024 Professional Plus Lizenz f\u00fcr 3 Ger\u00e4te<\/li>\n<li>Microsoft Windows 11 Professional Lizenz f\u00fcr 3 Ger\u00e4te<\/li>\n<li><strong>Mit dieser Lizenz kann die Software auf 3 verschiedenen Ger\u00e4ten aktiviert werden, z.B. Heim-PC, Notebook und Arbeits-PC.<\/strong><\/li>\n<li>Version f\u00fcr 32- und 64-Bit-Systeme, unbegrenzte Vollversionen der Software <strong>vom zertifizierten Microsoft Gold Partner<\/strong><\/li>\n<li><strong>30 Tage volle R\u00fcckerstattung - Lebenslange Ersatzgarantie!<\/strong><\/li>\n<li>Lieferung per E-Mail: Produktschl\u00fcssel, Anleitung, Download-Links, Rechnung<\/li>\n<li>Sofortdownload!<\/li>\n<li>Keine zeitliche Begrenzung, kein Abo<\/li>\n<li>Kostenloser 24\/7-Support bei Problemen mit der Installation und Aktivierung<\/li>\n<li>Keine Lieferung auf Datentr\u00e4ger (USB, CD, etc.)<\/li>\n<li>Aktivierung online und telefonisch<\/li>\n<li>Sprachen: Englisch, Spanisch, Italienisch, Deutsch, Franz\u00f6sisch<\/li>\n<li><strong> Dieses Produkt ist kompatibel mit Microsoft Windows.<\/strong><\/li>\n<li><strong>NICHT kompatibel mit Apple macOS\u2122, Android-Ger\u00e4ten und Chromebooks.<\/strong><\/li>\n<\/ul>","protected":false},"featured_media":115844,"comment_status":"open","ping_status":"closed","template":"","meta":{"_acf_changed":false},"product_brand":[],"product_cat":[53,187,65],"product_tag":[49,51,50],"class_list":{"0":"post-115299","1":"product","2":"type-product","3":"status-publish","4":"has-post-thumbnail","6":"product_cat-combos","7":"product_cat-187","8":"product_cat-popular","9":"product_tag-excellence","10":"product_tag-ms-office","11":"product_tag-security","13":"first","14":"instock","15":"sale","16":"featured","17":"virtual","18":"taxable","19":"purchasable","20":"product-type-simple"},"acf":[],"_links":{"self":[{"href":"https:\/\/keyshop.windowsandoffice.com\/de\/wp-json\/wp\/v2\/product\/115299","targetHints":{"allow":["GET"]}}],"collection":[{"href":"https:\/\/keyshop.windowsandoffice.com\/de\/wp-json\/wp\/v2\/product"}],"about":[{"href":"https:\/\/keyshop.windowsandoffice.com\/de\/wp-json\/wp\/v2\/types\/product"}],"replies":[{"embeddable":true,"href":"https:\/\/keyshop.windowsandoffice.com\/de\/wp-json\/wp\/v2\/comments?post=115299"}],"wp:featuredmedia":[{"embeddable":true,"href":"https:\/\/keyshop.windowsandoffice.com\/de\/wp-json\/wp\/v2\/media\/115844"}],"wp:attachment":[{"href":"https:\/\/keyshop.windowsandoffice.com\/de\/wp-json\/wp\/v2\/media?parent=115299"}],"wp:term":[{"taxonomy":"product_brand","embeddable":true,"href":"https:\/\/keyshop.windowsandoffice.com\/de\/wp-json\/wp\/v2\/product_brand?post=115299"},{"taxonomy":"product_cat","embeddable":true,"href":"https:\/\/keyshop.windowsandoffice.com\/de\/wp-json\/wp\/v2\/product_cat?post=115299"},{"taxonomy":"product_tag","embeddable":true,"href":"https:\/\/keyshop.windowsandoffice.com\/de\/wp-json\/wp\/v2\/product_tag?post=115299"}],"curies":[{"name":"wp","href":"https:\/\/api.w.org\/{rel}","templated":true}]}}