{"id":115245,"date":"2024-06-17T18:05:02","date_gmt":"2024-06-17T16:05:02","guid":{"rendered":"https:\/\/keyshop.windowsandoffice.com\/?post_type=product&#038;p=115245"},"modified":"2026-01-13T20:20:08","modified_gmt":"2026-01-13T19:20:08","slug":"microsoft-office-2021-pro-plus-office-2024-pro-plus","status":"publish","type":"product","link":"https:\/\/keyshop.windowsandoffice.com\/de\/produkt\/microsoft-office-2021-pro-plus-office-2024-pro-plus\/","title":{"rendered":"Microsoft Office 2024 Professional Plus + Microsoft Office 2021 Professional Plus Lizenz f\u00fcr 3 PCs"},"content":{"rendered":"<h3><strong>Microsoft Office 2024 Professional Plus<\/strong><\/h3>\n<div style=\"margin-bottom: 15px;\"><strong>Mit dieser Lizenz kann die Software auf 3 verschiedenen Ger\u00e4ten aktiviert werden, z.B. Heim-PC, Notebook und Arbeits-PC.<\/strong><\/div>\n<div style=\"margin-bottom: 15px;\">Microsoft Office-Anwender, die zu Hause oder im B\u00fcro die volle Bandbreite an Anwendungen nutzen, sind mit der Microsoft Office 2024 Professional Plus Edition gut beraten. Alle wichtigen Programme sind enthalten: Word, Excel, Outlook, PowerPoint und Access (Publisher ist nicht mehr enthalten, da es im Jahr 2026 ausgemustert wird). OneNote steht jetzt im Microsoft Windows Store zum Download bereit, damit Sie schnell Notizen machen und diese \u00fcber die Cloud auf allen Ger\u00e4ten verf\u00fcgbar machen k\u00f6nnen. Die Professional Plus Version richtet sich aufgrund der Vielzahl an unterschiedlichen Programmen vor allem an Personen, die zu Hause oder im Home Office arbeiten oder im B\u00fcro eine leistungsstarke und zuverl\u00e4ssige L\u00f6sung f\u00fcr die Organisation von Dokumenten, Tabellen etc. suchen.<\/div>\n<ul>\n<li><strong>Word<\/strong>: Erstellen Sie im Handumdrehen Textdokumente in professioneller Qualit\u00e4t.<\/li>\n<li><strong>Excel<\/strong>: Intelligente Tabellenkalkulation f\u00fcr das Informationsmanagement.<\/li>\n<li><strong>PowerPoint<\/strong>: Erstellen Sie beeindruckende dynamische Pr\u00e4sentationen.<\/li>\n<li><strong>OneNote<\/strong>: Ihr digitales Notizbuch.<\/li>\n<li><strong>Outlook<\/strong>: Kommunikation leicht gemacht.<\/li>\n<li><strong>Access<\/strong>: Datenbankprogrammierung f\u00fcr browserbasierte Apps<\/li>\n<\/ul>\n<p class=\"translation-block\"><strong>Wichtiger Hinweis: <\/strong><strong>Teams<\/strong> ist in dieser Version von Office <strong>NICHT <\/strong>enthalten!<\/strong><\/p>\n<div>\n<p><strong>Voraussetzung f\u00fcr das Betriebssystem: Microsoft Windows 10 oder 11<\/strong><\/p>\n<\/div>\n<p>&nbsp;<\/p>\n<h3><strong>Microsoft Office 2021 Professional Plus<\/strong><\/h3>\n<p>F\u00fcr alle, die ein robustes und zuverl\u00e4ssiges Set von Tools f\u00fcr den Einsatz zu Hause oder im B\u00fcro ben\u00f6tigen, bietet Office 2019 Professional Plus Edition eine umfassende L\u00f6sung. Alle wichtigen Programme sind enthalten: Word, Excel, Outlook, PowerPoint, Publisher, und Access. OneNote steht bereits im Windows Store zum Download bereit, so dass Sie schnell Notizen machen k\u00f6nnen und diese \u00fcber die Cloud auf allen Ger\u00e4ten zur Verf\u00fcgung haben. Aufgrund der gro\u00dfen Bandbreite an verschiedenen Programmen richtet sich die Professional Plus-Version vor allem an Personen, die von zu Hause aus arbeiten, ein Home Office betreiben oder eine leistungsstarke und zuverl\u00e4ssige Office-L\u00f6sung f\u00fcr die Organisation von Dokumenten, Tabellen usw. suchen.<\/p>\n<p><strong>Hauptmerkmale von Office 2021 Professional Plus:<\/strong><\/p>\n<ul>\n<li><strong>Word<\/strong>: Erstellen Sie im Handumdrehen Textdokumente in professioneller Qualit\u00e4t.<\/li>\n<li><strong>Excel<\/strong>: Intelligente Tabellenkalkulation zur Verwaltung von Informationen.<\/li>\n<li><strong>PowerPoint<\/strong>: Erstellen Sie beeindruckende dynamische Pr\u00e4sentationen.<\/li>\n<li><strong>OneNote<\/strong>: Ihr digitales Notizbuch.<\/li>\n<li><strong>Outlook<\/strong>: Kommunikation leicht gemacht.<\/li>\n<li><strong>Publisher<\/strong>: Layout von Fachpublikationen.<\/li>\n<li><strong>Access<\/strong>: Datenbankprogrammierung f\u00fcr browserbasierte Anwendungen.<\/li>\n<li><strong>Microsoft Teams<\/strong>: H\u00f6here Produktivit\u00e4t durch Instant Messaging und HD-Videokonferenzen. (separat zum Download verf\u00fcgbar)<\/li>\n<\/ul>\n<p>HINWEIS: Aufgrund einer <a href=\"https:\/\/blogs.microsoft.com\/eupolicy\/2023\/08\/31\/european-competition-teams-office-microsoft-365\/\" target=\"_blank\" rel=\"noopener nofollow\">Untersuchung der Europ\u00e4ischen Kommission<\/a>, b\u00fcndelt Microsoft keine Teams-Lizenz mehr mit Office-Produkten. Sie k\u00f6nnen <a href=\"https:\/\/www.microsoft.com\/en-us\/microsoft-teams\/download-app\" target=\"_blank\" rel=\"noopener nofollow\"> Teams herunterladen<\/a>, um es mit einer kostenlosen oder kostenpflichtigen Lizenz zu verwenden (separat zu erwerben), je nach Bedarf.<\/p>\n<hr \/>\n<p>Mit dieser exklusiven Kombination erhalten Sie das Beste aus beiden Office-Versionen, die sowohl die Stabilit\u00e4t und Zuverl\u00e4ssigkeit von Office 2021 als auch die Innovation und die neuen Funktionen von Office 2024 gew\u00e4hrleisten. Verpassen Sie nicht die Gelegenheit, aufzur\u00fcsten und Ihre Produktivit\u00e4t zu maximieren!<\/p>\n<div id=\"simple-translate\" class=\"simple-translate-system-theme\">\n<div>\n<div class=\"simple-translate-button\" style=\"height: 22px; width: 22px; top: 10px; left: 10px;\"><\/div>\n<div class=\"simple-translate-panel\" style=\"width: 300px; height: 200px; top: 0px; left: 0px; font-size: 13px;\">\n<div class=\"simple-translate-result-wrapper\" style=\"overflow: hidden;\">\n<div class=\"simple-translate-move\"><\/div>\n<div class=\"simple-translate-result-contents\">\n<p class=\"simple-translate-candidate\" dir=\"auto\">\n<\/div>\n<\/div>\n<\/div>\n<\/div>\n<\/div>","protected":false},"excerpt":{"rendered":"<ul>\n<li>Microsoft Office 2024 Professional Plus Lizenz f\u00fcr 3 Ger\u00e4te<\/li>\n<li>Microsoft Office 2021 Professional Plus Lizenz f\u00fcr 3 Ger\u00e4te<\/li>\n<li><strong>Mit dieser Lizenz kann die Software auf 3 verschiedenen Ger\u00e4ten aktiviert werden, z.B. Heim-PC, Notebook und Arbeits-PC.<\/strong><\/li>\n<li>Version f\u00fcr 32- und 64-Bit-Systeme, unbegrenzte Vollversionen der Software <strong>vom zertifizierten Microsoft Gold Partner<\/strong><\/li>\n<li><strong>30 Tage volle R\u00fcckerstattung - Lebenslange Ersatzgarantie!<\/strong><\/li>\n<li>Lieferung per E-Mail: Produktschl\u00fcssel, Anleitung, Download-Links, Rechnung<\/li>\n<li>Sofortdownload!<\/li>\n<li>Keine zeitliche Begrenzung, kein Abo<\/li>\n<li>Kostenloser 24\/7-Support bei Problemen mit der Installation und Aktivierung<\/li>\n<li>Keine Lieferung auf Datentr\u00e4ger (USB, CD, etc.)<\/li>\n<li>Aktivierung online und telefonisch<\/li>\n<li>Sprachen: Englisch, Spanisch, Italienisch, Deutsch, Franz\u00f6sisch<\/li>\n<li><strong><span style=\"color: #008000;\"> Dieses Produkt ist kompatibel mit Microsoft Windows.<\/span><\/strong><\/li>\n<li><strong><span style=\"color: #ff0000;\">NICHT kompatibel mit Apple macOS\u2122, Android-Ger\u00e4ten und Chromebooks.<\/span><\/strong><\/li>\n<\/ul>","protected":false},"featured_media":115842,"comment_status":"open","ping_status":"closed","template":"","meta":{"_acf_changed":false},"product_brand":[],"product_cat":[53,187,65],"product_tag":[49,51,50],"class_list":{"0":"post-115245","1":"product","2":"type-product","3":"status-publish","4":"has-post-thumbnail","6":"product_cat-combos","7":"product_cat-187","8":"product_cat-popular","9":"product_tag-excellence","10":"product_tag-ms-office","11":"product_tag-security","13":"first","14":"instock","15":"sale","16":"featured","17":"virtual","18":"taxable","19":"purchasable","20":"product-type-simple"},"acf":[],"_links":{"self":[{"href":"https:\/\/keyshop.windowsandoffice.com\/de\/wp-json\/wp\/v2\/product\/115245","targetHints":{"allow":["GET"]}}],"collection":[{"href":"https:\/\/keyshop.windowsandoffice.com\/de\/wp-json\/wp\/v2\/product"}],"about":[{"href":"https:\/\/keyshop.windowsandoffice.com\/de\/wp-json\/wp\/v2\/types\/product"}],"replies":[{"embeddable":true,"href":"https:\/\/keyshop.windowsandoffice.com\/de\/wp-json\/wp\/v2\/comments?post=115245"}],"wp:featuredmedia":[{"embeddable":true,"href":"https:\/\/keyshop.windowsandoffice.com\/de\/wp-json\/wp\/v2\/media\/115842"}],"wp:attachment":[{"href":"https:\/\/keyshop.windowsandoffice.com\/de\/wp-json\/wp\/v2\/media?parent=115245"}],"wp:term":[{"taxonomy":"product_brand","embeddable":true,"href":"https:\/\/keyshop.windowsandoffice.com\/de\/wp-json\/wp\/v2\/product_brand?post=115245"},{"taxonomy":"product_cat","embeddable":true,"href":"https:\/\/keyshop.windowsandoffice.com\/de\/wp-json\/wp\/v2\/product_cat?post=115245"},{"taxonomy":"product_tag","embeddable":true,"href":"https:\/\/keyshop.windowsandoffice.com\/de\/wp-json\/wp\/v2\/product_tag?post=115245"}],"curies":[{"name":"wp","href":"https:\/\/api.w.org\/{rel}","templated":true}]}}