{"id":115009,"date":"2024-06-05T17:16:39","date_gmt":"2024-06-05T15:16:39","guid":{"rendered":"https:\/\/keyshop.windowsandoffice.com\/?post_type=product&#038;p=115009"},"modified":"2026-01-13T20:20:08","modified_gmt":"2026-01-13T19:20:08","slug":"microsoft-office-2024-professional-plus","status":"publish","type":"product","link":"https:\/\/keyshop.windowsandoffice.com\/de\/produkt\/microsoft-office-2024-professional-plus\/","title":{"rendered":"Microsoft Office 2024 Professional Plus Lizenz f\u00fcr 3 PCs"},"content":{"rendered":"<h3><strong>Microsoft Office 2024 Professional Plus<\/strong><\/h3>\n<div style=\"margin-bottom: 15px;\"><strong>Mit dieser Lizenz kann die Software auf 3 verschiedenen Ger\u00e4ten aktiviert werden, z.B. Heim-PC, Notebook und Arbeits-PC.<\/strong><\/div>\n<div style=\"margin-bottom: 15px;\">Microsoft Office-Anwender, die zu Hause oder im B\u00fcro die volle Bandbreite an Anwendungen nutzen, sind mit der Microsoft Office 2024 Professional Plus Edition gut beraten. Alle wichtigen Programme sind enthalten: Word, Excel, Outlook, PowerPoint und Access (Publisher ist nicht mehr enthalten, da es im Jahr 2026 ausgemustert wird). OneNote steht jetzt im Microsoft Windows Store zum Download bereit, damit Sie schnell Notizen machen und diese \u00fcber die Cloud auf allen Ger\u00e4ten verf\u00fcgbar machen k\u00f6nnen. Die Professional Plus Version richtet sich aufgrund der Vielzahl an unterschiedlichen Programmen vor allem an Personen, die zu Hause oder im Home Office arbeiten oder im B\u00fcro eine leistungsstarke und zuverl\u00e4ssige L\u00f6sung f\u00fcr die Organisation von Dokumenten, Tabellen etc. suchen.<\/div>\n<ul>\n<li><strong>Word<\/strong>: Erstellen Sie im Handumdrehen Textdokumente in professioneller Qualit\u00e4t.<\/li>\n<li><strong>Excel<\/strong>: Intelligente Tabellenkalkulation f\u00fcr das Informationsmanagement.<\/li>\n<li><strong>PowerPoint<\/strong>: Erstellen Sie beeindruckende dynamische Pr\u00e4sentationen.<\/li>\n<li><strong>OneNote<\/strong>: Ihr digitales Notizbuch.<\/li>\n<li><strong>Outlook<\/strong>: Kommunikation leicht gemacht.<\/li>\n<li><strong>Access<\/strong>: Datenbankprogrammierung f\u00fcr browserbasierte Apps<\/li>\n<\/ul>\n<p class=\"translation-block\"><strong>Wichtiger Hinweis: <\/strong><strong>Teams<\/strong> ist in dieser Version von Office <strong>NICHT <\/strong>enthalten!<\/strong><\/p>\n<div>\n<p><strong>Voraussetzung f\u00fcr das Betriebssystem: Microsoft Windows 10 oder 11<\/strong><\/p>\n<\/div>\n<p>&nbsp;<\/p>","protected":false},"excerpt":{"rendered":"<ul>\n<li>Microsoft Office 2024 Professional Plus Lizenz f\u00fcr 3 Ger\u00e4te<\/li>\n<li><strong>Mit dieser Lizenz kann die Software auf 3 verschiedenen Ger\u00e4ten aktiviert werden, z.B. Heim-PC, Notebook und Arbeits-PC.<\/strong><\/li>\n<li>Version f\u00fcr 32- und 64-Bit-Systeme, unbegrenzte Vollversionen der Software <strong>vom zertifizierten Microsoft Gold Partner<\/strong><\/li>\n<li><strong>30 Tage volle R\u00fcckerstattung - Lebenslange Ersatzgarantie!<\/strong><\/li>\n<li>Lieferung per E-Mail: Produktschl\u00fcssel, Anleitung, Download-Links, Rechnung<\/li>\n<li>Sofortdownload!<\/li>\n<li>Keine zeitliche Begrenzung, kein Abo<\/li>\n<li>Kostenloser 24\/7-Support bei Problemen mit der Installation und Aktivierung<\/li>\n<li>Keine Lieferung auf Datentr\u00e4ger (USB, CD, etc.)<\/li>\n<li>Aktivierung online und telefonisch<\/li>\n<li>Sprachen: Englisch, Spanisch, Italienisch, Deutsch, Franz\u00f6sisch<\/li>\n<li><strong><span style=\"color: #008000;\"> Dieses Produkt ist kompatibel mit Microsoft Windows.<\/span><\/strong><\/li>\n<li><strong><span style=\"color: #ff0000;\">NICHT kompatibel mit Apple macOS\u2122, Android-Ger\u00e4ten und Chromebooks.<\/span><\/strong><\/li>\n<\/ul>","protected":false},"featured_media":115244,"comment_status":"open","ping_status":"closed","template":"","meta":{"_acf_changed":false},"product_brand":[],"product_cat":[187,65],"product_tag":[49,51,50],"class_list":{"0":"post-115009","1":"product","2":"type-product","3":"status-publish","4":"has-post-thumbnail","6":"product_cat-187","7":"product_cat-popular","8":"product_tag-excellence","9":"product_tag-ms-office","10":"product_tag-security","12":"first","13":"instock","14":"sale","15":"featured","16":"virtual","17":"taxable","18":"purchasable","19":"product-type-simple"},"acf":[],"_links":{"self":[{"href":"https:\/\/keyshop.windowsandoffice.com\/de\/wp-json\/wp\/v2\/product\/115009","targetHints":{"allow":["GET"]}}],"collection":[{"href":"https:\/\/keyshop.windowsandoffice.com\/de\/wp-json\/wp\/v2\/product"}],"about":[{"href":"https:\/\/keyshop.windowsandoffice.com\/de\/wp-json\/wp\/v2\/types\/product"}],"replies":[{"embeddable":true,"href":"https:\/\/keyshop.windowsandoffice.com\/de\/wp-json\/wp\/v2\/comments?post=115009"}],"wp:featuredmedia":[{"embeddable":true,"href":"https:\/\/keyshop.windowsandoffice.com\/de\/wp-json\/wp\/v2\/media\/115244"}],"wp:attachment":[{"href":"https:\/\/keyshop.windowsandoffice.com\/de\/wp-json\/wp\/v2\/media?parent=115009"}],"wp:term":[{"taxonomy":"product_brand","embeddable":true,"href":"https:\/\/keyshop.windowsandoffice.com\/de\/wp-json\/wp\/v2\/product_brand?post=115009"},{"taxonomy":"product_cat","embeddable":true,"href":"https:\/\/keyshop.windowsandoffice.com\/de\/wp-json\/wp\/v2\/product_cat?post=115009"},{"taxonomy":"product_tag","embeddable":true,"href":"https:\/\/keyshop.windowsandoffice.com\/de\/wp-json\/wp\/v2\/product_tag?post=115009"}],"curies":[{"name":"wp","href":"https:\/\/api.w.org\/{rel}","templated":true}]}}