{"id":114123,"date":"2024-04-30T00:23:00","date_gmt":"2024-04-29T22:23:00","guid":{"rendered":"https:\/\/keyshop.windowsandoffice.com\/?post_type=product&#038;p=114123"},"modified":"2026-01-13T20:20:08","modified_gmt":"2026-01-13T19:20:08","slug":"office-2010-professional-plus","status":"publish","type":"product","link":"https:\/\/keyshop.windowsandoffice.com\/de\/produkt\/office-2010-professional-plus\/","title":{"rendered":"Microsoft Office 2010 Professional Plus Lizenz f\u00fcr 3 PCs"},"content":{"rendered":"<p>Mit Office 2010 integriert Microsoft mehrere neue Features in die Office-Software: K\u00fcnftig gibt es parallel zur Desktop-Variante auch Web-Applikationen von Word, Excel &amp; Co.<\/p>\n<p>Au\u00dferdem unterst\u00fctzt das Office-Paket erstmals das ISO-zertifizierte Office-Open-XML-Format. Dar\u00fcber hinaus bietet Office 2010 eine \u00fcberarbeitete Ribbon-Men\u00fcf\u00fchrung im Windows-7-Look und starke Funktionen f\u00fcr den Office-Button.<\/p>\n<p>Microsoft Office 2010 Professional Plus beinhaltet diese Anwendungen:<\/p>\n<ul>\n<li><strong>Word 2010<\/strong> - f\u00fcr die Erstellung ansprechender Dokumente<\/li>\n<li><strong>Excel 2010<\/strong> - f\u00fcr Analysen und Auswertungen<\/li>\n<li><strong>PowerPoint 2010<\/strong> \u2013 f\u00fcr anspruchsvolle Pr\u00e4sentationen<\/li>\n<li><strong>Ausblick 2010<\/strong> - f\u00fcr die Verwaltung Ihrer E-Mails, Kontakte, Zeitpl\u00e4ne und Aufgaben<\/li>\n<li><strong>OneNote 2010<\/strong> - f\u00fcr Ihre Notizen<\/li>\n<li><strong>Herausgeber 2010<\/strong> \u2013 f\u00fcr die Erstellung professioneller Publikationen<\/li>\n<li><strong>Zugang 2010<\/strong> - f\u00fcr Browser-basierte Datenbankanwendungen<\/li>\n<li><strong>Web-Anwendungen<\/strong> (Word, Excel, PowerPoint, OneNote)<\/li>\n<li><strong>InfoPath<\/strong> - f\u00fcr das Entwerfen, Verteilen und Ausf\u00fcllen elektronischer Formulare<\/li>\n<li><strong>Kommunikator<\/strong> - f\u00fcr den Kontakt mit Kunden und Kollegen<\/li>\n<li><strong>SharePoint-Arbeitsbereich<\/strong> - f\u00fcr die ortsunabh\u00e4ngige Zusammenarbeit mit Kunden, Kollegen und Lieferanten<\/li>\n<\/ul>\n<p><strong>Systemanforderungen:<\/strong><\/p>\n<ul>\n<li>Prozessor: 500 Megahertz (MHz) Prozessor oder besser; 1 Gigahertz (GHz) f\u00fcr Outlook mit Business Contact Manager<\/li>\n<li>RAM: 512 Megabyte (MB) RAM oder mehr (dies ist allerdings eine sehr geringe Anforderung)<\/li>\n<li>Verf\u00fcgbarer Festplattenspeicher: 3.5 Gigabyte (GB)<\/li>\n<li>F\u00fcr die 32-bit Version von Office 2010: Windows XP (SP 3), Windows Server 2003 (SP2), MSXML 6.0<\/li>\n<li>F\u00fcr die 32-oder 64-bit Versionen von Office 2010: Windows Vista (SP1), Windows Server 2008, Windows 7, Terminal Server, Windows on Windows (WOW)<\/li>\n<\/ul>\n<p>&nbsp;<\/p>\n<p>&nbsp;<\/p>","protected":false},"excerpt":{"rendered":"<p>Mit Office 2010 integriert Microsoft mehrere neue Features in die Office-Software: K\u00fcnftig gibt es parallel zur Desktop-Variante auch Web-Applikationen von Word, Excel &amp; Co.<\/p>\n<p>Au\u00dferdem unterst\u00fctzt das Office-Paket erstmals das ISO-zertifizierte Office-Open-XML-Format. Dar\u00fcber hinaus bietet Office 2010 eine \u00fcberarbeitete Ribbon-Men\u00fcf\u00fchrung im Windows-7-Look und starke Funktionen f\u00fcr den Office-Button.<\/p>\n<p><strong>Hinweis<\/strong><\/p>\n<ul>\n<li><strong>Dieses Produkt ist nur mit Windows 10 und 11 kompatibel.<\/strong><\/li>\n<li><strong>Dieses Produkt ist NICHT kompatibel mit Apple-Betriebssystemen (MacOS, iPadOS, iOS), Chromebooks<\/strong><\/li>\n<\/ul>","protected":false},"featured_media":115850,"comment_status":"open","ping_status":"closed","template":"","meta":{"_acf_changed":false},"product_brand":[],"product_cat":[40],"product_tag":[51,46],"class_list":{"0":"post-114123","1":"product","2":"type-product","3":"status-publish","4":"has-post-thumbnail","6":"product_cat-msoffice","7":"product_tag-ms-office","8":"product_tag-ms-office-2010","10":"first","11":"instock","12":"sale","13":"virtual","14":"taxable","15":"purchasable","16":"product-type-simple"},"acf":[],"_links":{"self":[{"href":"https:\/\/keyshop.windowsandoffice.com\/de\/wp-json\/wp\/v2\/product\/114123","targetHints":{"allow":["GET"]}}],"collection":[{"href":"https:\/\/keyshop.windowsandoffice.com\/de\/wp-json\/wp\/v2\/product"}],"about":[{"href":"https:\/\/keyshop.windowsandoffice.com\/de\/wp-json\/wp\/v2\/types\/product"}],"replies":[{"embeddable":true,"href":"https:\/\/keyshop.windowsandoffice.com\/de\/wp-json\/wp\/v2\/comments?post=114123"}],"wp:featuredmedia":[{"embeddable":true,"href":"https:\/\/keyshop.windowsandoffice.com\/de\/wp-json\/wp\/v2\/media\/115850"}],"wp:attachment":[{"href":"https:\/\/keyshop.windowsandoffice.com\/de\/wp-json\/wp\/v2\/media?parent=114123"}],"wp:term":[{"taxonomy":"product_brand","embeddable":true,"href":"https:\/\/keyshop.windowsandoffice.com\/de\/wp-json\/wp\/v2\/product_brand?post=114123"},{"taxonomy":"product_cat","embeddable":true,"href":"https:\/\/keyshop.windowsandoffice.com\/de\/wp-json\/wp\/v2\/product_cat?post=114123"},{"taxonomy":"product_tag","embeddable":true,"href":"https:\/\/keyshop.windowsandoffice.com\/de\/wp-json\/wp\/v2\/product_tag?post=114123"}],"curies":[{"name":"wp","href":"https:\/\/api.w.org\/{rel}","templated":true}]}}