{"id":11142,"date":"2022-04-06T21:59:06","date_gmt":"2022-04-06T19:59:06","guid":{"rendered":"https:\/\/keyshop.windowsandoffice.com\/?post_type=product&#038;p=11142"},"modified":"2026-01-13T20:20:01","modified_gmt":"2026-01-13T19:20:01","slug":"microsoft-windows-server-2022-standard","status":"publish","type":"product","link":"https:\/\/keyshop.windowsandoffice.com\/de\/produkt\/microsoft-windows-server-2022-standard\/","title":{"rendered":"Microsoft Windows Server 2022 Standard"},"content":{"rendered":"<p>Windows Server 2022 hilft Ihnen, Ihr Unternehmen aus einer Position der St\u00e4rke heraus auszubauen und den Betrieb auf die Cloud auszuweiten. Es maximiert Ihre bestehenden Investitionen und baut auf Windows Server-Sicherheit, App-Innovation und Hyper-Converged Infrastructure-Funktionen auf, um Sie dabei zu unterst\u00fctzen, Ihre Investitionen vor Ort mit der Cloud zu verbinden.<\/p>\n<p>Windows Server 2022 ist in drei Editionen f\u00fcr unterschiedliche Umgebungen erh\u00e4ltlich:<\/p>\n<ul>\n<li><span style=\"color: #808080;\"><strong>Windows Server 2022 Essentials<\/strong> ist f\u00fcr kleine Unternehmen mit bis zu 25 Benutzern und 50 Ger\u00e4ten entwickelt. Es werden keine Zugriffslizenzen (CAL) ben\u00f6tigt.<\/span><\/li>\n<li><strong>Windows Server 2022 Standard<\/strong> ist ideal f\u00fcr physische oder minimal virtualisierte Umgebungen. Dieses Core-basierte Lizenzierungsmodell erfordert Lizenzen f\u00fcr den Zugriff auf den Server (CAL)<\/li>\n<li><span style=\"color: #808080;\"><strong>Windows Server 2022 Rechenzentrum<\/strong> ist ideal f\u00fcr stark virtualisierte Rechenzentren und Cloud-Umgebungen geeignet. Dieses Core-basierte Lizenzierungsmodell erfordert Lizenzen f\u00fcr den Zugriff auf den Server (CAL)<\/span><\/li>\n<\/ul>\n<p>Windows Server 2022 ist das Betriebssystem, das die Verbindung zwischen lokalen Umgebungen und Azure herstellt, zus\u00e4tzliche Sicherheitsebenen hinzuf\u00fcgt und Sie bei der Modernisierung Ihrer Anwendungen und Infrastruktur unterst\u00fctzt.<\/p>\n<p class=\"c-heading-4\"><strong>Hybridfunktionen mit Azure<\/strong><\/p>\n<div class=\"c-paragraph\">\n<p>Erweitern Sie Ihr Rechenzentrum auf Azure, um Ihre Investitionen maximal zu nutzen und neue Hybridfunktionen zu erhalten.<\/p>\n<p class=\"c-heading-4\"><strong>Erweiterte mehrstufige Sicherheit<\/strong><\/p>\n<div class=\"c-paragraph\">\n<p>Verbessern Sie Ihre Sicherheit, um das Rechenzentrum zu sch\u00fctzen. Den Anfang macht das Betriebssystem.<\/p>\n<p class=\"c-heading-4\"><strong>Schnellere Innovation f\u00fcr Anwendungen<\/strong><\/p>\n<div class=\"c-paragraph\">\n<p>Erm\u00f6glichen Sie die Erstellung von cloudnativen Apps, und modernisieren Sie traditionelle Apps mit Containern und Microservices.<\/p>\n<p class=\"c-heading-4\"><strong>Beispiellose hyperkonvergente Infrastruktur<\/strong><\/p>\n<div class=\"c-paragraph\">\n<p>Erweitern Sie die Infrastruktur Ihres Rechenzentrums, um Effizienz und Sicherheit zu verbessern.<\/p>\n<\/div>\n<\/div>\n<\/div>\n<\/div>\n<p><strong>Systemanforderungen<\/strong><\/p>\n<ul>\n<li>Prozessor: 1,4 GHz 64-Bit mit NX\/DEP<\/li>\n<li>Arbeitsspeicher: 512 MB (Server Core und Server Nano), 2 GB (mit Desktop-Ansicht)<\/li>\n<li>Grafikkarte und Monitor: 1024 \u00d7 768 Pixel<\/li>\n<li>Netzwerk: Gigabit-Ethernet<\/li>\n<li>Freier Festplattenspeicher: 32 GB freier Festplattenspeicher<\/li>\n<li>BIOS: UEFI-System mit sicherem Start (UEFI 2.3.1c) (f\u00fcr bestimmte Funktionen)<\/li>\n<\/ul>","protected":false},"excerpt":{"rendered":"<ul>\n<li>Microsoft Windows Server 2022 Standard<\/li>\n<li>Versionen f\u00fcr 64-Bit-Systeme verf\u00fcgbar<\/li>\n<li>Lieferung per E-Mail: Produktschl\u00fcssel, Anleitung, Download-Links, Rechnung<\/li>\n<li>Sofortdownload!<\/li>\n<li>Keine zeitliche Begrenzung, kein Abo<\/li>\n<li>Kostenloser Support bei der Installation und Aktivierung<\/li>\n<li>Nicht verf\u00fcgbar auf physischen Medien (USB, CD usw.)<\/li>\n<li>Aktivierung online und telefonisch<\/li>\n<\/ul>","protected":false},"featured_media":11143,"comment_status":"open","ping_status":"closed","template":"","meta":{"_acf_changed":false},"product_brand":[],"product_cat":[42,202],"product_tag":[78,77,79],"class_list":{"0":"post-11142","1":"product","2":"type-product","3":"status-publish","4":"has-post-thumbnail","6":"product_cat-windows-server","7":"product_cat-windows-server-2022","8":"product_tag-78","9":"product_tag-server","10":"product_tag-standard","12":"first","13":"instock","14":"sale","15":"featured","16":"virtual","17":"taxable","18":"purchasable","19":"product-type-simple"},"acf":[],"_links":{"self":[{"href":"https:\/\/keyshop.windowsandoffice.com\/de\/wp-json\/wp\/v2\/product\/11142","targetHints":{"allow":["GET"]}}],"collection":[{"href":"https:\/\/keyshop.windowsandoffice.com\/de\/wp-json\/wp\/v2\/product"}],"about":[{"href":"https:\/\/keyshop.windowsandoffice.com\/de\/wp-json\/wp\/v2\/types\/product"}],"replies":[{"embeddable":true,"href":"https:\/\/keyshop.windowsandoffice.com\/de\/wp-json\/wp\/v2\/comments?post=11142"}],"wp:featuredmedia":[{"embeddable":true,"href":"https:\/\/keyshop.windowsandoffice.com\/de\/wp-json\/wp\/v2\/media\/11143"}],"wp:attachment":[{"href":"https:\/\/keyshop.windowsandoffice.com\/de\/wp-json\/wp\/v2\/media?parent=11142"}],"wp:term":[{"taxonomy":"product_brand","embeddable":true,"href":"https:\/\/keyshop.windowsandoffice.com\/de\/wp-json\/wp\/v2\/product_brand?post=11142"},{"taxonomy":"product_cat","embeddable":true,"href":"https:\/\/keyshop.windowsandoffice.com\/de\/wp-json\/wp\/v2\/product_cat?post=11142"},{"taxonomy":"product_tag","embeddable":true,"href":"https:\/\/keyshop.windowsandoffice.com\/de\/wp-json\/wp\/v2\/product_tag?post=11142"}],"curies":[{"name":"wp","href":"https:\/\/api.w.org\/{rel}","templated":true}]}}