{"id":10978,"date":"2022-04-01T16:14:02","date_gmt":"2022-04-01T14:14:02","guid":{"rendered":"https:\/\/keyshop.windowsandoffice.com\/?post_type=product&#038;p=10978"},"modified":"2026-02-12T17:14:33","modified_gmt":"2026-02-12T16:14:33","slug":"win10-oficce2021pp","status":"publish","type":"product","link":"https:\/\/keyshop.windowsandoffice.com\/de\/produkt\/win10-oficce2021pp\/","title":{"rendered":"Microsoft Windows 10 Professional + Microsoft Office 2021 Professional Plus Lizenz f\u00fcr 3 PCs"},"content":{"rendered":"<h1>Windows 10 Pro + Office 2021 Pro<\/h1>\n<h3><strong>Microsoft Windows 10 Professional<\/strong><\/h3>\n<p>Mit Windows 10 Professional haben Sie ein zuverl\u00e4ssiges Betriebssystem auf ihrem Ger\u00e4t. Sie profitieren von schnelleren Systemstarts, einem vertrauten, jedoch verbesserten Startmen\u00fc und neuen M\u00f6glichkeiten, um Dinge schnell zu erledigen. Sie erhalten au\u00dferdem neue Features wie einen brandneuen Browser, um im Web noch besser unterwegs zu sein, und Ihre pers\u00f6nliche digitale Assistentin Cortana. Cortana ist Ihre pers\u00f6nliche digitale Assistentin, die Ihnen auf allen Ihren Windows 10-Ger\u00e4ten folgt und Ihnen hilft, Dinge zu erledigen. Cortana lernt mit der Zeit immer mehr \u00fcber Sie und kann Sie jeden Tag besser unterst\u00fctzen. Windows 10 Professional unterst\u00fctzt Sie optimal bei allem, was Sie tun.<\/p>\n<h4>Eigenschaften<\/h4>\n<p>Mit <em><strong>Windows 10 Professional<\/strong> <\/em>als Herz Ihres Computers kann man alles machen<\/p>\n<ul>\n<li>Integrierte Sicherheitsfeatures wie Antivirensoftware, Firewall und Internetschutzmechanismen<\/li>\n<li>Scannen Sie Ihr Gesicht oder Ihren Fingerabdruck mit Windows Hello, um Ihren Computer schnell, sicher und ohne Kennwort zu entsperren<\/li>\n<li>Mit dem Benachrichtigungsassistenten k\u00f6nnen Sie Benachrichtigungen, Sounds und Warnungen blockieren, damit Sie bei der Arbeit nicht abgelenkt werden<\/li>\n<li>\u00dcber die Zeitachse k\u00f6nnen Sie schnell und einfach durch Ihre zuletzt verwendeten Dokumente, Apps und Websites scrollen<\/li>\n<li><strong>Microsoft Fotos<\/strong> ist eine einfache M\u00f6glichkeit, Mediendateien zu organisieren und zu verwalten. Sie k\u00f6nnen nach ihren Fotos und Videos suchen, diese bearbeiten und teilen.<\/li>\n<li>Mit Game Bar k\u00f6nnen Sie Ihre Spiele sofort live streamen, Bildschirmaufnahmen machen und die Audioeinstellungen pr\u00e4zise anpassen<\/li>\n<li>Remote Desktop erm\u00f6glicht eine sichere Verbindung zu ihrem System von ausserhalb. Sie k\u00f6nnen auf ihre Dateien, Ordner und Anwendungen per Internet zugreifen, egal wo sie gerade sind.<\/li>\n<li>Windows Information Protection (WIP) tr\u00e4gt zum Schutz vor potenziellen Datenlecks bei. Au\u00dferdem beeintr\u00e4chtigt WIP nicht die Arbeit der Mitarbeiter.<\/li>\n<li><strong>BitLocker-Laufwerkverschl\u00fcsselung<\/strong> ist ein Datesicherheits-Feature, welches im Betriebssystem integriert ist um Datendiebst\u00e4hle zu verhindern. Es weist zudem auf verlorene, gestohlene oder veruntreute Systeme in ihrem Netzwerk hin.<\/li>\n<li>Tools f\u00fcr Businessanwendungen<\/li>\n<\/ul>\n<p><em><strong>Dennoch profitieren Sie von schnelleren Systemstarts. Es hat ein vertrautes, aber verbessertes Startmen\u00fc und neue M\u00f6glichkeiten, Dinge schnell zu erledigen. Sie erhalten auch neue Funktionen wie einen neuen Browser. Dadurch erreichen Sie ein verbessertes Web-Erlebnis. Cortana folgt Ihnen auf allen Ihren Windows 10-Ger\u00e4ten. Au\u00dferdem hilft sie, Dinge einfach zu machen. Sie lernt mit der Zeit immer mehr \u00fcber Sie und kann Sie jeden Tag besser unterst\u00fctzen.<\/strong><\/em><\/p>\n<h4><strong>Weitere Produktfeatures<br \/>\n<\/strong><\/h4>\n<p>Au\u00dferdem werden Sie bei allem, was Sie tun, optimal unterst\u00fctzt. Behalten Sie den \u00dcberblick, indem Sie Apps einfach andocken und die Bildschirmfreigabe f\u00fcr produktiveres Arbeiten optimieren. Docken Sie bis zu vier Apps gleichzeitig an und erstellen Sie virtuelle Desktops, wenn Sie mehr Platz ben\u00f6tigen oder Inhalte f\u00fcr ein Projekt gruppieren m\u00f6chten, z. B. Office-Apps f\u00fcr die Arbeit und Spiele f\u00fcr die Freizeit. Live-Kacheln bieten aktualisierte Streams Ihrer wichtigsten Inhalte in Echtzeit.<\/p>\n<p><em>Kurz gefasst: <a href=\"https:\/\/keyshop.windowsandoffice.com\/de\/produkt\/combo1\/\"><strong>Windows 10<\/strong> <\/a>ist kompatibel mit der Hard- und Software sowie den Peripherieger\u00e4ten, die Sie bereits besitzen. Halten Sie Ihr System auf dem neuesten Stand mit neuen Features und Sicherheitsmerkmalen w\u00e4hrend der gesamten Produktlebenszeit.<\/em><\/p>\n<h1>Microsoft Office 2021 Professional Plus<\/h1>\n<div class=\"dePhmb\">\n<div class=\"eyKpYb\" data-language=\"en\" data-original-language=\"de\" data-result-index=\"0\">\n<div class=\"J0lOec\">\n<p>Mit der Office 2021 Professional Plus Edition sind Microsoft Office-Anwender, die zu Hause oder im Office die volle Bandbreite an Anwendungen nutzen, gut beraten. Alle wichtigen Programme sind enthalten: Word, Excel, Outlook, PowerPoint, Publisher und Access. Damit Sie schnell Notizen machen und \u00fcber die Cloud auf allen Ger\u00e4ten zur Verf\u00fcgung stellen k\u00f6nnen, steht OneNote ab sofort im Windows Store zum Download bereit. Die Professional Plus-Version richtet sich aufgrund der breiten Palette an unterschiedlichen Programmen vor allem an Personen, die zu Hause, im Homeoffice arbeiten oder im Office eine leistungsstarke, zuverl\u00e4ssige L\u00f6sung suchen, um mit Dokumenten, Tabellen usw. zu arbeiten.<\/p>\n<\/div>\n<ul>\n<li style=\"list-style-type: none;\">\n<ul>\n<li class=\"J0lOec\"><span class=\"VIiyi\" lang=\"en\"><span class=\"JLqJ4b ChMk0b\" data-language-for-alternatives=\"en\" data-language-to-translate-into=\"de\" data-phrase-index=\"9\" data-number-of-phrases=\"18\"><strong>Word<\/strong>: Erstellen Sie im Handumdrehen Textdokumente in professioneller Qualit\u00e4t.<\/span><\/span><\/li>\n<li class=\"J0lOec\"><span class=\"VIiyi\" lang=\"en\"><span class=\"JLqJ4b ChMk0b\" data-language-for-alternatives=\"en\" data-language-to-translate-into=\"de\" data-phrase-index=\"11\" data-number-of-phrases=\"18\"><strong>Excel<\/strong>: Intelligente Tabellenkalkulation f\u00fcr das Informationsmanagement.<\/span> <\/span><\/li>\n<li class=\"J0lOec\"><span class=\"VIiyi\" lang=\"en\"><span class=\"JLqJ4b ChMk0b\" data-language-for-alternatives=\"en\" data-language-to-translate-into=\"de\" data-phrase-index=\"13\" data-number-of-phrases=\"18\"><strong>PowerPoint<\/strong>: Erstellen Sie beeindruckende dynamische Pr\u00e4sentationen.<\/span> <\/span><\/li>\n<li class=\"J0lOec\"><span class=\"VIiyi\" lang=\"en\"><span class=\"JLqJ4b ChMk0b\" data-language-for-alternatives=\"en\" data-language-to-translate-into=\"de\" data-phrase-index=\"15\" data-number-of-phrases=\"18\"><strong>OneNote<\/strong>: Ihr digitales Notizbuch.<\/span> <\/span><\/li>\n<li class=\"J0lOec\"><span class=\"VIiyi\" lang=\"en\"><span class=\"JLqJ4b ChMk0b\" data-language-for-alternatives=\"en\" data-language-to-translate-into=\"de\" data-phrase-index=\"17\" data-number-of-phrases=\"18\"><strong>Outlook<\/strong>: Kommunikation leicht gemacht.<\/span><\/span><\/li>\n<li><strong>Publisher<\/strong>: Layouterstellung f\u00fcr Fachpublikationen<\/li>\n<li><strong>Access<\/strong>: Datenbankprogrammierung f\u00fcr browserbasierte Apps<\/li>\n<\/ul>\n<\/li>\n<\/ul>\n<p>HINWEIS: Aufgrund einer <a href=\"https:\/\/blogs.microsoft.com\/eupolicy\/2023\/08\/31\/european-competition-teams-office-microsoft-365\/\" target=\"_blank\" rel=\"noopener nofollow\">Untersuchung der Europ\u00e4ischen Kommission<\/a>, b\u00fcndelt Microsoft keine Teams-Lizenz mehr mit Office-Produkten. Sie k\u00f6nnen <a href=\"https:\/\/www.microsoft.com\/en-us\/microsoft-teams\/download-app\" target=\"_blank\" rel=\"noopener nofollow\"> Teams herunterladen<\/a>, um es mit einer kostenlosen oder kostenpflichtigen Lizenz zu verwenden (separat zu erwerben), je nach Bedarf.<\/p>\n<ul>\n<li><strong>Microsoft Teams<\/strong>: Mehr Produktivit\u00e4t durch Instant Messaging und HD-Videokonferenzen (separat zum Download verf\u00fcgbar)<\/li>\n<\/ul>\n<\/div>\n<\/div>","protected":false},"excerpt":{"rendered":"<p>Sparen Sie Zeit und Geld mit unserem Microsoft Vorteilspaket aus den neuesten Versionen von Windows und Office<\/p>\n<ul>\n<li><strong>Microsoft Windows 10 Professional\u00a0<\/strong>- das sicherste und zuverl\u00e4ssigste Windows-Betriebsystem; nun mit Ihrer pers\u00f6nlichen digitalen Assitentin Cortana<\/li>\n<li><strong>Microsoft Office 2021 Professional Plus<\/strong> - das umfangreichste und modernste Office-Paket aller Zeiten<\/li>\n<\/ul>\n<p><span style=\"font-size: 14pt;\"><strong>Hinweis<\/strong><\/span><\/p>\n<ul>\n<li><span style=\"font-size: 12pt;\"><strong>Office 2021 ist nur mit Windows 10 und 11 kompatibel.<\/strong><\/span><\/li>\n<li><span style=\"font-size: 12pt;\"><strong>Office 2021 ist NICHT kompatibel mit Apple-Betriebssystemen (MacOS, iPadOS, iOS), Chromebooks<\/strong><\/span><\/li>\n<\/ul>","protected":false},"featured_media":115835,"comment_status":"open","ping_status":"closed","template":"","meta":{"_acf_changed":false},"product_brand":[],"product_cat":[53,65],"product_tag":[],"class_list":{"0":"post-10978","1":"product","2":"type-product","3":"status-publish","4":"has-post-thumbnail","6":"product_cat-combos","7":"product_cat-popular","9":"first","10":"instock","11":"sale","12":"featured","13":"virtual","14":"taxable","15":"purchasable","16":"product-type-simple"},"acf":[],"_links":{"self":[{"href":"https:\/\/keyshop.windowsandoffice.com\/de\/wp-json\/wp\/v2\/product\/10978","targetHints":{"allow":["GET"]}}],"collection":[{"href":"https:\/\/keyshop.windowsandoffice.com\/de\/wp-json\/wp\/v2\/product"}],"about":[{"href":"https:\/\/keyshop.windowsandoffice.com\/de\/wp-json\/wp\/v2\/types\/product"}],"replies":[{"embeddable":true,"href":"https:\/\/keyshop.windowsandoffice.com\/de\/wp-json\/wp\/v2\/comments?post=10978"}],"wp:featuredmedia":[{"embeddable":true,"href":"https:\/\/keyshop.windowsandoffice.com\/de\/wp-json\/wp\/v2\/media\/115835"}],"wp:attachment":[{"href":"https:\/\/keyshop.windowsandoffice.com\/de\/wp-json\/wp\/v2\/media?parent=10978"}],"wp:term":[{"taxonomy":"product_brand","embeddable":true,"href":"https:\/\/keyshop.windowsandoffice.com\/de\/wp-json\/wp\/v2\/product_brand?post=10978"},{"taxonomy":"product_cat","embeddable":true,"href":"https:\/\/keyshop.windowsandoffice.com\/de\/wp-json\/wp\/v2\/product_cat?post=10978"},{"taxonomy":"product_tag","embeddable":true,"href":"https:\/\/keyshop.windowsandoffice.com\/de\/wp-json\/wp\/v2\/product_tag?post=10978"}],"curies":[{"name":"wp","href":"https:\/\/api.w.org\/{rel}","templated":true}]}}