{"id":5567,"date":"2021-03-03T18:11:02","date_gmt":"2021-03-03T14:11:02","guid":{"rendered":"https:\/\/keyshop.windowsandoffice.com\/?page_id=5567"},"modified":"2026-02-12T02:39:44","modified_gmt":"2026-02-12T01:39:44","slug":"legal-basis","status":"publish","type":"page","link":"https:\/\/keyshop.windowsandoffice.com\/de\/legal-basis\/","title":{"rendered":"Rechtliche Grundlagen"},"content":{"rendered":"<div data-elementor-type=\"wp-page\" data-elementor-id=\"5567\" class=\"elementor elementor-5567\">\n\t\t\t\t\t\t<section class=\"elementor-section elementor-top-section elementor-element elementor-element-23908d0 elementor-section-boxed elementor-section-height-default elementor-section-height-default\" data-id=\"23908d0\" data-element_type=\"section\" data-e-type=\"section\">\n\t\t\t\t\t\t<div class=\"elementor-container elementor-column-gap-default\">\n\t\t\t\t\t<div class=\"elementor-column elementor-col-100 elementor-top-column elementor-element elementor-element-26ff2aef\" data-id=\"26ff2aef\" data-element_type=\"column\" data-e-type=\"column\">\n\t\t\t<div class=\"elementor-widget-wrap elementor-element-populated\">\n\t\t\t\t\t\t<div class=\"elementor-element elementor-element-3a32b24c elementor-widget elementor-widget-text-editor\" data-id=\"3a32b24c\" data-element_type=\"widget\" data-e-type=\"widget\" data-widget_type=\"text-editor.default\">\n\t\t\t\t<div class=\"elementor-widget-container\">\n\t\t\t\t\t\t\t\t\t\n<h4 class=\"wp-block-heading\">Vertriebsrecht<\/h4>\n\n<p>Softwarehersteller wie Microsoft oder Corel erlauben zertifizierten Vertriebspartnern (Resellern), Produkte an Verbraucher zu vertreiben. Damit werden sogenannte Reseller-Rechte vergeben. Nur autorisierte Partner haben das Recht, Softwarelizenzen zu ver\u00e4u\u00dfern und sind zwingend Mitglieder des jeweiligen Partnerprogramms des Herstellers. Die Reseller erhalten das nicht exklusive Recht, innerhalb der EU\/EFTA Software mit Lizenz aktiv zu vermarkten und zu vertreiben. Abweichend hiervon k\u00f6nnen Vertriebspartner auch in anderen Regionen t\u00e4tig sein, dies bedarf der schriftlichen Vereinbarung.<\/p>\n\n<p>Der H\u00e4ndler ist verpflichtet, die Softwareprodukte unter den jeweiligen Produktnamen des Herstellers anzubieten. Einschl\u00e4gige Schutzrechts- und Copyrightvermerke sind zu beachten bzw. vorzunehmen. Alle Markennamen und eingetragene Warenzeichen sind Eigentum der jeweiligen Hersteller. Technische Hinweise m\u00fcssen stets den Angaben des Herstellers entsprechen. Abbildungen, Icons und Logos dienen der Artikelkennzeichnung. Bis zur vollst\u00e4ndigen Bezahlung bleiben die verkauften Waren Eigentum des H\u00e4ndlers.<\/p>\n\n<h4 class=\"wp-block-heading\">Lizenzrecht<\/h4>\n\n<p>Gem\u00e4\u00df der aktuellen Rechtssprechung des Bundesgerichtshofes (BGH, Urteil vom 17. Juli 2013 \u2013 I ZR 129\/08) sind Fachh\u00e4ndler verpflichtet, die Legalit\u00e4t und Rechtm\u00e4\u00dfigkeit der angebotenen Software zu dokumentieren. Softwarelizenzen d\u00fcrfen nur mit Zustimmung des Rechteinhabers in den Verkehr gebracht werden. Die Lizenz wird als Gegenleistung f\u00fcr eine Zahlung erteilt, welche es erlaubt eine Verg\u00fctung zu erzielen, die dem wirtschaftlichen Wert der Software entspricht. Der Rechteinhaber verpflichtet den H\u00e4ndler, die Software dauerhaft zu ver\u00e4u\u00dfern, ohne eine zeitliche Begrenzung der Nutzung. Der Verbraucher wird dar\u00fcber informiert, da\u00df die Software den Lizenzbedingungen und Produktnutzungsrechten des Softwareherstellers unterliegt.<\/p>\n\n<p>Der Erwerber hat ein einfaches, uneingeschr\u00e4nktes Nutzungsrecht an der Software. Er darf diese weder kopieren noch anderen zur Nutzung \u00fcberlassen. Ein mehrfaches Nutzungsrecht bedarf einer gesonderten Vereinbarung.<\/p>\n\t\t\t\t\t\t\t\t<\/div>\n\t\t\t\t<\/div>\n\t\t\t\t\t<\/div>\n\t\t<\/div>\n\t\t\t\t\t<\/div>\n\t\t<\/section>\n\t\t\t\t<\/div>","protected":false},"excerpt":{"rendered":"<p>Vertriebsrecht Softwarehersteller wie Microsoft oder Corel erlauben zertifizierten Vertriebspartnern (Wiederverk\u00e4ufern), Produkte an Verbraucher zu verkaufen. Sogenannte...<\/p>","protected":false},"author":1,"featured_media":0,"parent":0,"menu_order":0,"comment_status":"closed","ping_status":"closed","template":"","meta":{"_acf_changed":false,"footnotes":""},"class_list":["post-5567","page","type-page","status-publish","hentry"],"acf":[],"_links":{"self":[{"href":"https:\/\/keyshop.windowsandoffice.com\/de\/wp-json\/wp\/v2\/pages\/5567","targetHints":{"allow":["GET"]}}],"collection":[{"href":"https:\/\/keyshop.windowsandoffice.com\/de\/wp-json\/wp\/v2\/pages"}],"about":[{"href":"https:\/\/keyshop.windowsandoffice.com\/de\/wp-json\/wp\/v2\/types\/page"}],"author":[{"embeddable":true,"href":"https:\/\/keyshop.windowsandoffice.com\/de\/wp-json\/wp\/v2\/users\/1"}],"replies":[{"embeddable":true,"href":"https:\/\/keyshop.windowsandoffice.com\/de\/wp-json\/wp\/v2\/comments?post=5567"}],"version-history":[{"count":0,"href":"https:\/\/keyshop.windowsandoffice.com\/de\/wp-json\/wp\/v2\/pages\/5567\/revisions"}],"wp:attachment":[{"href":"https:\/\/keyshop.windowsandoffice.com\/de\/wp-json\/wp\/v2\/media?parent=5567"}],"curies":[{"name":"wp","href":"https:\/\/api.w.org\/{rel}","templated":true}]}}