{"id":5188,"date":"2021-02-12T21:57:50","date_gmt":"2021-02-12T17:57:50","guid":{"rendered":"https:\/\/keyshop.windowsandoffice.com\/?page_id=5188"},"modified":"2026-02-12T02:38:49","modified_gmt":"2026-02-12T01:38:49","slug":"returns-and-refunds","status":"publish","type":"page","link":"https:\/\/keyshop.windowsandoffice.com\/de\/returns-and-refunds\/","title":{"rendered":"Widerruf und R\u00fcckgabebedingungen"},"content":{"rendered":"<div data-elementor-type=\"wp-page\" data-elementor-id=\"5188\" class=\"elementor elementor-5188\">\n\t\t\t\t\t\t<section class=\"elementor-section elementor-top-section elementor-element elementor-element-4116cdd elementor-section-boxed elementor-section-height-default elementor-section-height-default\" data-id=\"4116cdd\" data-element_type=\"section\" data-e-type=\"section\">\n\t\t\t\t\t\t<div class=\"elementor-container elementor-column-gap-default\">\n\t\t\t\t\t<div class=\"elementor-column elementor-col-100 elementor-top-column elementor-element elementor-element-41a3389\" data-id=\"41a3389\" data-element_type=\"column\" data-e-type=\"column\">\n\t\t\t<div class=\"elementor-widget-wrap elementor-element-populated\">\n\t\t\t\t\t\t<div class=\"elementor-element elementor-element-130b437 elementor-widget elementor-widget-text-editor\" data-id=\"130b437\" data-element_type=\"widget\" data-e-type=\"widget\" data-widget_type=\"text-editor.default\">\n\t\t\t\t<div class=\"elementor-widget-container\">\n\t\t\t\t\t\t\t\t\t<ul style=\"pading-left: 20px;\"><li>Keine R\u00fcckgabegeb\u00fchren<\/li><li>Keine Versandkosten<\/li><li>30 Tage volle R\u00fcckerstattung<\/li><li>Lebenslange Ersatzgarantie<\/li><\/ul><p><strong>Widerrufssbedingungen<\/strong><\/p><p>Sie haben das Recht, diesen Vertrag ohne Angabe von Gr\u00fcnden innerhalb von 30 Tagen nach Erhalt der Ware zu k\u00fcndigen.<\/p><p>Um von Ihrem Widerrufsrecht Gebrauch zu machen, m\u00fcssen Sie uns Ihre Entscheidung, diesen Vertrag zu widerrufen, durch eine eindeutige Erkl\u00e4rung mitteilen (z. B. ein per Post, Fax oder E-Mail gesendeter Brief). Sie k\u00f6nnen hierf\u00fcr das beigef\u00fcgte Muster verwenden.<\/p><div style=\"border: dashed 1px gray; border-radius: 5px; background-color: #f5f5f5; padding: 5px; margin-bottom: 15px; margin-top: 15px;\"><p><strong>Inhaber:<\/strong> Andres Quintanilla<\/p><p><strong>Hauptsitz:<\/strong> W\u00fcrzburger Stra\u00dfe 46, 63739 Aschaffenburg<\/p><p><strong>Standort Deutschland:<\/strong> UGANDASTRA\u00dfE 13 ,13351 BERLIN DEUTSCHLAND<\/p><p><strong>Tel.:<\/strong> (+49) 03020008286<\/p><p><strong>E-Mail:<\/strong> <a href='mailto:keyshop@dl-winandoffice.com'>keyshop@dl-winandoffice.com<\/a><\/p><\/div><p><strong>Muster Widerrufsformular<\/strong><\/p><p>(Wenn Sie den Vertrag widerrufen wollen, dann f\u00fcllen Sie bitte dieses Formular aus und senden Sie es zur\u00fcck).<\/p><div style=\"border: dashed 1px gray; border-radius: 5px; background-color: #f5f5f5; padding: 5px; margin-bottom: 15px; margin-top: 15px;\"><p>Hiermit widerrufe(n) ich\/wir () den von mir\/uns () geschlossenen Vertrag \u00fcber den Kauf der folgenden Waren ()\/die Erbringung der folgenden Dienstleistung ():<\/p><ul style=\"padding-left: 20px;\"><li>Bestellt am () \/ erhalten am ()<\/li><li>Name des\/der Verbraucher(s)<\/li><li>Adresse des\/der Verbraucher(s)<\/li><li>Unterschrift des\/der Verbraucher(s) (nur wenn die Meldung auf Papier erfolgt)<\/li><li>Datum<\/li><\/ul><\/div><p><em>(*) Gegebenenfalls streichen.<\/em><\/p><p>Zur Wahrung der Widerrufsfrist reicht es aus, dass Sie die Mitteilung \u00fcber die Aus\u00fcbung des Widerrufsrechts vor Ablauf der Widerrufsfrist absenden.<\/p><h4><strong>Folgen des Widerrufs<\/strong><\/h4><p>Wenn Sie diesen Vertrag widerrufen, haben wir Ihnen alle Zahlungen, die wir von Ihnen erhalten haben, einschlie\u00dflich der Lieferkosten (mit Ausnahme der zus\u00e4tzlichen Kosten, die sich daraus ergeben, dass Sie eine andere Art der Lieferung als die von uns angebotene, g\u00fcnstigste Standardlieferung gew\u00e4hlt haben), unverz\u00fcglich zur\u00fcckzuzahlen. F\u00fcr diese R\u00fcckzahlung verwenden wir dasselbe Zahlungsmittel, das Sie bei der urspr\u00fcnglichen Transaktion eingesetzt haben, es sei denn, mit Ihnen wurde ausdr\u00fccklich etwas anderes vereinbart; in keinem Fall werden Ihnen wegen dieser R\u00fcckzahlung Entgelte berechnet.<\/p><h4><strong>Lebenslange Ersatzgarantie:<\/strong><\/h4><p>Wenn Sie die 30-t\u00e4gige R\u00fcckgabefrist nicht einhalten, bieten wir eine lebenslange Ersatzgarantie an. Diese Garantie deckt Herstellungs- oder Funktionsfehler ab. Wenn das Produkt w\u00e4hrend der Nutzung einen solchen Defekt aufweist, erhalten Sie einen kostenlosen Ersatz.<\/p><div style=\"border: dashed 1px gray; border-radius: 5px; background-color: #f5f5f5; padding: 5px; margin-bottom: 15px; margin-top: 15px;\"><p><strong>Inhaber:<\/strong> Andres Quintanilla<\/p><p><strong>Hauptsitz:<\/strong> W\u00fcrzburger Stra\u00dfe 46, 63739 Aschaffenburg<\/p><p><strong>Deutschland Standort:<\/strong> UGANDASTRA\u00dfE 13 ,13351 BERLIN DEUTSCHLAND<\/p><p><strong>Tel.:<\/strong> (+49) 03020008286<\/p><p><strong>E-Mail:<\/strong> <a href='mailto:keyshop@dl-winandoffice.com'>keyshop@dl-winandoffice.com<\/a><\/p><\/div>\t\t\t\t\t\t\t\t<\/div>\n\t\t\t\t<\/div>\n\t\t\t\t\t<\/div>\n\t\t<\/div>\n\t\t\t\t\t<\/div>\n\t\t<\/section>\n\t\t\t\t<\/div>","protected":false},"excerpt":{"rendered":"<p>Keine R\u00fccksendekosten Keine Versandkosten 30 Tage volle R\u00fcckerstattung Lebenslange Ersatzgarantie Widerrufsrecht Sie haben das Recht, die...<\/p>","protected":false},"author":1,"featured_media":0,"parent":0,"menu_order":0,"comment_status":"closed","ping_status":"closed","template":"","meta":{"_acf_changed":false,"footnotes":""},"class_list":["post-5188","page","type-page","status-publish","hentry"],"acf":[],"_links":{"self":[{"href":"https:\/\/keyshop.windowsandoffice.com\/de\/wp-json\/wp\/v2\/pages\/5188","targetHints":{"allow":["GET"]}}],"collection":[{"href":"https:\/\/keyshop.windowsandoffice.com\/de\/wp-json\/wp\/v2\/pages"}],"about":[{"href":"https:\/\/keyshop.windowsandoffice.com\/de\/wp-json\/wp\/v2\/types\/page"}],"author":[{"embeddable":true,"href":"https:\/\/keyshop.windowsandoffice.com\/de\/wp-json\/wp\/v2\/users\/1"}],"replies":[{"embeddable":true,"href":"https:\/\/keyshop.windowsandoffice.com\/de\/wp-json\/wp\/v2\/comments?post=5188"}],"version-history":[{"count":0,"href":"https:\/\/keyshop.windowsandoffice.com\/de\/wp-json\/wp\/v2\/pages\/5188\/revisions"}],"wp:attachment":[{"href":"https:\/\/keyshop.windowsandoffice.com\/de\/wp-json\/wp\/v2\/media?parent=5188"}],"curies":[{"name":"wp","href":"https:\/\/api.w.org\/{rel}","templated":true}]}}