{"id":5178,"date":"2021-02-12T21:55:40","date_gmt":"2021-02-12T17:55:40","guid":{"rendered":"https:\/\/keyshop.windowsandoffice.com\/?page_id=5178"},"modified":"2026-02-12T02:40:10","modified_gmt":"2026-02-12T01:40:10","slug":"payment-and-delivery","status":"publish","type":"page","link":"https:\/\/keyshop.windowsandoffice.com\/de\/payment-and-delivery\/","title":{"rendered":"Zahlung und Versand"},"content":{"rendered":"<div data-elementor-type=\"wp-page\" data-elementor-id=\"5178\" class=\"elementor elementor-5178\">\n\t\t\t\t\t\t<section class=\"elementor-section elementor-top-section elementor-element elementor-element-e1c0b93 elementor-section-boxed elementor-section-height-default elementor-section-height-default\" data-id=\"e1c0b93\" data-element_type=\"section\" data-e-type=\"section\">\n\t\t\t\t\t\t<div class=\"elementor-container elementor-column-gap-default\">\n\t\t\t\t\t<div class=\"elementor-column elementor-col-100 elementor-top-column elementor-element elementor-element-c993a39\" data-id=\"c993a39\" data-element_type=\"column\" data-e-type=\"column\">\n\t\t\t<div class=\"elementor-widget-wrap elementor-element-populated\">\n\t\t\t\t\t\t<div class=\"elementor-element elementor-element-486d14e elementor-widget elementor-widget-text-editor\" data-id=\"486d14e\" data-element_type=\"widget\" data-e-type=\"widget\" data-widget_type=\"text-editor.default\">\n\t\t\t\t<div class=\"elementor-widget-container\">\n\t\t\t\t\t\t\t\t\t<div class=\"entry-content\"><h2>Versand<\/h2><p>Die Lieferung unserer Produkte erfolgt per E-Mail. Sobald wir den Eingang Ihrer Zahlung best\u00e4tigt haben, erhalten Sie eine E-Mail mit allen Informationen, die Sie zum Herunterladen, Installieren und Aktivieren ben\u00f6tigen.<\/p><p>Um den Versand der Produkte zu gew\u00e4hrleisten, m\u00fcssen Sie darauf achten, dass Sie bei der Bestellung Ihre E-Mail-Adresse korrekt angeben!<\/p><p>F\u00fcr die Lieferung per E-Mail fallen keine Versandkosten an.<\/p><p>\u00a0<\/p><h2>Zahlungsmodalit\u00e4ten und -bedingungen<\/h2><p>Wir bieten Ihnen mehrere Zahlungsm\u00f6glichkeiten \u00fcber unsere vertrauensw\u00fcrdigen Partner an. Die Ihnen zur Verf\u00fcgung stehenden Optionen h\u00e4ngen von Ihrem Rechnungsland ab und werden angezeigt, sobald Sie Ihre Adresse auf der Kassenseite eingeben. Verf\u00fcgbare Optionen sind unter anderem: <b>Apple Pay, Google Pay, Amazon Pay, Kredit-\/Debitkarten, Klarna.<\/b><\/p><p><b>\u00a0<\/b><\/p><p><b><\/b>Sobald Ihre Zahlung best\u00e4tigt ist, wird die Bestellung sofort versandt.<\/p><\/div>\t\t\t\t\t\t\t\t<\/div>\n\t\t\t\t<\/div>\n\t\t\t\t\t<\/div>\n\t\t<\/div>\n\t\t\t\t\t<\/div>\n\t\t<\/section>\n\t\t\t\t<\/div>","protected":false},"excerpt":{"rendered":"<p>Versand Die Lieferung unserer Produkte erfolgt per E-Mail. Sobald wir den Eingang Ihrer Zahlung best\u00e4tigt haben, erhalten Sie die...<\/p>","protected":false},"author":1,"featured_media":0,"parent":0,"menu_order":0,"comment_status":"closed","ping_status":"closed","template":"","meta":{"_acf_changed":false,"footnotes":""},"class_list":["post-5178","page","type-page","status-publish","hentry"],"acf":[],"_links":{"self":[{"href":"https:\/\/keyshop.windowsandoffice.com\/de\/wp-json\/wp\/v2\/pages\/5178","targetHints":{"allow":["GET"]}}],"collection":[{"href":"https:\/\/keyshop.windowsandoffice.com\/de\/wp-json\/wp\/v2\/pages"}],"about":[{"href":"https:\/\/keyshop.windowsandoffice.com\/de\/wp-json\/wp\/v2\/types\/page"}],"author":[{"embeddable":true,"href":"https:\/\/keyshop.windowsandoffice.com\/de\/wp-json\/wp\/v2\/users\/1"}],"replies":[{"embeddable":true,"href":"https:\/\/keyshop.windowsandoffice.com\/de\/wp-json\/wp\/v2\/comments?post=5178"}],"version-history":[{"count":0,"href":"https:\/\/keyshop.windowsandoffice.com\/de\/wp-json\/wp\/v2\/pages\/5178\/revisions"}],"wp:attachment":[{"href":"https:\/\/keyshop.windowsandoffice.com\/de\/wp-json\/wp\/v2\/media?parent=5178"}],"curies":[{"name":"wp","href":"https:\/\/api.w.org\/{rel}","templated":true}]}}