{"id":5170,"date":"2021-02-12T21:52:15","date_gmt":"2021-02-12T17:52:15","guid":{"rendered":"https:\/\/keyshop.windowsandoffice.com\/?page_id=5170"},"modified":"2026-02-12T02:40:59","modified_gmt":"2026-02-12T01:40:59","slug":"warranty-policy","status":"publish","type":"page","link":"https:\/\/keyshop.windowsandoffice.com\/de\/warranty-policy\/","title":{"rendered":"Garantiebestimmungen"},"content":{"rendered":"<div data-elementor-type=\"wp-page\" data-elementor-id=\"5170\" class=\"elementor elementor-5170\">\n\t\t\t\t\t\t<section class=\"elementor-section elementor-top-section elementor-element elementor-element-3b023d8 elementor-section-boxed elementor-section-height-default elementor-section-height-default\" data-id=\"3b023d8\" data-element_type=\"section\" data-e-type=\"section\">\n\t\t\t\t\t\t<div class=\"elementor-container elementor-column-gap-default\">\n\t\t\t\t\t<div class=\"elementor-column elementor-col-100 elementor-top-column elementor-element elementor-element-cbbe4d3\" data-id=\"cbbe4d3\" data-element_type=\"column\" data-e-type=\"column\">\n\t\t\t<div class=\"elementor-widget-wrap elementor-element-populated\">\n\t\t\t\t\t\t<div class=\"elementor-element elementor-element-56156ef elementor-widget elementor-widget-text-editor\" data-id=\"56156ef\" data-element_type=\"widget\" data-e-type=\"widget\" data-widget_type=\"text-editor.default\">\n\t\t\t\t<div class=\"elementor-widget-container\">\n\t\t\t\t\t\t\t\t\t<section style=\"font-family: Arial, sans-serif; line-height: 1.6; max-width: 800px; margin: auto;\"><h2 style=\"color: #2c3e50;\">30-Tage-Geld-zur\u00fcck-Garantie &amp; lebenslange Ersatzgarantie<\/h2><p><strong>Windows &amp; Office<\/strong> bietet eine 30-t\u00e4gige Geld-zur\u00fcck-Garantie f\u00fcr alle gekauften Produkte. Wenn Sie mit Ihrem Kauf nicht zufrieden sind, k\u00f6nnen Sie ihn innerhalb von 30 Tagen gegen volle R\u00fcckerstattung zur\u00fcckgeben.<\/p><p>Nach dieser 30-t\u00e4gigen Frist bieten wir eine <strong>lebenslange Ersatzgarantie<\/strong> f\u00fcr alle fehlerhaften Produkte.<\/p><h3 style=\"color: #34495e;\">Gesetzliche Garantie<\/h3><p>Die gesetzliche Gew\u00e4hrleistungsfrist nach deutschem Recht betr\u00e4gt <strong>1 Jahr<\/strong> ab dem Kaufdatum f\u00fcr M\u00e4ngel, die durch fehlerhaftes Design, Material oder Verarbeitung verursacht wurden.<\/p><hr style=\"border: none; border-top: 1px dashed #bbb; margin: 30px 0;\" \/><h3 style=\"color: #34495e;\">Bedingungen f\u00fcr mangelhafte Produkte<\/h3><p>Im Falle von fehlerhaften Produkten wird <strong>Windows &amp; Office<\/strong> nach eigenem Ermessen den defekten Artikel kostenlos reparieren oder ersetzen, sofern die folgenden Bedingungen erf\u00fcllt sind:<\/p><ol style=\"padding-left: 20px;\"><li>Der K\u00e4ufer muss den Verk\u00e4ufer unverz\u00fcglich <strong>in schriftlicher Form<\/strong> \u00fcber den Mangel informieren.<\/li><li>Der Mangel muss auf Folgendes zur\u00fcckzuf\u00fchren sein: <strong>fehlerhafte Konstruktion, Materialien oder Verarbeitung<\/strong> durch den Hersteller oder Verk\u00e4ufer.<\/li><li class=\"translation-block\">Die mangelhaften Waren m\u00fcssen auf <strong>Anforderung des Verk\u00e4ufers<\/strong> zur\u00fcckgesendet werden<\/li><li class=\"translation-block\">Wurden die Waren von einem <strong>Drittanbieter<\/strong> hergestellt und an den Verk\u00e4ufer geliefert, wird jede dem Verk\u00e4ufer gew\u00e4hrte Garantie an den K\u00e4ufer \u00fcbertragen.<\/li><li class=\"translation-block\">Der Verk\u00e4ufer ist berechtigt, <strong>nach eigenem Ermessen<\/strong> den Kaufpreis der mangelhaften Waren zu erstatten, sofern dieser bereits bezahlt wurde.<\/li><\/ol><\/section>\t\t\t\t\t\t\t\t<\/div>\n\t\t\t\t<\/div>\n\t\t\t\t\t<\/div>\n\t\t<\/div>\n\t\t\t\t\t<\/div>\n\t\t<\/section>\n\t\t\t\t<\/div>","protected":false},"excerpt":{"rendered":"<p>30-Tage-Geld-zur\u00fcck-Garantie &amp; Lebenslange Ersatzgarantie bietet eine 30-Tage-Geld-zur\u00fcck-Garantie f\u00fcr alle gekauften Produkte. Wenn Sie nicht zufrieden sind...<\/p>","protected":false},"author":1,"featured_media":0,"parent":0,"menu_order":0,"comment_status":"closed","ping_status":"closed","template":"","meta":{"_acf_changed":false,"footnotes":""},"class_list":["post-5170","page","type-page","status-publish","hentry"],"acf":[],"_links":{"self":[{"href":"https:\/\/keyshop.windowsandoffice.com\/de\/wp-json\/wp\/v2\/pages\/5170","targetHints":{"allow":["GET"]}}],"collection":[{"href":"https:\/\/keyshop.windowsandoffice.com\/de\/wp-json\/wp\/v2\/pages"}],"about":[{"href":"https:\/\/keyshop.windowsandoffice.com\/de\/wp-json\/wp\/v2\/types\/page"}],"author":[{"embeddable":true,"href":"https:\/\/keyshop.windowsandoffice.com\/de\/wp-json\/wp\/v2\/users\/1"}],"replies":[{"embeddable":true,"href":"https:\/\/keyshop.windowsandoffice.com\/de\/wp-json\/wp\/v2\/comments?post=5170"}],"version-history":[{"count":0,"href":"https:\/\/keyshop.windowsandoffice.com\/de\/wp-json\/wp\/v2\/pages\/5170\/revisions"}],"wp:attachment":[{"href":"https:\/\/keyshop.windowsandoffice.com\/de\/wp-json\/wp\/v2\/media?parent=5170"}],"curies":[{"name":"wp","href":"https:\/\/api.w.org\/{rel}","templated":true}]}}